{"id":9307,"date":"2024-06-24T08:58:42","date_gmt":"2024-06-24T08:58:42","guid":{"rendered":"https:\/\/escrime-paysdaix.fr\/epaaix\/evenements\/mes-reservations\/"},"modified":"2025-07-04T07:29:49","modified_gmt":"2025-07-04T07:29:49","slug":"mes-reservations-escrime-pays-aix","status":"publish","type":"page","link":"https:\/\/escrime-paysdaix.fr\/epaaix\/evenements\/mes-reservations-escrime-pays-aix\/","title":{"rendered":"Mes r\u00e9servations"},"content":{"rendered":"\t\t<div data-elementor-type=\"wp-page\" data-elementor-id=\"9307\" class=\"elementor elementor-9307\" data-elementor-settings=\"[]\">\n\t\t\t\t\t\t<div class=\"elementor-inner\">\n\t\t\t\t\t\t\t<div class=\"elementor-section-wrap\">\n\t\t\t\t\t\t\t<section class=\"elementor-section elementor-top-section elementor-element elementor-element-c01113a elementor-section-boxed elementor-section-height-default elementor-section-height-default\" data-id=\"c01113a\" data-element_type=\"section\">\n\t\t\t\t\t\t<div class=\"elementor-container elementor-column-gap-default\">\n\t\t\t\t\t\t\t<div class=\"elementor-row\">\n\t\t\t\t\t<div class=\"elementor-column elementor-col-100 elementor-top-column elementor-element elementor-element-c9e6e1f\" data-id=\"c9e6e1f\" data-element_type=\"column\">\n\t\t\t<div class=\"elementor-column-wrap elementor-element-populated\">\n\t\t\t\t\t\t\t<div class=\"elementor-widget-wrap\">\n\t\t\t\t\t\t<div class=\"elementor-element elementor-element-cdb4bf9 elementor-widget elementor-widget-text-editor\" data-id=\"cdb4bf9\" data-element_type=\"widget\" data-widget_type=\"text-editor.default\">\n\t\t\t\t<div class=\"elementor-widget-container\">\n\t\t\t\t\t\t\t\t<div class=\"elementor-text-editor elementor-clearfix\">\n\t\t\t\t\t<h4><strong>Pour r\u00e9server une nouvelle comp\u00e9tition :<\/strong><\/h4>\n<div class=\"wp-block-getwid-section\">\n<div class=\"wp-block-getwid-section__wrapper\">\n<div class=\"wp-block-getwid-section__inner-wrapper\">\n<div class=\"wp-block-getwid-section__content\">\n<div class=\"wp-block-getwid-section__inner-content\">\n<p>Vous \u00eates adh\u00e9rent et comp\u00e9titeur, vous voulez confirmer votre participation \u00e0 une comp\u00e9tition.<\/p>\n<\/div>\n<\/div>\n<\/div>\n<\/div>\n<\/div>\t\t\t\t\t<\/div>\n\t\t\t\t\t\t<\/div>\n\t\t\t\t<\/div>\n\t\t\t\t\t\t<\/div>\n\t\t\t\t\t<\/div>\n\t\t<\/div>\n\t\t\t\t\t\t\t\t<\/div>\n\t\t\t\t\t<\/div>\n\t\t<\/section>\n\t\t\t\t<section class=\"elementor-section elementor-top-section elementor-element elementor-element-d7635b8 elementor-section-boxed elementor-section-height-default elementor-section-height-default\" data-id=\"d7635b8\" data-element_type=\"section\">\n\t\t\t\t\t\t<div class=\"elementor-container elementor-column-gap-default\">\n\t\t\t\t\t\t\t<div class=\"elementor-row\">\n\t\t\t\t\t<div class=\"elementor-column elementor-col-33 elementor-top-column elementor-element elementor-element-0046c72\" data-id=\"0046c72\" data-element_type=\"column\">\n\t\t\t<div class=\"elementor-column-wrap\">\n\t\t\t\t\t\t\t<div class=\"elementor-widget-wrap\">\n\t\t\t\t\t\t\t\t<\/div>\n\t\t\t\t\t<\/div>\n\t\t<\/div>\n\t\t\t\t<div class=\"elementor-column elementor-col-33 elementor-top-column elementor-element elementor-element-5f57cb1\" data-id=\"5f57cb1\" data-element_type=\"column\">\n\t\t\t<div class=\"elementor-column-wrap\">\n\t\t\t\t\t\t\t<div class=\"elementor-widget-wrap\">\n\t\t\t\t\t\t\t\t<\/div>\n\t\t\t\t\t<\/div>\n\t\t<\/div>\n\t\t\t\t<div class=\"elementor-column elementor-col-33 elementor-top-column elementor-element elementor-element-e33a7d7\" data-id=\"e33a7d7\" data-element_type=\"column\">\n\t\t\t<div class=\"elementor-column-wrap elementor-element-populated\">\n\t\t\t\t\t\t\t<div class=\"elementor-widget-wrap\">\n\t\t\t\t\t\t<div class=\"elementor-element elementor-element-0377344 elementor-button-warning elementor-widget elementor-widget-button\" data-id=\"0377344\" data-element_type=\"widget\" data-widget_type=\"button.default\">\n\t\t\t\t<div class=\"elementor-widget-container\">\n\t\t\t\t\t<div class=\"elementor-button-wrapper\">\n\t\t\t<a href=\"https:\/\/escrime-paysdaix.fr\/epaaix\/evenements\/categories\/\" class=\"elementor-button-link elementor-button elementor-size-sm\" role=\"button\">\n\t\t\t\t\t\t<span class=\"elementor-button-content-wrapper\">\n\t\t\t\t\t\t<span class=\"elementor-button-text\">Cliquez ici<\/span>\n\t\t<\/span>\n\t\t\t\t\t<\/a>\n\t\t<\/div>\n\t\t\t\t<\/div>\n\t\t\t\t<\/div>\n\t\t\t\t\t\t<\/div>\n\t\t\t\t\t<\/div>\n\t\t<\/div>\n\t\t\t\t\t\t\t\t<\/div>\n\t\t\t\t\t<\/div>\n\t\t<\/section>\n\t\t\t\t<section class=\"elementor-section elementor-top-section elementor-element elementor-element-87f32ad elementor-section-boxed elementor-section-height-default elementor-section-height-default\" data-id=\"87f32ad\" data-element_type=\"section\">\n\t\t\t\t\t\t<div class=\"elementor-container elementor-column-gap-default\">\n\t\t\t\t\t\t\t<div class=\"elementor-row\">\n\t\t\t\t\t<div class=\"elementor-column elementor-col-100 elementor-top-column elementor-element elementor-element-b736366\" data-id=\"b736366\" data-element_type=\"column\">\n\t\t\t<div class=\"elementor-column-wrap elementor-element-populated\">\n\t\t\t\t\t\t\t<div class=\"elementor-widget-wrap\">\n\t\t\t\t\t\t<div class=\"elementor-element elementor-element-5208a37 elementor-widget elementor-widget-text-editor\" data-id=\"5208a37\" data-element_type=\"widget\" data-widget_type=\"text-editor.default\">\n\t\t\t\t<div class=\"elementor-widget-container\">\n\t\t\t\t\t\t\t\t<div class=\"elementor-text-editor elementor-clearfix\">\n\t\t\t\t\t<h4>Stages de l&#8217;EPA<\/h4>\n<p>Vous souhaitez vous inscrire \u00e0 une stage organis\u00e9 par l&#8217;EPA.<\/p>\t\t\t\t\t<\/div>\n\t\t\t\t\t\t<\/div>\n\t\t\t\t<\/div>\n\t\t\t\t\t\t<\/div>\n\t\t\t\t\t<\/div>\n\t\t<\/div>\n\t\t\t\t\t\t\t\t<\/div>\n\t\t\t\t\t<\/div>\n\t\t<\/section>\n\t\t\t\t<section class=\"elementor-section elementor-top-section elementor-element elementor-element-25fcd25 elementor-section-boxed elementor-section-height-default elementor-section-height-default\" data-id=\"25fcd25\" data-element_type=\"section\">\n\t\t\t\t\t\t<div class=\"elementor-container elementor-column-gap-default\">\n\t\t\t\t\t\t\t<div class=\"elementor-row\">\n\t\t\t\t\t<div class=\"elementor-column elementor-col-33 elementor-top-column elementor-element elementor-element-b56cb38\" data-id=\"b56cb38\" data-element_type=\"column\">\n\t\t\t<div class=\"elementor-column-wrap\">\n\t\t\t\t\t\t\t<div class=\"elementor-widget-wrap\">\n\t\t\t\t\t\t\t\t<\/div>\n\t\t\t\t\t<\/div>\n\t\t<\/div>\n\t\t\t\t<div class=\"elementor-column elementor-col-33 elementor-top-column elementor-element elementor-element-5e4ddf9\" data-id=\"5e4ddf9\" data-element_type=\"column\">\n\t\t\t<div class=\"elementor-column-wrap\">\n\t\t\t\t\t\t\t<div class=\"elementor-widget-wrap\">\n\t\t\t\t\t\t\t\t<\/div>\n\t\t\t\t\t<\/div>\n\t\t<\/div>\n\t\t\t\t<div class=\"elementor-column elementor-col-33 elementor-top-column elementor-element elementor-element-903c0af\" data-id=\"903c0af\" data-element_type=\"column\">\n\t\t\t<div class=\"elementor-column-wrap elementor-element-populated\">\n\t\t\t\t\t\t\t<div class=\"elementor-widget-wrap\">\n\t\t\t\t\t\t<div class=\"elementor-element elementor-element-b1c1d46 elementor-button-warning elementor-widget elementor-widget-button\" data-id=\"b1c1d46\" data-element_type=\"widget\" data-widget_type=\"button.default\">\n\t\t\t\t<div class=\"elementor-widget-container\">\n\t\t\t\t\t<div class=\"elementor-button-wrapper\">\n\t\t\t<a href=\"https:\/\/escrime-paysdaix.fr\/epaaix\/liste-des-stages\/\" class=\"elementor-button-link elementor-button elementor-size-sm\" role=\"button\">\n\t\t\t\t\t\t<span class=\"elementor-button-content-wrapper\">\n\t\t\t\t\t\t<span class=\"elementor-button-text\">Cliquez ici<\/span>\n\t\t<\/span>\n\t\t\t\t\t<\/a>\n\t\t<\/div>\n\t\t\t\t<\/div>\n\t\t\t\t<\/div>\n\t\t\t\t\t\t<\/div>\n\t\t\t\t\t<\/div>\n\t\t<\/div>\n\t\t\t\t\t\t\t\t<\/div>\n\t\t\t\t\t<\/div>\n\t\t<\/section>\n\t\t\t\t<section class=\"elementor-section elementor-top-section elementor-element elementor-element-75baafd6 elementor-section-boxed elementor-section-height-default elementor-section-height-default\" data-id=\"75baafd6\" data-element_type=\"section\">\n\t\t\t\t\t\t<div class=\"elementor-container elementor-column-gap-default\">\n\t\t\t\t\t\t\t<div class=\"elementor-row\">\n\t\t\t\t\t<div class=\"elementor-column elementor-col-100 elementor-top-column elementor-element elementor-element-2d7928eb\" data-id=\"2d7928eb\" data-element_type=\"column\">\n\t\t\t<div class=\"elementor-column-wrap elementor-element-populated\">\n\t\t\t\t\t\t\t<div class=\"elementor-widget-wrap\">\n\t\t\t\t\t\t<div class=\"elementor-element elementor-element-99a68cc elementor-widget elementor-widget-text-editor\" data-id=\"99a68cc\" data-element_type=\"widget\" data-widget_type=\"text-editor.default\">\n\t\t\t\t<div class=\"elementor-widget-container\">\n\t\t\t\t\t\t\t\t<div class=\"elementor-text-editor elementor-clearfix\">\n\t\t\t\t\t\t\t\t\t\t<\/div>\n\t\t\t\t\t\t<\/div>\n\t\t\t\t<\/div>\n\t\t\t\t<div class=\"elementor-element elementor-element-b8d4275 elementor-widget elementor-widget-text-editor\" data-id=\"b8d4275\" data-element_type=\"widget\" data-widget_type=\"text-editor.default\">\n\t\t\t\t<div class=\"elementor-widget-container\">\n\t\t\t\t\t\t\t\t<div class=\"elementor-text-editor elementor-clearfix\">\n\t\t\t\t\t\t\t\t\t\t<\/div>\n\t\t\t\t\t\t<\/div>\n\t\t\t\t<\/div>\n\t\t\t\t<div class=\"elementor-element elementor-element-6cab85a9 elementor-widget elementor-widget-text-editor\" data-id=\"6cab85a9\" data-element_type=\"widget\" data-widget_type=\"text-editor.default\">\n\t\t\t\t<div class=\"elementor-widget-container\">\n\t\t\t\t\t\t\t\t<div class=\"elementor-text-editor elementor-clearfix\">\n\t\t\t\t\t<div class=\"wp-block-getwid-section\">\n<div class=\"wp-block-getwid-section__wrapper\">\n<div class=\"wp-block-getwid-section__inner-wrapper\">\n<div class=\"wp-block-getwid-section__content\">\n<div class=\"wp-block-getwid-section__inner-content\">\n<h4>Planning 2025 \/ 2026<\/h4>\n<!-- \/wp:paragraph --><!-- wp:image {\"id\":9687,\"sizeSlug\":\"large\",\"linkDestination\":\"none\"} -->\n<figure class=\"wp-block-image size-large\"><img loading=\"lazy\" decoding=\"async\" class=\"alignnone wp-image-11438 size-full\" title=\"planning EPA escrime\" src=\"https:\/\/escrime-paysdaix.fr\/epaaix\/wp-content\/uploads\/2025\/07\/IMG-20250903-WA0015.jpg\" alt=\"inscription 2025 2026\" width=\"1220\" height=\"811\" \/><\/figure>\n<!-- \/wp:image --><\/div>\n<\/div>\n<\/div>\n<\/div>\n<\/div>\n<!-- \/wp:getwid\/section -->\t\t\t\t\t<\/div>\n\t\t\t\t\t\t<\/div>\n\t\t\t\t<\/div>\n\t\t\t\t\t\t<\/div>\n\t\t\t\t\t<\/div>\n\t\t<\/div>\n\t\t\t\t\t\t\t\t<\/div>\n\t\t\t\t\t<\/div>\n\t\t<\/section>\n\t\t\t\t<section class=\"elementor-section elementor-top-section elementor-element elementor-element-2c927ca elementor-section-boxed elementor-section-height-default elementor-section-height-default\" data-id=\"2c927ca\" data-element_type=\"section\">\n\t\t\t\t\t\t<div class=\"elementor-container elementor-column-gap-default\">\n\t\t\t\t\t\t\t<div class=\"elementor-row\">\n\t\t\t\t\t<div class=\"elementor-column elementor-col-100 elementor-top-column elementor-element elementor-element-e2d8c07\" data-id=\"e2d8c07\" data-element_type=\"column\">\n\t\t\t<div class=\"elementor-column-wrap elementor-element-populated\">\n\t\t\t\t\t\t\t<div class=\"elementor-widget-wrap\">\n\t\t\t\t\t\t<div class=\"elementor-element elementor-element-decd162 elementor-widget elementor-widget-text-editor\" data-id=\"decd162\" data-element_type=\"widget\" data-widget_type=\"text-editor.default\">\n\t\t\t\t<div class=\"elementor-widget-container\">\n\t\t\t\t\t\t\t\t<div class=\"elementor-text-editor elementor-clearfix\">\n\t\t\t\t\t<h4>Mes r\u00e9servations :\u00a0<\/h4>\n<p>CONTENTS<\/p>\t\t\t\t\t<\/div>\n\t\t\t\t\t\t<\/div>\n\t\t\t\t<\/div>\n\t\t\t\t\t\t<\/div>\n\t\t\t\t\t<\/div>\n\t\t<\/div>\n\t\t\t\t\t\t\t\t<\/div>\n\t\t\t\t\t<\/div>\n\t\t<\/section>\n\t\t\t\t\t\t<\/div>\n\t\t\t\t\t\t<\/div>\n\t\t\t\t\t<\/div>\n\t\t","protected":false},"excerpt":{"rendered":"<p>Pour r\u00e9server une nouvelle comp\u00e9tition : Vous \u00eates adh\u00e9rent et comp\u00e9titeur, vous voulez confirmer votre participation \u00e0 une comp\u00e9tition. Cliquez ici Stages de l&#8217;EPA Vous souhaitez vous inscrire \u00e0 une stage organis\u00e9 par l&#8217;EPA. Cliquez ici Planning 2025 \/ 2026 Mes r\u00e9servations :\u00a0 CONTENTS<\/p>\n","protected":false},"author":7,"featured_media":0,"parent":9303,"menu_order":0,"comment_status":"closed","ping_status":"closed","template":"template-parts\/actu-sidebar.php","meta":{"_eb_attr":"","footnotes":""},"class_list":["post-9307","page","type-page","status-publish","hentry"],"yoast_head":"<!-- This site is optimized with the Yoast SEO plugin v23.4 - https:\/\/yoast.com\/wordpress\/plugins\/seo\/ -->\n<title>Mes r\u00e9servations - Epa - Escrime Pays d Aix<\/title>\n<meta name=\"description\" content=\"Voir es r\u00e9servations de stages et mes inscriptions aux comp\u00e9titions des l&#039;escrime aix en provence, organisation\" \/>\n<meta name=\"robots\" content=\"index, follow, max-snippet:-1, max-image-preview:large, max-video-preview:-1\" \/>\n<link rel=\"canonical\" href=\"https:\/\/escrime-paysdaix.fr\/epaaix\/evenements\/mes-reservations-escrime-pays-aix\/\" \/>\n<meta property=\"og:locale\" content=\"fr_FR\" \/>\n<meta property=\"og:type\" content=\"article\" \/>\n<meta property=\"og:title\" content=\"Mes r\u00e9servations - Epa - Escrime Pays d Aix\" \/>\n<meta property=\"og:description\" content=\"Voir es r\u00e9servations de stages et mes inscriptions aux comp\u00e9titions des l&#039;escrime aix en provence, organisation\" \/>\n<meta property=\"og:url\" content=\"https:\/\/escrime-paysdaix.fr\/epaaix\/evenements\/mes-reservations-escrime-pays-aix\/\" \/>\n<meta property=\"og:site_name\" content=\"Epa - Escrime Pays d Aix\" \/>\n<meta property=\"article:publisher\" content=\"https:\/\/www.facebook.com\/EscrimePaysDAix\" \/>\n<meta property=\"article:modified_time\" content=\"2025-07-04T07:29:49+00:00\" \/>\n<meta property=\"og:image\" content=\"https:\/\/escrime-paysdaix.fr\/epaaix\/wp-content\/uploads\/2025\/07\/IMG-20250903-WA0015.jpg\" \/>\n<meta name=\"twitter:card\" content=\"summary_large_image\" \/>\n<meta name=\"twitter:site\" content=\"@Epa_Escrime\" \/>\n<meta name=\"twitter:label1\" content=\"Dur\u00e9e de lecture estim\u00e9e\" \/>\n\t<meta name=\"twitter:data1\" content=\"1 minute\" \/>\n<script type=\"application\/ld+json\" class=\"yoast-schema-graph\">{\"@context\":\"https:\/\/schema.org\",\"@graph\":[{\"@type\":\"WebPage\",\"@id\":\"https:\/\/escrime-paysdaix.fr\/epaaix\/evenements\/mes-reservations-escrime-pays-aix\/\",\"url\":\"https:\/\/escrime-paysdaix.fr\/epaaix\/evenements\/mes-reservations-escrime-pays-aix\/\",\"name\":\"Mes r\u00e9servations - Epa - Escrime Pays d Aix\",\"isPartOf\":{\"@id\":\"https:\/\/escrime-paysdaix.fr\/epaaix\/#website\"},\"primaryImageOfPage\":{\"@id\":\"https:\/\/escrime-paysdaix.fr\/epaaix\/evenements\/mes-reservations-escrime-pays-aix\/#primaryimage\"},\"image\":{\"@id\":\"https:\/\/escrime-paysdaix.fr\/epaaix\/evenements\/mes-reservations-escrime-pays-aix\/#primaryimage\"},\"thumbnailUrl\":\"https:\/\/escrime-paysdaix.fr\/epaaix\/wp-content\/uploads\/2025\/07\/IMG-20250903-WA0015.jpg\",\"datePublished\":\"2024-06-24T08:58:42+00:00\",\"dateModified\":\"2025-07-04T07:29:49+00:00\",\"description\":\"Voir es r\u00e9servations de stages et mes inscriptions aux comp\u00e9titions des l'escrime aix en provence, organisation\",\"breadcrumb\":{\"@id\":\"https:\/\/escrime-paysdaix.fr\/epaaix\/evenements\/mes-reservations-escrime-pays-aix\/#breadcrumb\"},\"inLanguage\":\"fr-FR\",\"potentialAction\":[{\"@type\":\"ReadAction\",\"target\":[\"https:\/\/escrime-paysdaix.fr\/epaaix\/evenements\/mes-reservations-escrime-pays-aix\/\"]}]},{\"@type\":\"ImageObject\",\"inLanguage\":\"fr-FR\",\"@id\":\"https:\/\/escrime-paysdaix.fr\/epaaix\/evenements\/mes-reservations-escrime-pays-aix\/#primaryimage\",\"url\":\"https:\/\/escrime-paysdaix.fr\/epaaix\/wp-content\/uploads\/2025\/07\/IMG-20250903-WA0015.jpg\",\"contentUrl\":\"https:\/\/escrime-paysdaix.fr\/epaaix\/wp-content\/uploads\/2025\/07\/IMG-20250903-WA0015.jpg\",\"width\":1526,\"height\":1014,\"caption\":\"inscrition 2025 2026\"},{\"@type\":\"BreadcrumbList\",\"@id\":\"https:\/\/escrime-paysdaix.fr\/epaaix\/evenements\/mes-reservations-escrime-pays-aix\/#breadcrumb\",\"itemListElement\":[{\"@type\":\"ListItem\",\"position\":1,\"name\":\"Accueil\",\"item\":\"https:\/\/escrime-paysdaix.fr\/epaaix\/\"},{\"@type\":\"ListItem\",\"position\":2,\"name\":\"Mes Comp\u00e9titions\",\"item\":\"https:\/\/escrime-paysdaix.fr\/epaaix\/evenements\/\"},{\"@type\":\"ListItem\",\"position\":3,\"name\":\"Mes r\u00e9servations\"}]},{\"@type\":\"WebSite\",\"@id\":\"https:\/\/escrime-paysdaix.fr\/epaaix\/#website\",\"url\":\"https:\/\/escrime-paysdaix.fr\/epaaix\/\",\"name\":\"Epa - Escrime Pays d Aix\",\"description\":\"Club d escrime \u00e0 Aix en Provence. Formation Loisir Comp\u00e9tition\",\"publisher\":{\"@id\":\"https:\/\/escrime-paysdaix.fr\/epaaix\/#organization\"},\"potentialAction\":[{\"@type\":\"SearchAction\",\"target\":{\"@type\":\"EntryPoint\",\"urlTemplate\":\"https:\/\/escrime-paysdaix.fr\/epaaix\/?s={search_term_string}\"},\"query-input\":{\"@type\":\"PropertyValueSpecification\",\"valueRequired\":true,\"valueName\":\"search_term_string\"}}],\"inLanguage\":\"fr-FR\"},{\"@type\":\"Organization\",\"@id\":\"https:\/\/escrime-paysdaix.fr\/epaaix\/#organization\",\"name\":\"Epa - Escrime Pays d Aix\",\"url\":\"https:\/\/escrime-paysdaix.fr\/epaaix\/\",\"logo\":{\"@type\":\"ImageObject\",\"inLanguage\":\"fr-FR\",\"@id\":\"https:\/\/escrime-paysdaix.fr\/epaaix\/#\/schema\/logo\/image\/\",\"url\":\"https:\/\/escrime-paysdaix.fr\/epaaix\/wp-content\/uploads\/2021\/03\/epa_logo.png\",\"contentUrl\":\"https:\/\/escrime-paysdaix.fr\/epaaix\/wp-content\/uploads\/2021\/03\/epa_logo.png\",\"width\":474,\"height\":596,\"caption\":\"Epa - Escrime Pays d Aix\"},\"image\":{\"@id\":\"https:\/\/escrime-paysdaix.fr\/epaaix\/#\/schema\/logo\/image\/\"},\"sameAs\":[\"https:\/\/www.facebook.com\/EscrimePaysDAix\",\"https:\/\/x.com\/Epa_Escrime\",\"https:\/\/www.instagram.com\/escrime_aix\",\"https:\/\/www.youtube.com\/channel\/UC0oH02jUultLPvDckstp_UQ\"]}]}<\/script>\n<!-- \/ Yoast SEO plugin. -->","yoast_head_json":{"title":"Mes r\u00e9servations - Epa - Escrime Pays d Aix","description":"Voir es r\u00e9servations de stages et mes inscriptions aux comp\u00e9titions des l'escrime aix en provence, organisation","robots":{"index":"index","follow":"follow","max-snippet":"max-snippet:-1","max-image-preview":"max-image-preview:large","max-video-preview":"max-video-preview:-1"},"canonical":"https:\/\/escrime-paysdaix.fr\/epaaix\/evenements\/mes-reservations-escrime-pays-aix\/","og_locale":"fr_FR","og_type":"article","og_title":"Mes r\u00e9servations - Epa - Escrime Pays d Aix","og_description":"Voir es r\u00e9servations de stages et mes inscriptions aux comp\u00e9titions des l'escrime aix en provence, organisation","og_url":"https:\/\/escrime-paysdaix.fr\/epaaix\/evenements\/mes-reservations-escrime-pays-aix\/","og_site_name":"Epa - Escrime Pays d Aix","article_publisher":"https:\/\/www.facebook.com\/EscrimePaysDAix","article_modified_time":"2025-07-04T07:29:49+00:00","og_image":[{"url":"https:\/\/escrime-paysdaix.fr\/epaaix\/wp-content\/uploads\/2025\/07\/IMG-20250903-WA0015.jpg"}],"twitter_card":"summary_large_image","twitter_site":"@Epa_Escrime","twitter_misc":{"Dur\u00e9e de lecture estim\u00e9e":"1 minute"},"schema":{"@context":"https:\/\/schema.org","@graph":[{"@type":"WebPage","@id":"https:\/\/escrime-paysdaix.fr\/epaaix\/evenements\/mes-reservations-escrime-pays-aix\/","url":"https:\/\/escrime-paysdaix.fr\/epaaix\/evenements\/mes-reservations-escrime-pays-aix\/","name":"Mes r\u00e9servations - Epa - Escrime Pays d Aix","isPartOf":{"@id":"https:\/\/escrime-paysdaix.fr\/epaaix\/#website"},"primaryImageOfPage":{"@id":"https:\/\/escrime-paysdaix.fr\/epaaix\/evenements\/mes-reservations-escrime-pays-aix\/#primaryimage"},"image":{"@id":"https:\/\/escrime-paysdaix.fr\/epaaix\/evenements\/mes-reservations-escrime-pays-aix\/#primaryimage"},"thumbnailUrl":"https:\/\/escrime-paysdaix.fr\/epaaix\/wp-content\/uploads\/2025\/07\/IMG-20250903-WA0015.jpg","datePublished":"2024-06-24T08:58:42+00:00","dateModified":"2025-07-04T07:29:49+00:00","description":"Voir es r\u00e9servations de stages et mes inscriptions aux comp\u00e9titions des l'escrime aix en provence, organisation","breadcrumb":{"@id":"https:\/\/escrime-paysdaix.fr\/epaaix\/evenements\/mes-reservations-escrime-pays-aix\/#breadcrumb"},"inLanguage":"fr-FR","potentialAction":[{"@type":"ReadAction","target":["https:\/\/escrime-paysdaix.fr\/epaaix\/evenements\/mes-reservations-escrime-pays-aix\/"]}]},{"@type":"ImageObject","inLanguage":"fr-FR","@id":"https:\/\/escrime-paysdaix.fr\/epaaix\/evenements\/mes-reservations-escrime-pays-aix\/#primaryimage","url":"https:\/\/escrime-paysdaix.fr\/epaaix\/wp-content\/uploads\/2025\/07\/IMG-20250903-WA0015.jpg","contentUrl":"https:\/\/escrime-paysdaix.fr\/epaaix\/wp-content\/uploads\/2025\/07\/IMG-20250903-WA0015.jpg","width":1526,"height":1014,"caption":"inscrition 2025 2026"},{"@type":"BreadcrumbList","@id":"https:\/\/escrime-paysdaix.fr\/epaaix\/evenements\/mes-reservations-escrime-pays-aix\/#breadcrumb","itemListElement":[{"@type":"ListItem","position":1,"name":"Accueil","item":"https:\/\/escrime-paysdaix.fr\/epaaix\/"},{"@type":"ListItem","position":2,"name":"Mes Comp\u00e9titions","item":"https:\/\/escrime-paysdaix.fr\/epaaix\/evenements\/"},{"@type":"ListItem","position":3,"name":"Mes r\u00e9servations"}]},{"@type":"WebSite","@id":"https:\/\/escrime-paysdaix.fr\/epaaix\/#website","url":"https:\/\/escrime-paysdaix.fr\/epaaix\/","name":"Epa - Escrime Pays d Aix","description":"Club d escrime \u00e0 Aix en Provence. Formation Loisir Comp\u00e9tition","publisher":{"@id":"https:\/\/escrime-paysdaix.fr\/epaaix\/#organization"},"potentialAction":[{"@type":"SearchAction","target":{"@type":"EntryPoint","urlTemplate":"https:\/\/escrime-paysdaix.fr\/epaaix\/?s={search_term_string}"},"query-input":{"@type":"PropertyValueSpecification","valueRequired":true,"valueName":"search_term_string"}}],"inLanguage":"fr-FR"},{"@type":"Organization","@id":"https:\/\/escrime-paysdaix.fr\/epaaix\/#organization","name":"Epa - Escrime Pays d Aix","url":"https:\/\/escrime-paysdaix.fr\/epaaix\/","logo":{"@type":"ImageObject","inLanguage":"fr-FR","@id":"https:\/\/escrime-paysdaix.fr\/epaaix\/#\/schema\/logo\/image\/","url":"https:\/\/escrime-paysdaix.fr\/epaaix\/wp-content\/uploads\/2021\/03\/epa_logo.png","contentUrl":"https:\/\/escrime-paysdaix.fr\/epaaix\/wp-content\/uploads\/2021\/03\/epa_logo.png","width":474,"height":596,"caption":"Epa - Escrime Pays d Aix"},"image":{"@id":"https:\/\/escrime-paysdaix.fr\/epaaix\/#\/schema\/logo\/image\/"},"sameAs":["https:\/\/www.facebook.com\/EscrimePaysDAix","https:\/\/x.com\/Epa_Escrime","https:\/\/www.instagram.com\/escrime_aix","https:\/\/www.youtube.com\/channel\/UC0oH02jUultLPvDckstp_UQ"]}]}},"jetpack_sharing_enabled":true,"_links":{"self":[{"href":"https:\/\/escrime-paysdaix.fr\/epaaix\/wp-json\/wp\/v2\/pages\/9307","targetHints":{"allow":["GET"]}}],"collection":[{"href":"https:\/\/escrime-paysdaix.fr\/epaaix\/wp-json\/wp\/v2\/pages"}],"about":[{"href":"https:\/\/escrime-paysdaix.fr\/epaaix\/wp-json\/wp\/v2\/types\/page"}],"author":[{"embeddable":true,"href":"https:\/\/escrime-paysdaix.fr\/epaaix\/wp-json\/wp\/v2\/users\/7"}],"replies":[{"embeddable":true,"href":"https:\/\/escrime-paysdaix.fr\/epaaix\/wp-json\/wp\/v2\/comments?post=9307"}],"version-history":[{"count":19,"href":"https:\/\/escrime-paysdaix.fr\/epaaix\/wp-json\/wp\/v2\/pages\/9307\/revisions"}],"predecessor-version":[{"id":11497,"href":"https:\/\/escrime-paysdaix.fr\/epaaix\/wp-json\/wp\/v2\/pages\/9307\/revisions\/11497"}],"up":[{"embeddable":true,"href":"https:\/\/escrime-paysdaix.fr\/epaaix\/wp-json\/wp\/v2\/pages\/9303"}],"wp:attachment":[{"href":"https:\/\/escrime-paysdaix.fr\/epaaix\/wp-json\/wp\/v2\/media?parent=9307"}],"curies":[{"name":"wp","href":"https:\/\/api.w.org\/{rel}","templated":true}]}}