{"id":8831,"date":"2024-05-21T22:01:59","date_gmt":"2024-05-21T22:01:59","guid":{"rendered":"https:\/\/escrime-paysdaix.fr\/epaaix\/?page_id=8831"},"modified":"2025-10-02T06:53:41","modified_gmt":"2025-10-02T06:53:41","slug":"elementor-8831","status":"publish","type":"page","link":"https:\/\/escrime-paysdaix.fr\/epaaix\/elementor-8831\/","title":{"rendered":"M\u00e9c\u00e9nat\/dons"},"content":{"rendered":"\t\t<div data-elementor-type=\"wp-page\" data-elementor-id=\"8831\" class=\"elementor elementor-8831\" data-elementor-settings=\"[]\">\n\t\t\t\t\t\t<div class=\"elementor-inner\">\n\t\t\t\t\t\t\t<div class=\"elementor-section-wrap\">\n\t\t\t\t\t\t\t<section class=\"elementor-section elementor-top-section elementor-element elementor-element-e84f94d elementor-section-boxed elementor-section-height-default elementor-section-height-default\" data-id=\"e84f94d\" data-element_type=\"section\">\n\t\t\t\t\t\t<div class=\"elementor-container elementor-column-gap-default\">\n\t\t\t\t\t\t\t<div class=\"elementor-row\">\n\t\t\t\t\t<div class=\"elementor-column elementor-col-100 elementor-top-column elementor-element elementor-element-02127e6\" data-id=\"02127e6\" data-element_type=\"column\">\n\t\t\t<div class=\"elementor-column-wrap elementor-element-populated\">\n\t\t\t\t\t\t\t<div class=\"elementor-widget-wrap\">\n\t\t\t\t\t\t<div class=\"elementor-element elementor-element-00c830a elementor-widget elementor-widget-heading\" data-id=\"00c830a\" data-element_type=\"widget\" data-widget_type=\"heading.default\">\n\t\t\t\t<div class=\"elementor-widget-container\">\n\t\t\t<h2 class=\"elementor-heading-title elementor-size-default\"><a href=\"https:\/\/www.helloasso.com\/associations\/escrime-pays-d-aix\/formulaires\/1\">NOUS AIDER-Plateforme HelloAsso<\/a><\/h2>\t\t<\/div>\n\t\t\t\t<\/div>\n\t\t\t\t<div class=\"elementor-element elementor-element-5a4d596 elementor-widget elementor-widget-text-editor\" data-id=\"5a4d596\" data-element_type=\"widget\" data-widget_type=\"text-editor.default\">\n\t\t\t\t<div class=\"elementor-widget-container\">\n\t\t\t\t\t\t\t\t<div class=\"elementor-text-editor elementor-clearfix\">\n\t\t\t\t\t<div class=\"wp-block-columns\">\n<p><!-- wp:column {\"width\":\"100%\"} --><\/p>\n<div class=\"wp-block-column\" style=\"flex-basis: 100%;\">\n<p><!-- wp:getwid\/section {\"skipLayout\":true,\"horizontalAlign\":\"flex-start\",\"paddingBottomValue\":\"14px\",\"paddingRightValue\":\"8px\",\"paddingBottom\":\"custom\",\"paddingRight\":\"custom\",\"marginRightValue\":\"61px\",\"marginRight\":\"custom\"} --><\/p>\n<div class=\"wp-block-getwid-section\">\n<div class=\"wp-block-getwid-section__wrapper getwid-justify-content-flex-start\" style=\"margin-right: 61px; padding-bottom: 14px; padding-right: 8px;\">\n<div class=\"wp-block-getwid-section__inner-wrapper\">\n<div class=\"wp-block-getwid-section__content\">\n<div class=\"wp-block-getwid-section__inner-content\">\n<p><!-- \/wp:paragraph --><!-- wp:paragraph --><img loading=\"lazy\" decoding=\"async\" class=\"wp-image-8826 alignright\" src=\"https:\/\/escrime-paysdaix.fr\/epaaix\/wp-content\/uploads\/2024\/05\/1010063-scaled-e1716328494254-683x1024.jpg\" alt=\"EPA Mecenat don\" width=\"350\" height=\"525\" srcset=\"https:\/\/escrime-paysdaix.fr\/epaaix\/wp-content\/uploads\/2024\/05\/1010063-scaled-e1716328494254-683x1024.jpg 683w, https:\/\/escrime-paysdaix.fr\/epaaix\/wp-content\/uploads\/2024\/05\/1010063-scaled-e1716328494254-200x300.jpg 200w, https:\/\/escrime-paysdaix.fr\/epaaix\/wp-content\/uploads\/2024\/05\/1010063-scaled-e1716328494254-768x1152.jpg 768w, https:\/\/escrime-paysdaix.fr\/epaaix\/wp-content\/uploads\/2024\/05\/1010063-scaled-e1716328494254-400x600.jpg 400w, https:\/\/escrime-paysdaix.fr\/epaaix\/wp-content\/uploads\/2024\/05\/1010063-scaled-e1716328494254-107x160.jpg 107w, https:\/\/escrime-paysdaix.fr\/epaaix\/wp-content\/uploads\/2024\/05\/1010063-scaled-e1716328494254.jpg 800w\" sizes=\"auto, (max-width: 350px) 100vw, 350px\" \/><\/p>\n<p>A l&#8217;EPA nous nous effor\u00e7ons de proposer\u00a0des tarifs abordables tout en offrant un encadrement et<\/p>\n<p>des services de qualit\u00e9 pour vos enfants. Avec la baisse chronique des subventions publiques, si<br \/>nous voulons maintenir un bon niveau de prestation et des cotisations raisonnables nous<\/p>\n<p>devons trouver des financements alternatifs. Le m\u00e9c\u00e9nat est la solution.<br \/>En quoi consiste le m\u00e9c\u00e9nat ?<br \/>C&#8217;est l&#8217;opportunit\u00e9 de faire des dons financiers pour soutenir notre club en \u00e9change d&#8217;avantages<br \/>fiscaux:<\/p>\n<p><strong>PARTICULIERS<\/strong><\/p>\n<p>\u2022 Une r\u00e9duction d&#8217;imp\u00f4ts de 66% du montant de votre don<\/p>\n<p><!-- \/wp:paragraph --><!-- wp:paragraph --><\/p>\n<p><!-- \/wp:paragraph --><!-- wp:paragraph --><\/p>\n<p><strong>ENTREPRISES<\/strong><\/p>\n<p><!-- \/wp:paragraph --><!-- wp:paragraph --><\/p>\n<p>Participer au financement du club et b\u00e9n\u00e9ficiez d&#8217;une R\u00c9DUCTION D&#8217;IMP\u00d4T<br \/>D\u00e9duction de 60% du montant des sommes vers\u00e9es sur le montant de vos imp\u00f4ts sur les soci\u00e9t\u00e9s<br \/>(limite 0,05\u2030 du chiffre d\u2019affaires)<\/p>\n<p>\u00a0<\/p>\n<p><a href=\"https:\/\/www.helloasso.com\/associations\/escrime-pays-d-aix\/formulaires\/1\">Devenez M\u00e9c\u00e8ne&gt;&gt;<\/a><\/p>\n<p><!-- \/wp:paragraph --><\/p>\n<\/div>\n<\/div>\n<\/div>\n<\/div>\n<\/div>\n<p><!-- \/wp:getwid\/section --><\/p>\n<\/div>\n<p><!-- \/wp:column --><\/p>\n<\/div>\n<p><!-- \/wp:columns --><!-- wp:image {\"align\":\"right\",\"id\":8826,\"sizeSlug\":\"large\",\"linkDestination\":\"none\"} --><!-- \/wp:image --><\/p>\t\t\t\t\t<\/div>\n\t\t\t\t\t\t<\/div>\n\t\t\t\t<\/div>\n\t\t\t\t\t\t<\/div>\n\t\t\t\t\t<\/div>\n\t\t<\/div>\n\t\t\t\t\t\t\t\t<\/div>\n\t\t\t\t\t<\/div>\n\t\t<\/section>\n\t\t\t\t\t\t<\/div>\n\t\t\t\t\t\t<\/div>\n\t\t\t\t\t<\/div>\n\t\t","protected":false},"excerpt":{"rendered":"<p>NOUS AIDER-Plateforme HelloAsso A l&#8217;EPA nous nous effor\u00e7ons de proposer\u00a0des tarifs abordables tout en offrant un encadrement et des services de qualit\u00e9 pour vos enfants. Avec la baisse chronique des subventions publiques, sinous voulons maintenir un bon niveau de prestation et des cotisations raisonnables nous devons trouver des financements alternatifs. Le m\u00e9c\u00e9nat est la solution.En [&hellip;]<\/p>\n","protected":false},"author":7,"featured_media":0,"parent":0,"menu_order":0,"comment_status":"closed","ping_status":"closed","template":"","meta":{"_eb_attr":"","footnotes":""},"class_list":["post-8831","page","type-page","status-publish","hentry"],"yoast_head":"<!-- This site is optimized with the Yoast SEO plugin v23.4 - https:\/\/yoast.com\/wordpress\/plugins\/seo\/ -->\n<title>M\u00e9c\u00e9nat\/dons - Epa - Escrime Pays d Aix<\/title>\n<meta name=\"robots\" content=\"index, follow, max-snippet:-1, max-image-preview:large, max-video-preview:-1\" \/>\n<link rel=\"canonical\" href=\"https:\/\/escrime-paysdaix.fr\/epaaix\/elementor-8831\/\" \/>\n<meta property=\"og:locale\" content=\"fr_FR\" \/>\n<meta property=\"og:type\" content=\"article\" \/>\n<meta property=\"og:title\" content=\"M\u00e9c\u00e9nat\/dons - Epa - Escrime Pays d Aix\" \/>\n<meta property=\"og:description\" content=\"NOUS AIDER-Plateforme HelloAsso A l&#8217;EPA nous nous effor\u00e7ons de proposer\u00a0des tarifs abordables tout en offrant un encadrement et des services de qualit\u00e9 pour vos enfants. Avec la baisse chronique des subventions publiques, sinous voulons maintenir un bon niveau de prestation et des cotisations raisonnables nous devons trouver des financements alternatifs. Le m\u00e9c\u00e9nat est la solution.En [&hellip;]\" \/>\n<meta property=\"og:url\" content=\"https:\/\/escrime-paysdaix.fr\/epaaix\/elementor-8831\/\" \/>\n<meta property=\"og:site_name\" content=\"Epa - Escrime Pays d Aix\" \/>\n<meta property=\"article:publisher\" content=\"https:\/\/www.facebook.com\/EscrimePaysDAix\" \/>\n<meta property=\"article:modified_time\" content=\"2025-10-02T06:53:41+00:00\" \/>\n<meta property=\"og:image\" content=\"https:\/\/escrime-paysdaix.fr\/epaaix\/wp-content\/uploads\/2024\/05\/1010063-scaled-e1716328494254-683x1024.jpg\" \/>\n<meta name=\"twitter:card\" content=\"summary_large_image\" \/>\n<meta name=\"twitter:site\" content=\"@Epa_Escrime\" \/>\n<meta name=\"twitter:label1\" content=\"Dur\u00e9e de lecture estim\u00e9e\" \/>\n\t<meta name=\"twitter:data1\" content=\"1 minute\" \/>\n<script type=\"application\/ld+json\" class=\"yoast-schema-graph\">{\"@context\":\"https:\/\/schema.org\",\"@graph\":[{\"@type\":\"WebPage\",\"@id\":\"https:\/\/escrime-paysdaix.fr\/epaaix\/elementor-8831\/\",\"url\":\"https:\/\/escrime-paysdaix.fr\/epaaix\/elementor-8831\/\",\"name\":\"M\u00e9c\u00e9nat\/dons - Epa - Escrime Pays d Aix\",\"isPartOf\":{\"@id\":\"https:\/\/escrime-paysdaix.fr\/epaaix\/#website\"},\"primaryImageOfPage\":{\"@id\":\"https:\/\/escrime-paysdaix.fr\/epaaix\/elementor-8831\/#primaryimage\"},\"image\":{\"@id\":\"https:\/\/escrime-paysdaix.fr\/epaaix\/elementor-8831\/#primaryimage\"},\"thumbnailUrl\":\"https:\/\/escrime-paysdaix.fr\/epaaix\/wp-content\/uploads\/2024\/05\/1010063-scaled-e1716328494254-683x1024.jpg\",\"datePublished\":\"2024-05-21T22:01:59+00:00\",\"dateModified\":\"2025-10-02T06:53:41+00:00\",\"breadcrumb\":{\"@id\":\"https:\/\/escrime-paysdaix.fr\/epaaix\/elementor-8831\/#breadcrumb\"},\"inLanguage\":\"fr-FR\",\"potentialAction\":[{\"@type\":\"ReadAction\",\"target\":[\"https:\/\/escrime-paysdaix.fr\/epaaix\/elementor-8831\/\"]}]},{\"@type\":\"ImageObject\",\"inLanguage\":\"fr-FR\",\"@id\":\"https:\/\/escrime-paysdaix.fr\/epaaix\/elementor-8831\/#primaryimage\",\"url\":\"https:\/\/escrime-paysdaix.fr\/epaaix\/wp-content\/uploads\/2024\/05\/1010063-scaled-e1716328494254.jpg\",\"contentUrl\":\"https:\/\/escrime-paysdaix.fr\/epaaix\/wp-content\/uploads\/2024\/05\/1010063-scaled-e1716328494254.jpg\",\"width\":800,\"height\":1200,\"caption\":\"EPA Mecenat don\"},{\"@type\":\"BreadcrumbList\",\"@id\":\"https:\/\/escrime-paysdaix.fr\/epaaix\/elementor-8831\/#breadcrumb\",\"itemListElement\":[{\"@type\":\"ListItem\",\"position\":1,\"name\":\"Accueil\",\"item\":\"https:\/\/escrime-paysdaix.fr\/epaaix\/\"},{\"@type\":\"ListItem\",\"position\":2,\"name\":\"M\u00e9c\u00e9nat\/dons\"}]},{\"@type\":\"WebSite\",\"@id\":\"https:\/\/escrime-paysdaix.fr\/epaaix\/#website\",\"url\":\"https:\/\/escrime-paysdaix.fr\/epaaix\/\",\"name\":\"Epa - Escrime Pays d Aix\",\"description\":\"Club d escrime \u00e0 Aix en Provence. Formation Loisir Comp\u00e9tition\",\"publisher\":{\"@id\":\"https:\/\/escrime-paysdaix.fr\/epaaix\/#organization\"},\"potentialAction\":[{\"@type\":\"SearchAction\",\"target\":{\"@type\":\"EntryPoint\",\"urlTemplate\":\"https:\/\/escrime-paysdaix.fr\/epaaix\/?s={search_term_string}\"},\"query-input\":{\"@type\":\"PropertyValueSpecification\",\"valueRequired\":true,\"valueName\":\"search_term_string\"}}],\"inLanguage\":\"fr-FR\"},{\"@type\":\"Organization\",\"@id\":\"https:\/\/escrime-paysdaix.fr\/epaaix\/#organization\",\"name\":\"Epa - Escrime Pays d Aix\",\"url\":\"https:\/\/escrime-paysdaix.fr\/epaaix\/\",\"logo\":{\"@type\":\"ImageObject\",\"inLanguage\":\"fr-FR\",\"@id\":\"https:\/\/escrime-paysdaix.fr\/epaaix\/#\/schema\/logo\/image\/\",\"url\":\"https:\/\/escrime-paysdaix.fr\/epaaix\/wp-content\/uploads\/2021\/03\/epa_logo.png\",\"contentUrl\":\"https:\/\/escrime-paysdaix.fr\/epaaix\/wp-content\/uploads\/2021\/03\/epa_logo.png\",\"width\":474,\"height\":596,\"caption\":\"Epa - Escrime Pays d Aix\"},\"image\":{\"@id\":\"https:\/\/escrime-paysdaix.fr\/epaaix\/#\/schema\/logo\/image\/\"},\"sameAs\":[\"https:\/\/www.facebook.com\/EscrimePaysDAix\",\"https:\/\/x.com\/Epa_Escrime\",\"https:\/\/www.instagram.com\/escrime_aix\",\"https:\/\/www.youtube.com\/channel\/UC0oH02jUultLPvDckstp_UQ\"]}]}<\/script>\n<!-- \/ Yoast SEO plugin. -->","yoast_head_json":{"title":"M\u00e9c\u00e9nat\/dons - Epa - Escrime Pays d Aix","robots":{"index":"index","follow":"follow","max-snippet":"max-snippet:-1","max-image-preview":"max-image-preview:large","max-video-preview":"max-video-preview:-1"},"canonical":"https:\/\/escrime-paysdaix.fr\/epaaix\/elementor-8831\/","og_locale":"fr_FR","og_type":"article","og_title":"M\u00e9c\u00e9nat\/dons - Epa - Escrime Pays d Aix","og_description":"NOUS AIDER-Plateforme HelloAsso A l&#8217;EPA nous nous effor\u00e7ons de proposer\u00a0des tarifs abordables tout en offrant un encadrement et des services de qualit\u00e9 pour vos enfants. Avec la baisse chronique des subventions publiques, sinous voulons maintenir un bon niveau de prestation et des cotisations raisonnables nous devons trouver des financements alternatifs. Le m\u00e9c\u00e9nat est la solution.En [&hellip;]","og_url":"https:\/\/escrime-paysdaix.fr\/epaaix\/elementor-8831\/","og_site_name":"Epa - Escrime Pays d Aix","article_publisher":"https:\/\/www.facebook.com\/EscrimePaysDAix","article_modified_time":"2025-10-02T06:53:41+00:00","og_image":[{"url":"https:\/\/escrime-paysdaix.fr\/epaaix\/wp-content\/uploads\/2024\/05\/1010063-scaled-e1716328494254-683x1024.jpg"}],"twitter_card":"summary_large_image","twitter_site":"@Epa_Escrime","twitter_misc":{"Dur\u00e9e de lecture estim\u00e9e":"1 minute"},"schema":{"@context":"https:\/\/schema.org","@graph":[{"@type":"WebPage","@id":"https:\/\/escrime-paysdaix.fr\/epaaix\/elementor-8831\/","url":"https:\/\/escrime-paysdaix.fr\/epaaix\/elementor-8831\/","name":"M\u00e9c\u00e9nat\/dons - Epa - Escrime Pays d Aix","isPartOf":{"@id":"https:\/\/escrime-paysdaix.fr\/epaaix\/#website"},"primaryImageOfPage":{"@id":"https:\/\/escrime-paysdaix.fr\/epaaix\/elementor-8831\/#primaryimage"},"image":{"@id":"https:\/\/escrime-paysdaix.fr\/epaaix\/elementor-8831\/#primaryimage"},"thumbnailUrl":"https:\/\/escrime-paysdaix.fr\/epaaix\/wp-content\/uploads\/2024\/05\/1010063-scaled-e1716328494254-683x1024.jpg","datePublished":"2024-05-21T22:01:59+00:00","dateModified":"2025-10-02T06:53:41+00:00","breadcrumb":{"@id":"https:\/\/escrime-paysdaix.fr\/epaaix\/elementor-8831\/#breadcrumb"},"inLanguage":"fr-FR","potentialAction":[{"@type":"ReadAction","target":["https:\/\/escrime-paysdaix.fr\/epaaix\/elementor-8831\/"]}]},{"@type":"ImageObject","inLanguage":"fr-FR","@id":"https:\/\/escrime-paysdaix.fr\/epaaix\/elementor-8831\/#primaryimage","url":"https:\/\/escrime-paysdaix.fr\/epaaix\/wp-content\/uploads\/2024\/05\/1010063-scaled-e1716328494254.jpg","contentUrl":"https:\/\/escrime-paysdaix.fr\/epaaix\/wp-content\/uploads\/2024\/05\/1010063-scaled-e1716328494254.jpg","width":800,"height":1200,"caption":"EPA Mecenat don"},{"@type":"BreadcrumbList","@id":"https:\/\/escrime-paysdaix.fr\/epaaix\/elementor-8831\/#breadcrumb","itemListElement":[{"@type":"ListItem","position":1,"name":"Accueil","item":"https:\/\/escrime-paysdaix.fr\/epaaix\/"},{"@type":"ListItem","position":2,"name":"M\u00e9c\u00e9nat\/dons"}]},{"@type":"WebSite","@id":"https:\/\/escrime-paysdaix.fr\/epaaix\/#website","url":"https:\/\/escrime-paysdaix.fr\/epaaix\/","name":"Epa - Escrime Pays d Aix","description":"Club d escrime \u00e0 Aix en Provence. Formation Loisir Comp\u00e9tition","publisher":{"@id":"https:\/\/escrime-paysdaix.fr\/epaaix\/#organization"},"potentialAction":[{"@type":"SearchAction","target":{"@type":"EntryPoint","urlTemplate":"https:\/\/escrime-paysdaix.fr\/epaaix\/?s={search_term_string}"},"query-input":{"@type":"PropertyValueSpecification","valueRequired":true,"valueName":"search_term_string"}}],"inLanguage":"fr-FR"},{"@type":"Organization","@id":"https:\/\/escrime-paysdaix.fr\/epaaix\/#organization","name":"Epa - Escrime Pays d Aix","url":"https:\/\/escrime-paysdaix.fr\/epaaix\/","logo":{"@type":"ImageObject","inLanguage":"fr-FR","@id":"https:\/\/escrime-paysdaix.fr\/epaaix\/#\/schema\/logo\/image\/","url":"https:\/\/escrime-paysdaix.fr\/epaaix\/wp-content\/uploads\/2021\/03\/epa_logo.png","contentUrl":"https:\/\/escrime-paysdaix.fr\/epaaix\/wp-content\/uploads\/2021\/03\/epa_logo.png","width":474,"height":596,"caption":"Epa - Escrime Pays d Aix"},"image":{"@id":"https:\/\/escrime-paysdaix.fr\/epaaix\/#\/schema\/logo\/image\/"},"sameAs":["https:\/\/www.facebook.com\/EscrimePaysDAix","https:\/\/x.com\/Epa_Escrime","https:\/\/www.instagram.com\/escrime_aix","https:\/\/www.youtube.com\/channel\/UC0oH02jUultLPvDckstp_UQ"]}]}},"jetpack_sharing_enabled":true,"_links":{"self":[{"href":"https:\/\/escrime-paysdaix.fr\/epaaix\/wp-json\/wp\/v2\/pages\/8831","targetHints":{"allow":["GET"]}}],"collection":[{"href":"https:\/\/escrime-paysdaix.fr\/epaaix\/wp-json\/wp\/v2\/pages"}],"about":[{"href":"https:\/\/escrime-paysdaix.fr\/epaaix\/wp-json\/wp\/v2\/types\/page"}],"author":[{"embeddable":true,"href":"https:\/\/escrime-paysdaix.fr\/epaaix\/wp-json\/wp\/v2\/users\/7"}],"replies":[{"embeddable":true,"href":"https:\/\/escrime-paysdaix.fr\/epaaix\/wp-json\/wp\/v2\/comments?post=8831"}],"version-history":[{"count":9,"href":"https:\/\/escrime-paysdaix.fr\/epaaix\/wp-json\/wp\/v2\/pages\/8831\/revisions"}],"predecessor-version":[{"id":11739,"href":"https:\/\/escrime-paysdaix.fr\/epaaix\/wp-json\/wp\/v2\/pages\/8831\/revisions\/11739"}],"wp:attachment":[{"href":"https:\/\/escrime-paysdaix.fr\/epaaix\/wp-json\/wp\/v2\/media?parent=8831"}],"curies":[{"name":"wp","href":"https:\/\/api.w.org\/{rel}","templated":true}]}}