{"id":8674,"date":"2024-05-16T08:03:33","date_gmt":"2024-05-16T08:03:33","guid":{"rendered":"https:\/\/escrime-paysdaix.fr\/epaaix\/?page_id=8674"},"modified":"2024-10-11T08:38:32","modified_gmt":"2024-10-11T08:38:32","slug":"le-challenge-licciardi-70-ans-dexcellence-en-escrime","status":"publish","type":"page","link":"https:\/\/escrime-paysdaix.fr\/epaaix\/le-challenge-licciardi-70-ans-dexcellence-en-escrime\/","title":{"rendered":"Le Challenge Licciardi : 70 ans d&#8217;excellence en escrime"},"content":{"rendered":"\t\t<div data-elementor-type=\"wp-page\" data-elementor-id=\"8674\" class=\"elementor elementor-8674\" data-elementor-settings=\"[]\">\n\t\t\t\t\t\t<div class=\"elementor-inner\">\n\t\t\t\t\t\t\t<div class=\"elementor-section-wrap\">\n\t\t\t\t\t\t\t<section class=\"elementor-section elementor-top-section elementor-element elementor-element-dfc036f elementor-section-boxed elementor-section-height-default elementor-section-height-default\" data-id=\"dfc036f\" data-element_type=\"section\">\n\t\t\t\t\t\t<div class=\"elementor-container elementor-column-gap-default\">\n\t\t\t\t\t\t\t<div class=\"elementor-row\">\n\t\t\t\t\t<div class=\"elementor-column elementor-col-100 elementor-top-column elementor-element elementor-element-584ac7e\" data-id=\"584ac7e\" data-element_type=\"column\">\n\t\t\t<div class=\"elementor-column-wrap elementor-element-populated\">\n\t\t\t\t\t\t\t<div class=\"elementor-widget-wrap\">\n\t\t\t\t\t\t<div class=\"elementor-element elementor-element-934df62 elementor-widget elementor-widget-text-editor\" data-id=\"934df62\" data-element_type=\"widget\" data-widget_type=\"text-editor.default\">\n\t\t\t\t<div class=\"elementor-widget-container\">\n\t\t\t\t\t\t\t\t<div class=\"elementor-text-editor elementor-clearfix\">\n\t\t\t\t\t<h1>Le Challenge Licciardi : 70 ans d&#8217;excellence en escrime<\/h1><h4>Origine du Challenge Licciardi<\/h4><p><img loading=\"lazy\" decoding=\"async\" class=\"wp-image-8490 alignleft\" title=\"Challenge Licciardi affiche\" src=\"https:\/\/escrime-paysdaix.fr\/epaaix\/wp-content\/uploads\/2024\/01\/Licciardi2024Mini-214x300.png\" alt=\"challenge Licciardi 2024\" width=\"143\" height=\"200\" srcset=\"https:\/\/escrime-paysdaix.fr\/epaaix\/wp-content\/uploads\/2024\/01\/Licciardi2024Mini-214x300.png 214w, https:\/\/escrime-paysdaix.fr\/epaaix\/wp-content\/uploads\/2024\/01\/Licciardi2024Mini-768x1075.png 768w, https:\/\/escrime-paysdaix.fr\/epaaix\/wp-content\/uploads\/2024\/01\/Licciardi2024Mini-731x1024.png 731w, https:\/\/escrime-paysdaix.fr\/epaaix\/wp-content\/uploads\/2024\/01\/Licciardi2024Mini.png 870w, https:\/\/escrime-paysdaix.fr\/epaaix\/wp-content\/uploads\/2024\/01\/Licciardi2024Mini-429x600.png 429w, https:\/\/escrime-paysdaix.fr\/epaaix\/wp-content\/uploads\/2024\/01\/Licciardi2024Mini-114x160.png 114w\" sizes=\"auto, (max-width: 143px) 100vw, 143px\" \/><\/p><p>Chaque ann\u00e9e, la ville d&#8217;Aix-en-Provence devient le th\u00e9\u00e2tre de l&#8217;\u00e9tape fran\u00e7aise du circuit mondial de fleuret junior, le Challenge Licciardi. Ce tournoi, l&#8217;un des plus anciens de France, a c\u00e9l\u00e9br\u00e9 en 2024 son 70\u00e8me anniversaire.<\/p><p>Nomm\u00e9 en l&#8217;honneur de Salvatore Licciardi, tireur \u00e9m\u00e9rite et ancien membre de l&#8217;\u00e9quipe nationale italienne de 1920, ce challenge a des racines profondes dans l&#8217;histoire de l&#8217;escrime. Salvatore, connu pour sa vaillance, a d\u00e9fendu la cause de Dreyfus lors d&#8217;un duel m\u00e9morable, alors qu\u2019il \u00e9tait correspondant \u00e0 Paris pour le <em>Corriere della Sera<\/em>. Suite \u00e0 son d\u00e9c\u00e8s en 1951, son fils Bernard Licciardi, lui aussi escrimeur et r\u00e9sidant \u00e0 Marseille, a initi\u00e9 un tournoi France-Italie au fleuret senior, posant ainsi les bases du premier Challenge Licciardi en 1952.<\/p><p>Apr\u00e8s la disparition de Bernard, ses enfants, Carole, Sandra et Bruno, ont pris la rel\u00e8ve pour honorer cette tradition familiale riche et continuer \u00e0 c\u00e9l\u00e9brer la m\u00e9moire de leur p\u00e8re et grand-p\u00e8re.<\/p>\t\t\t\t\t<\/div>\n\t\t\t\t\t\t<\/div>\n\t\t\t\t<\/div>\n\t\t\t\t\t\t<\/div>\n\t\t\t\t\t<\/div>\n\t\t<\/div>\n\t\t\t\t\t\t\t\t<\/div>\n\t\t\t\t\t<\/div>\n\t\t<\/section>\n\t\t\t\t<section class=\"elementor-section elementor-top-section elementor-element elementor-element-a01015f elementor-section-boxed elementor-section-height-default elementor-section-height-default\" data-id=\"a01015f\" data-element_type=\"section\">\n\t\t\t\t\t\t<div class=\"elementor-container elementor-column-gap-default\">\n\t\t\t\t\t\t\t<div class=\"elementor-row\">\n\t\t\t\t\t<div class=\"elementor-column elementor-col-100 elementor-top-column elementor-element elementor-element-948fc9a\" data-id=\"948fc9a\" data-element_type=\"column\">\n\t\t\t<div class=\"elementor-column-wrap elementor-element-populated\">\n\t\t\t\t\t\t\t<div class=\"elementor-widget-wrap\">\n\t\t\t\t\t\t<section class=\"elementor-section elementor-inner-section elementor-element elementor-element-1357944 elementor-section-boxed elementor-section-height-default elementor-section-height-default\" data-id=\"1357944\" data-element_type=\"section\">\n\t\t\t\t\t\t<div class=\"elementor-container elementor-column-gap-default\">\n\t\t\t\t\t\t\t<div class=\"elementor-row\">\n\t\t\t\t\t<div class=\"elementor-column elementor-col-50 elementor-inner-column elementor-element elementor-element-b0952a6\" data-id=\"b0952a6\" data-element_type=\"column\">\n\t\t\t<div class=\"elementor-column-wrap elementor-element-populated\">\n\t\t\t\t\t\t\t<div class=\"elementor-widget-wrap\">\n\t\t\t\t\t\t<div class=\"elementor-element elementor-element-fc96d5d elementor-widget elementor-widget-text-editor\" data-id=\"fc96d5d\" data-element_type=\"widget\" data-widget_type=\"text-editor.default\">\n\t\t\t\t<div class=\"elementor-widget-container\">\n\t\t\t\t\t\t\t\t<div class=\"elementor-text-editor elementor-clearfix\">\n\t\t\t\t\t<h3>\u00a0<\/h3><h3>Le challenge Licciardi aujourd&#8217;hui<\/h3><p>Consacr\u00e9 comp\u00e9tition internationale officielle, le Challenge Licciardi est devenu un rendez-vous incontournable pour l&#8217;\u00e9lite du fleuret junior. Il est jusqu&#8217;en 2024 l&#8217;\u00e9tape Fran\u00e7aise de la coupe du monde junior de fleuret.<\/p><p>Il attire plus de 200 comp\u00e9titeurs parmi les meilleurs de 30 nations diff\u00e9rentes, tous venus pour d\u00e9montrer leur talent et gagner des points pr\u00e9cieux au classement de la F\u00e9d\u00e9ration Internationale d&#8217;Escrime (FIE), avec en ligne de mire les prochaines \u00e9ch\u00e9ances olympiques.<\/p><p>Nouveaut\u00e9 en 2025 avec l&#8217;arriv\u00e9e du <a href=\"https:\/\/escrime-paysdaix.fr\/epaaix\/mini-licciardi-2025\/\">mini-Licciardi,<\/a> challenge international pour les U11 -U12-U13 et M15.<\/p>\t\t\t\t\t<\/div>\n\t\t\t\t\t\t<\/div>\n\t\t\t\t<\/div>\n\t\t\t\t\t\t<\/div>\n\t\t\t\t\t<\/div>\n\t\t<\/div>\n\t\t\t\t<div class=\"elementor-column elementor-col-50 elementor-inner-column elementor-element elementor-element-747d17a\" data-id=\"747d17a\" data-element_type=\"column\">\n\t\t\t<div class=\"elementor-column-wrap elementor-element-populated\">\n\t\t\t\t\t\t\t<div class=\"elementor-widget-wrap\">\n\t\t\t\t\t\t<div class=\"elementor-element elementor-element-67e51b4 elementor-aspect-ratio-169 elementor-widget elementor-widget-video\" data-id=\"67e51b4\" data-element_type=\"widget\" data-settings=\"{&quot;youtube_url&quot;:&quot;https:\\\/\\\/youtu.be\\\/cGhoTA5gryk&quot;,&quot;video_type&quot;:&quot;youtube&quot;,&quot;controls&quot;:&quot;yes&quot;,&quot;aspect_ratio&quot;:&quot;169&quot;}\" data-widget_type=\"video.default\">\n\t\t\t\t<div class=\"elementor-widget-container\">\n\t\t\t\t\t<div class=\"elementor-wrapper elementor-fit-aspect-ratio elementor-open-inline\">\n\t\t\t<div class=\"elementor-video\"><\/div>\t\t<\/div>\n\t\t\t\t<\/div>\n\t\t\t\t<\/div>\n\t\t\t\t\t\t<\/div>\n\t\t\t\t\t<\/div>\n\t\t<\/div>\n\t\t\t\t\t\t\t\t<\/div>\n\t\t\t\t\t<\/div>\n\t\t<\/section>\n\t\t\t\t\t\t<\/div>\n\t\t\t\t\t<\/div>\n\t\t<\/div>\n\t\t\t\t\t\t\t\t<\/div>\n\t\t\t\t\t<\/div>\n\t\t<\/section>\n\t\t\t\t<section class=\"elementor-section elementor-top-section elementor-element elementor-element-93a7ca1 elementor-section-boxed elementor-section-height-default elementor-section-height-default\" data-id=\"93a7ca1\" data-element_type=\"section\">\n\t\t\t\t\t\t<div class=\"elementor-container elementor-column-gap-default\">\n\t\t\t\t\t\t\t<div class=\"elementor-row\">\n\t\t\t\t\t<div class=\"elementor-column elementor-col-100 elementor-top-column elementor-element elementor-element-7834942\" data-id=\"7834942\" data-element_type=\"column\">\n\t\t\t<div class=\"elementor-column-wrap elementor-element-populated\">\n\t\t\t\t\t\t\t<div class=\"elementor-widget-wrap\">\n\t\t\t\t\t\t<div class=\"elementor-element elementor-element-f34d763 elementor-widget elementor-widget-text-editor\" data-id=\"f34d763\" data-element_type=\"widget\" data-widget_type=\"text-editor.default\">\n\t\t\t\t<div class=\"elementor-widget-container\">\n\t\t\t\t\t\t\t\t<div class=\"elementor-text-editor elementor-clearfix\">\n\t\t\t\t\t<h3>Palmar\u00e8s du Challenge Licciardi depuis 1983<\/h3><p><b>1983\u00a0<\/b>CERRIONI Stephano Iltalie\u00a0<b>1984\u00a0<\/b>STRAND Stig Su\u00e8de\u00a0<b>1985\u00a0<\/b>CHRISTEN Roman Allemagne<\/p><p><img loading=\"lazy\" decoding=\"async\" class=\"size-medium wp-image-3250 alignright\" src=\"https:\/\/escrime-paysdaix.fr\/epaaix\/wp-content\/uploads\/2021\/02\/licciardi_indiv_644-300x200.jpg\" alt=\"podium Licciardi\" width=\"300\" height=\"200\" srcset=\"https:\/\/escrime-paysdaix.fr\/epaaix\/wp-content\/uploads\/2021\/02\/licciardi_indiv_644-300x200.jpg 300w, https:\/\/escrime-paysdaix.fr\/epaaix\/wp-content\/uploads\/2021\/02\/licciardi_indiv_644-768x511.jpg 768w, https:\/\/escrime-paysdaix.fr\/epaaix\/wp-content\/uploads\/2021\/02\/licciardi_indiv_644-1024x682.jpg 1024w, https:\/\/escrime-paysdaix.fr\/epaaix\/wp-content\/uploads\/2021\/02\/licciardi_indiv_644-1536x1022.jpg 1536w, https:\/\/escrime-paysdaix.fr\/epaaix\/wp-content\/uploads\/2021\/02\/licciardi_indiv_644-2048x1363.jpg 2048w, https:\/\/escrime-paysdaix.fr\/epaaix\/wp-content\/uploads\/2021\/02\/licciardi_indiv_644-750x500.jpg 750w\" sizes=\"auto, (max-width: 300px) 100vw, 300px\" \/><\/p><p><b>1986\u00a0<\/b>ALGREEN Mato Su\u00e8de\u00a0<b>1987\u00a0<\/b>PUCCINI Alessandro Italie\u00a0<b>1988\u00a0<\/b>ENDRESS Thomas Allemagne<\/p><p><b>1989\u00a0<\/b>CROSTA Daniele Italie<\/p><p><b>1990\u00a0<\/b>RIEDL Karsten Allemagne\u00a0<b>1991\u00a0<\/b>GRANLER Oscar Su\u00e8de\u00a0<b>1992\u00a0<\/b>COMINOTTI Alessandro Italie\u00a0<b>1993\u00a0<\/b>ZENNARO Matteo Italie\u00a0<b>1994\u00a0<\/b>SANZO Salvatore Italie<\/p><p><b>1995\u00a0<\/b>BAYER Cliff Etats-Unis\u00a0<b>1996\u00a0<\/b>ROBIN Jean Yves France\u00a0<\/p><p><img loading=\"lazy\" decoding=\"async\" class=\"size-medium wp-image-3242 alignleft\" src=\"https:\/\/escrime-paysdaix.fr\/epaaix\/wp-content\/uploads\/2021\/03\/licciardi_indiv_285-300x200.jpg\" alt=\"Licciardi\" width=\"300\" height=\"200\" srcset=\"https:\/\/escrime-paysdaix.fr\/epaaix\/wp-content\/uploads\/2021\/03\/licciardi_indiv_285-300x200.jpg 300w, https:\/\/escrime-paysdaix.fr\/epaaix\/wp-content\/uploads\/2021\/03\/licciardi_indiv_285-768x512.jpg 768w, https:\/\/escrime-paysdaix.fr\/epaaix\/wp-content\/uploads\/2021\/03\/licciardi_indiv_285-1024x683.jpg 1024w, https:\/\/escrime-paysdaix.fr\/epaaix\/wp-content\/uploads\/2021\/03\/licciardi_indiv_285-1536x1024.jpg 1536w, https:\/\/escrime-paysdaix.fr\/epaaix\/wp-content\/uploads\/2021\/03\/licciardi_indiv_285-2048x1365.jpg 2048w, https:\/\/escrime-paysdaix.fr\/epaaix\/wp-content\/uploads\/2021\/03\/licciardi_indiv_285-750x500.jpg 750w\" sizes=\"auto, (max-width: 300px) 100vw, 300px\" \/><\/p><p><b>1997\u00a0<\/b>DEEV Andrei Russie\u00a0<b>1998\u00a0<\/b>KRUGER Johannes Allemagne\u00a0<b>1999\u00a0<\/b>JOPPICH Peter Allemagne\u00a0<b>2000\u00a0<\/b>WESSELS Andr\u00e9 Allemagne\u00a0<b>2001\u00a0<\/b>JOUBERT Terence France<\/p><p><b>2002\u00a0<\/b>KRUSE Richard Angleterre\u00a0<b>2003\u00a0<\/b>ZORC Boris Allemagne\u00a0<b>2004\u00a0<\/b>KLEINBRINK Benjamin Allemagne\u00a0<b>2005\u00a0<\/b>MINUTO Martino Italie<\/p><p><b>2006\u00a0<\/b>SARDA Thibault France\u00a0<b>2007\u00a0<\/b>ZHEREBCHENKO Dmitry Russie<\/p><p><b>2008\u00a0<\/b>AVOLA Giorgio Italie\u00a0<b>2009\u00a0<\/b>FITZGERALD Erin Angleterre<\/p><p><img loading=\"lazy\" decoding=\"async\" class=\"size-medium wp-image-8676 alignright\" src=\"https:\/\/escrime-paysdaix.fr\/epaaix\/wp-content\/uploads\/2024\/05\/EPA-jeux-olympiques-escrime-215x300.jpg\" alt=\"EPA-Jeux olympiques\" width=\"215\" height=\"300\" srcset=\"https:\/\/escrime-paysdaix.fr\/epaaix\/wp-content\/uploads\/2024\/05\/EPA-jeux-olympiques-escrime-215x300.jpg 215w, https:\/\/escrime-paysdaix.fr\/epaaix\/wp-content\/uploads\/2024\/05\/EPA-jeux-olympiques-escrime-768x1072.jpg 768w, https:\/\/escrime-paysdaix.fr\/epaaix\/wp-content\/uploads\/2024\/05\/EPA-jeux-olympiques-escrime-734x1024.jpg 734w, https:\/\/escrime-paysdaix.fr\/epaaix\/wp-content\/uploads\/2024\/05\/EPA-jeux-olympiques-escrime-1100x1536.jpg 1100w, https:\/\/escrime-paysdaix.fr\/epaaix\/wp-content\/uploads\/2024\/05\/EPA-jeux-olympiques-escrime-1467x2048.jpg 1467w, https:\/\/escrime-paysdaix.fr\/epaaix\/wp-content\/uploads\/2024\/05\/EPA-jeux-olympiques-escrime-430x600.jpg 430w, https:\/\/escrime-paysdaix.fr\/epaaix\/wp-content\/uploads\/2024\/05\/EPA-jeux-olympiques-escrime-115x160.jpg 115w, https:\/\/escrime-paysdaix.fr\/epaaix\/wp-content\/uploads\/2024\/05\/EPA-jeux-olympiques-escrime-scaled.jpg 1834w\" sizes=\"auto, (max-width: 215px) 100vw, 215px\" \/><b><\/b><\/p><p><b>2011\u00a0<\/b>GARROZZO Daniele Italie\u00a0<b>2012\u00a0<\/b>GUERRA Alessandro Italie\u00a0<b>2013\u00a0<\/b>CHASTANET Maximilien France\u00a0<b>2014\u00a0<\/b>DEL MACCHIA Michele Italie<\/p><p><b>2015\u00a0<\/b>INGARGIOLA Francesco Italie\u00a0<b>2016\u00a0<\/b>SUZUMURA Kenta Japon\u00a0<\/p><p><b>2017\u00a0<\/b>AKHMETOV Iskander Russie<\/p><p><b>2018\u00a0<\/b>EDIRI Alexandre France\u00a0<b>2019\u00a0<\/b>MARINI Tommasso Italie\u00a0<b>2020\u00a0<\/b>HAMSA Mohamed Egypte\u00a0<b>2022\u00a0<\/b>OSIPOV Dmitrii Russie\u00a0<b>2023\u00a0<\/b>WAEL Abdeljalil France\u00a0<b>2024\u00a0<\/b>EMMER Chase USA<\/p><p>\u00a0<\/p><p>\u00a0<\/p><h3>Sponsors et Partenaires<\/h3><p>Nous remercions nos sponsors et partenaires qui jouent un r\u00f4le crucial dans le succ\u00e8s et la p\u00e9rennit\u00e9 du Challenge Licciardi. Leur soutien permet non seulement de maintenir la qualit\u00e9 et l&#8217;ampleur de cet \u00e9v\u00e9nement mais aussi de le faire rayonner \u00e0 l&#8217;international<\/p><p><a href=\"https:\/\/fr.wikipedia.org\/w\/index.php?title=Challenge_Licciardi\">Page wikipedia du Challenge Licciardi<\/a><\/p>\t\t\t\t\t<\/div>\n\t\t\t\t\t\t<\/div>\n\t\t\t\t<\/div>\n\t\t\t\t\t\t<\/div>\n\t\t\t\t\t<\/div>\n\t\t<\/div>\n\t\t\t\t\t\t\t\t<\/div>\n\t\t\t\t\t<\/div>\n\t\t<\/section>\n\t\t\t\t\t\t<\/div>\n\t\t\t\t\t\t<\/div>\n\t\t\t\t\t<\/div>\n\t\t","protected":false},"excerpt":{"rendered":"<p>Le challenge Licciardi, un monument du patrimoine historique <\/p>\n","protected":false},"author":7,"featured_media":8902,"parent":0,"menu_order":0,"comment_status":"closed","ping_status":"closed","template":"","meta":{"_eb_attr":"","footnotes":""},"class_list":["post-8674","page","type-page","status-publish","has-post-thumbnail","hentry"],"yoast_head":"<!-- This site is optimized with the Yoast SEO plugin v23.4 - https:\/\/yoast.com\/wordpress\/plugins\/seo\/ -->\n<title>Le Challenge Licciardi : 70 ans d&#039;excellence en escrime - Epa - Escrime Pays d Aix<\/title>\n<meta name=\"robots\" content=\"index, follow, max-snippet:-1, max-image-preview:large, max-video-preview:-1\" \/>\n<link rel=\"canonical\" href=\"https:\/\/escrime-paysdaix.fr\/epaaix\/le-challenge-licciardi-70-ans-dexcellence-en-escrime\/\" \/>\n<meta property=\"og:locale\" content=\"fr_FR\" \/>\n<meta property=\"og:type\" content=\"article\" \/>\n<meta property=\"og:title\" content=\"Le Challenge Licciardi : 70 ans d&#039;excellence en escrime - Epa - Escrime Pays d Aix\" \/>\n<meta property=\"og:description\" content=\"Le challenge Licciardi, un monument du patrimoine historique\" \/>\n<meta property=\"og:url\" content=\"https:\/\/escrime-paysdaix.fr\/epaaix\/le-challenge-licciardi-70-ans-dexcellence-en-escrime\/\" \/>\n<meta property=\"og:site_name\" content=\"Epa - Escrime Pays d Aix\" \/>\n<meta property=\"article:publisher\" content=\"https:\/\/www.facebook.com\/EscrimePaysDAix\" \/>\n<meta property=\"article:modified_time\" content=\"2024-10-11T08:38:32+00:00\" \/>\n<meta property=\"og:image\" content=\"https:\/\/escrime-paysdaix.fr\/epaaix\/wp-content\/uploads\/2024\/05\/IMG-20240525-WA0026.jpg\" \/>\n\t<meta property=\"og:image:width\" content=\"1120\" \/>\n\t<meta property=\"og:image:height\" content=\"749\" \/>\n\t<meta property=\"og:image:type\" content=\"image\/jpeg\" \/>\n<meta name=\"twitter:card\" content=\"summary_large_image\" \/>\n<meta name=\"twitter:site\" content=\"@Epa_Escrime\" \/>\n<meta name=\"twitter:label1\" content=\"Dur\u00e9e de lecture estim\u00e9e\" \/>\n\t<meta name=\"twitter:data1\" content=\"4 minutes\" \/>\n<script type=\"application\/ld+json\" class=\"yoast-schema-graph\">{\"@context\":\"https:\/\/schema.org\",\"@graph\":[{\"@type\":\"WebPage\",\"@id\":\"https:\/\/escrime-paysdaix.fr\/epaaix\/le-challenge-licciardi-70-ans-dexcellence-en-escrime\/\",\"url\":\"https:\/\/escrime-paysdaix.fr\/epaaix\/le-challenge-licciardi-70-ans-dexcellence-en-escrime\/\",\"name\":\"Le Challenge Licciardi : 70 ans d'excellence en escrime - Epa - Escrime Pays d Aix\",\"isPartOf\":{\"@id\":\"https:\/\/escrime-paysdaix.fr\/epaaix\/#website\"},\"primaryImageOfPage\":{\"@id\":\"https:\/\/escrime-paysdaix.fr\/epaaix\/le-challenge-licciardi-70-ans-dexcellence-en-escrime\/#primaryimage\"},\"image\":{\"@id\":\"https:\/\/escrime-paysdaix.fr\/epaaix\/le-challenge-licciardi-70-ans-dexcellence-en-escrime\/#primaryimage\"},\"thumbnailUrl\":\"https:\/\/escrime-paysdaix.fr\/epaaix\/wp-content\/uploads\/2024\/05\/IMG-20240525-WA0026.jpg\",\"datePublished\":\"2024-05-16T08:03:33+00:00\",\"dateModified\":\"2024-10-11T08:38:32+00:00\",\"breadcrumb\":{\"@id\":\"https:\/\/escrime-paysdaix.fr\/epaaix\/le-challenge-licciardi-70-ans-dexcellence-en-escrime\/#breadcrumb\"},\"inLanguage\":\"fr-FR\",\"potentialAction\":[{\"@type\":\"ReadAction\",\"target\":[\"https:\/\/escrime-paysdaix.fr\/epaaix\/le-challenge-licciardi-70-ans-dexcellence-en-escrime\/\"]}]},{\"@type\":\"ImageObject\",\"inLanguage\":\"fr-FR\",\"@id\":\"https:\/\/escrime-paysdaix.fr\/epaaix\/le-challenge-licciardi-70-ans-dexcellence-en-escrime\/#primaryimage\",\"url\":\"https:\/\/escrime-paysdaix.fr\/epaaix\/wp-content\/uploads\/2024\/05\/IMG-20240525-WA0026.jpg\",\"contentUrl\":\"https:\/\/escrime-paysdaix.fr\/epaaix\/wp-content\/uploads\/2024\/05\/IMG-20240525-WA0026.jpg\",\"width\":1120,\"height\":749,\"caption\":\"Spichiger m 20\"},{\"@type\":\"BreadcrumbList\",\"@id\":\"https:\/\/escrime-paysdaix.fr\/epaaix\/le-challenge-licciardi-70-ans-dexcellence-en-escrime\/#breadcrumb\",\"itemListElement\":[{\"@type\":\"ListItem\",\"position\":1,\"name\":\"Accueil\",\"item\":\"https:\/\/escrime-paysdaix.fr\/epaaix\/\"},{\"@type\":\"ListItem\",\"position\":2,\"name\":\"Le Challenge Licciardi : 70 ans d&#8217;excellence en escrime\"}]},{\"@type\":\"WebSite\",\"@id\":\"https:\/\/escrime-paysdaix.fr\/epaaix\/#website\",\"url\":\"https:\/\/escrime-paysdaix.fr\/epaaix\/\",\"name\":\"Epa - Escrime Pays d Aix\",\"description\":\"Club d escrime \u00e0 Aix en Provence. Formation Loisir Comp\u00e9tition\",\"publisher\":{\"@id\":\"https:\/\/escrime-paysdaix.fr\/epaaix\/#organization\"},\"potentialAction\":[{\"@type\":\"SearchAction\",\"target\":{\"@type\":\"EntryPoint\",\"urlTemplate\":\"https:\/\/escrime-paysdaix.fr\/epaaix\/?s={search_term_string}\"},\"query-input\":{\"@type\":\"PropertyValueSpecification\",\"valueRequired\":true,\"valueName\":\"search_term_string\"}}],\"inLanguage\":\"fr-FR\"},{\"@type\":\"Organization\",\"@id\":\"https:\/\/escrime-paysdaix.fr\/epaaix\/#organization\",\"name\":\"Epa - Escrime Pays d Aix\",\"url\":\"https:\/\/escrime-paysdaix.fr\/epaaix\/\",\"logo\":{\"@type\":\"ImageObject\",\"inLanguage\":\"fr-FR\",\"@id\":\"https:\/\/escrime-paysdaix.fr\/epaaix\/#\/schema\/logo\/image\/\",\"url\":\"https:\/\/escrime-paysdaix.fr\/epaaix\/wp-content\/uploads\/2021\/03\/epa_logo.png\",\"contentUrl\":\"https:\/\/escrime-paysdaix.fr\/epaaix\/wp-content\/uploads\/2021\/03\/epa_logo.png\",\"width\":474,\"height\":596,\"caption\":\"Epa - Escrime Pays d Aix\"},\"image\":{\"@id\":\"https:\/\/escrime-paysdaix.fr\/epaaix\/#\/schema\/logo\/image\/\"},\"sameAs\":[\"https:\/\/www.facebook.com\/EscrimePaysDAix\",\"https:\/\/x.com\/Epa_Escrime\",\"https:\/\/www.instagram.com\/escrime_aix\",\"https:\/\/www.youtube.com\/channel\/UC0oH02jUultLPvDckstp_UQ\"]}]}<\/script>\n<!-- \/ Yoast SEO plugin. -->","yoast_head_json":{"title":"Le Challenge Licciardi : 70 ans d'excellence en escrime - Epa - Escrime Pays d Aix","robots":{"index":"index","follow":"follow","max-snippet":"max-snippet:-1","max-image-preview":"max-image-preview:large","max-video-preview":"max-video-preview:-1"},"canonical":"https:\/\/escrime-paysdaix.fr\/epaaix\/le-challenge-licciardi-70-ans-dexcellence-en-escrime\/","og_locale":"fr_FR","og_type":"article","og_title":"Le Challenge Licciardi : 70 ans d'excellence en escrime - Epa - Escrime Pays d Aix","og_description":"Le challenge Licciardi, un monument du patrimoine historique","og_url":"https:\/\/escrime-paysdaix.fr\/epaaix\/le-challenge-licciardi-70-ans-dexcellence-en-escrime\/","og_site_name":"Epa - Escrime Pays d Aix","article_publisher":"https:\/\/www.facebook.com\/EscrimePaysDAix","article_modified_time":"2024-10-11T08:38:32+00:00","og_image":[{"width":1120,"height":749,"url":"https:\/\/escrime-paysdaix.fr\/epaaix\/wp-content\/uploads\/2024\/05\/IMG-20240525-WA0026.jpg","type":"image\/jpeg"}],"twitter_card":"summary_large_image","twitter_site":"@Epa_Escrime","twitter_misc":{"Dur\u00e9e de lecture estim\u00e9e":"4 minutes"},"schema":{"@context":"https:\/\/schema.org","@graph":[{"@type":"WebPage","@id":"https:\/\/escrime-paysdaix.fr\/epaaix\/le-challenge-licciardi-70-ans-dexcellence-en-escrime\/","url":"https:\/\/escrime-paysdaix.fr\/epaaix\/le-challenge-licciardi-70-ans-dexcellence-en-escrime\/","name":"Le Challenge Licciardi : 70 ans d'excellence en escrime - Epa - Escrime Pays d Aix","isPartOf":{"@id":"https:\/\/escrime-paysdaix.fr\/epaaix\/#website"},"primaryImageOfPage":{"@id":"https:\/\/escrime-paysdaix.fr\/epaaix\/le-challenge-licciardi-70-ans-dexcellence-en-escrime\/#primaryimage"},"image":{"@id":"https:\/\/escrime-paysdaix.fr\/epaaix\/le-challenge-licciardi-70-ans-dexcellence-en-escrime\/#primaryimage"},"thumbnailUrl":"https:\/\/escrime-paysdaix.fr\/epaaix\/wp-content\/uploads\/2024\/05\/IMG-20240525-WA0026.jpg","datePublished":"2024-05-16T08:03:33+00:00","dateModified":"2024-10-11T08:38:32+00:00","breadcrumb":{"@id":"https:\/\/escrime-paysdaix.fr\/epaaix\/le-challenge-licciardi-70-ans-dexcellence-en-escrime\/#breadcrumb"},"inLanguage":"fr-FR","potentialAction":[{"@type":"ReadAction","target":["https:\/\/escrime-paysdaix.fr\/epaaix\/le-challenge-licciardi-70-ans-dexcellence-en-escrime\/"]}]},{"@type":"ImageObject","inLanguage":"fr-FR","@id":"https:\/\/escrime-paysdaix.fr\/epaaix\/le-challenge-licciardi-70-ans-dexcellence-en-escrime\/#primaryimage","url":"https:\/\/escrime-paysdaix.fr\/epaaix\/wp-content\/uploads\/2024\/05\/IMG-20240525-WA0026.jpg","contentUrl":"https:\/\/escrime-paysdaix.fr\/epaaix\/wp-content\/uploads\/2024\/05\/IMG-20240525-WA0026.jpg","width":1120,"height":749,"caption":"Spichiger m 20"},{"@type":"BreadcrumbList","@id":"https:\/\/escrime-paysdaix.fr\/epaaix\/le-challenge-licciardi-70-ans-dexcellence-en-escrime\/#breadcrumb","itemListElement":[{"@type":"ListItem","position":1,"name":"Accueil","item":"https:\/\/escrime-paysdaix.fr\/epaaix\/"},{"@type":"ListItem","position":2,"name":"Le Challenge Licciardi : 70 ans d&#8217;excellence en escrime"}]},{"@type":"WebSite","@id":"https:\/\/escrime-paysdaix.fr\/epaaix\/#website","url":"https:\/\/escrime-paysdaix.fr\/epaaix\/","name":"Epa - Escrime Pays d Aix","description":"Club d escrime \u00e0 Aix en Provence. Formation Loisir Comp\u00e9tition","publisher":{"@id":"https:\/\/escrime-paysdaix.fr\/epaaix\/#organization"},"potentialAction":[{"@type":"SearchAction","target":{"@type":"EntryPoint","urlTemplate":"https:\/\/escrime-paysdaix.fr\/epaaix\/?s={search_term_string}"},"query-input":{"@type":"PropertyValueSpecification","valueRequired":true,"valueName":"search_term_string"}}],"inLanguage":"fr-FR"},{"@type":"Organization","@id":"https:\/\/escrime-paysdaix.fr\/epaaix\/#organization","name":"Epa - Escrime Pays d Aix","url":"https:\/\/escrime-paysdaix.fr\/epaaix\/","logo":{"@type":"ImageObject","inLanguage":"fr-FR","@id":"https:\/\/escrime-paysdaix.fr\/epaaix\/#\/schema\/logo\/image\/","url":"https:\/\/escrime-paysdaix.fr\/epaaix\/wp-content\/uploads\/2021\/03\/epa_logo.png","contentUrl":"https:\/\/escrime-paysdaix.fr\/epaaix\/wp-content\/uploads\/2021\/03\/epa_logo.png","width":474,"height":596,"caption":"Epa - Escrime Pays d Aix"},"image":{"@id":"https:\/\/escrime-paysdaix.fr\/epaaix\/#\/schema\/logo\/image\/"},"sameAs":["https:\/\/www.facebook.com\/EscrimePaysDAix","https:\/\/x.com\/Epa_Escrime","https:\/\/www.instagram.com\/escrime_aix","https:\/\/www.youtube.com\/channel\/UC0oH02jUultLPvDckstp_UQ"]}]}},"jetpack_sharing_enabled":true,"_links":{"self":[{"href":"https:\/\/escrime-paysdaix.fr\/epaaix\/wp-json\/wp\/v2\/pages\/8674","targetHints":{"allow":["GET"]}}],"collection":[{"href":"https:\/\/escrime-paysdaix.fr\/epaaix\/wp-json\/wp\/v2\/pages"}],"about":[{"href":"https:\/\/escrime-paysdaix.fr\/epaaix\/wp-json\/wp\/v2\/types\/page"}],"author":[{"embeddable":true,"href":"https:\/\/escrime-paysdaix.fr\/epaaix\/wp-json\/wp\/v2\/users\/7"}],"replies":[{"embeddable":true,"href":"https:\/\/escrime-paysdaix.fr\/epaaix\/wp-json\/wp\/v2\/comments?post=8674"}],"version-history":[{"count":0,"href":"https:\/\/escrime-paysdaix.fr\/epaaix\/wp-json\/wp\/v2\/pages\/8674\/revisions"}],"wp:featuredmedia":[{"embeddable":true,"href":"https:\/\/escrime-paysdaix.fr\/epaaix\/wp-json\/wp\/v2\/media\/8902"}],"wp:attachment":[{"href":"https:\/\/escrime-paysdaix.fr\/epaaix\/wp-json\/wp\/v2\/media?parent=8674"}],"curies":[{"name":"wp","href":"https:\/\/api.w.org\/{rel}","templated":true}]}}