{"id":3566,"date":"2021-04-18T06:45:36","date_gmt":"2021-04-18T06:45:36","guid":{"rendered":"https:\/\/escrime-paysdaix.fr\/epaaix\/?page_id=3566"},"modified":"2025-07-03T16:06:28","modified_gmt":"2025-07-03T16:06:28","slug":"competition","status":"publish","type":"page","link":"https:\/\/escrime-paysdaix.fr\/epaaix\/competition\/","title":{"rendered":"Enfants"},"content":{"rendered":"\t\t<div data-elementor-type=\"wp-page\" data-elementor-id=\"3566\" class=\"elementor elementor-3566\" data-elementor-settings=\"[]\">\n\t\t\t\t\t\t<div class=\"elementor-inner\">\n\t\t\t\t\t\t\t<div class=\"elementor-section-wrap\">\n\t\t\t\t\t\t\t<section class=\"elementor-section elementor-top-section elementor-element elementor-element-ecdacc7 elementor-section-boxed elementor-section-height-default elementor-section-height-default\" data-id=\"ecdacc7\" data-element_type=\"section\">\n\t\t\t\t\t\t<div class=\"elementor-container elementor-column-gap-default\">\n\t\t\t\t\t\t\t<div class=\"elementor-row\">\n\t\t\t\t\t<div class=\"elementor-column elementor-col-100 elementor-top-column elementor-element elementor-element-38f7652\" data-id=\"38f7652\" data-element_type=\"column\">\n\t\t\t<div class=\"elementor-column-wrap elementor-element-populated\">\n\t\t\t\t\t\t\t<div class=\"elementor-widget-wrap\">\n\t\t\t\t\t\t<div class=\"elementor-element elementor-element-872fcca elementor-widget elementor-widget-heading\" data-id=\"872fcca\" data-element_type=\"widget\" data-widget_type=\"heading.default\">\n\t\t\t\t<div class=\"elementor-widget-container\">\n\t\t\t<h2 class=\"elementor-heading-title elementor-size-default\">ENFANTS<\/h2>\t\t<\/div>\n\t\t\t\t<\/div>\n\t\t\t\t\t\t<\/div>\n\t\t\t\t\t<\/div>\n\t\t<\/div>\n\t\t\t\t\t\t\t\t<\/div>\n\t\t\t\t\t<\/div>\n\t\t<\/section>\n\t\t\t\t<section class=\"elementor-section elementor-top-section elementor-element elementor-element-e42143f elementor-section-boxed elementor-section-height-default elementor-section-height-default\" data-id=\"e42143f\" data-element_type=\"section\">\n\t\t\t\t\t\t<div class=\"elementor-container elementor-column-gap-default\">\n\t\t\t\t\t\t\t<div class=\"elementor-row\">\n\t\t\t\t\t<div class=\"elementor-column elementor-col-100 elementor-top-column elementor-element elementor-element-376f531\" data-id=\"376f531\" data-element_type=\"column\">\n\t\t\t<div class=\"elementor-column-wrap elementor-element-populated\">\n\t\t\t\t\t\t\t<div class=\"elementor-widget-wrap\">\n\t\t\t\t\t\t<section class=\"elementor-section elementor-inner-section elementor-element elementor-element-07ca71a elementor-section-boxed elementor-section-height-default elementor-section-height-default\" data-id=\"07ca71a\" data-element_type=\"section\">\n\t\t\t\t\t\t<div class=\"elementor-container elementor-column-gap-default\">\n\t\t\t\t\t\t\t<div class=\"elementor-row\">\n\t\t\t\t\t<div class=\"elementor-column elementor-col-50 elementor-inner-column elementor-element elementor-element-080d6c7\" data-id=\"080d6c7\" data-element_type=\"column\">\n\t\t\t<div class=\"elementor-column-wrap elementor-element-populated\">\n\t\t\t\t\t\t\t<div class=\"elementor-widget-wrap\">\n\t\t\t\t\t\t<div class=\"elementor-element elementor-element-c2c8f43 elementor-widget elementor-widget-image\" data-id=\"c2c8f43\" data-element_type=\"widget\" data-widget_type=\"image.default\">\n\t\t\t\t<div class=\"elementor-widget-container\">\n\t\t\t\t\t\t\t\t<div class=\"elementor-image\">\n\t\t\t\t\t\t\t\t\t\t\t\t<img loading=\"lazy\" decoding=\"async\" width=\"300\" height=\"400\" src=\"https:\/\/escrime-paysdaix.fr\/epaaix\/wp-content\/uploads\/2023\/02\/CEP2023_024.jpg\" class=\"attachment-medium_large size-medium_large\" alt=\"competition club escrime EpA\" srcset=\"https:\/\/escrime-paysdaix.fr\/epaaix\/wp-content\/uploads\/2023\/02\/CEP2023_024.jpg 300w, https:\/\/escrime-paysdaix.fr\/epaaix\/wp-content\/uploads\/2023\/02\/CEP2023_024-225x300.jpg 225w, https:\/\/escrime-paysdaix.fr\/epaaix\/wp-content\/uploads\/2023\/02\/CEP2023_024-120x160.jpg 120w\" sizes=\"auto, (max-width: 300px) 100vw, 300px\" \/>\t\t\t\t\t\t\t\t\t\t\t\t\t\t<\/div>\n\t\t\t\t\t\t<\/div>\n\t\t\t\t<\/div>\n\t\t\t\t\t\t<\/div>\n\t\t\t\t\t<\/div>\n\t\t<\/div>\n\t\t\t\t<div class=\"elementor-column elementor-col-50 elementor-inner-column elementor-element elementor-element-d2d8e7b\" data-id=\"d2d8e7b\" data-element_type=\"column\">\n\t\t\t<div class=\"elementor-column-wrap elementor-element-populated\">\n\t\t\t\t\t\t\t<div class=\"elementor-widget-wrap\">\n\t\t\t\t\t\t<div class=\"elementor-element elementor-element-4e7546b elementor-widget elementor-widget-text-editor\" data-id=\"4e7546b\" data-element_type=\"widget\" data-widget_type=\"text-editor.default\">\n\t\t\t\t<div class=\"elementor-widget-container\">\n\t\t\t\t\t\t\t\t<div class=\"elementor-text-editor elementor-clearfix\">\n\t\t\t\t\t<h4 class=\"wp-block-heading ticss-3ac233d1\">Cours d\u00e9couverte\u00a0<\/h4><p>Nos cours D\u00e9couverte sont sp\u00e9cialement con\u00e7us pour les enfants de 6 \u00e0 12 ans. Voici pourquoi nos s\u00e9ances sont si populaires :<\/p><p><strong style=\"color: var( --e-global-color-text );\">Groupes adapt\u00e9s :<\/strong><\/p><ul><li style=\"list-style-type: none;\"><ul><li style=\"list-style-type: none;\"><ul><li><p>Des cours sp\u00e9cifiques sont disponibles pour les diff\u00e9rentes tranches d\u2019\u00e2ge<\/p><\/li><li><p>Cela permet d\u2019assurer un apprentissage adapt\u00e9 \u00e0 chaque enfant.<\/p><\/li><li><p><strong>Encadrement personnalis\u00e9 :\u00a0<\/strong>Plusieurs petits groupes s\u2019entra\u00eenent simultan\u00e9ment en fonction de leur niveau sous la supervision de nos ma\u00eetres d\u2019armes exp\u00e9riment\u00e9s,Chiara, Chimed et Nico, offrant une attention personnalis\u00e9e et une ambiance conviviale.<\/p><\/li><li><p><strong>Programme :<\/strong>Les enfants viennent\u00a0 1 fois par semaine pour d\u00e9couvrir l\u2019escrime les mercredis .<\/p><\/li><li><p>A partir de 9 ans jusqu&#8217;\u00e0 11 ans ils seront dans le groupe M11 M13-1 et pourront venir jusqu&#8217;\u00e0 3 fois par semaine<\/p><\/li><li><p><strong>Equipement\u00a0: <\/strong>Pour la premi\u00e8re ann\u00e9e d\u2019escrime l\u2019ensemble de l\u2019\u00e9quipement est pr\u00eat\u00e9 par le club, il n\u2019y a pas besoin d\u2019investir dans du mat\u00e9riel. A partir de la 2e ann\u00e9e, l&#8217;\u00e9quipement peut \u00eatre lou\u00e9 au d\u00e9but de l&#8217;ann\u00e9e.<\/p><\/li><\/ul><\/li><\/ul><\/li><\/ul><p>Rejoignez le Club de l\u2019Escrime Pays d\u2019Aix et laissez vos enfants d\u00e9couvrir les joies de l\u2019escrime dans un environnement stimulant et bienveillant !<\/p><p>Comp\u00e9tition : Dans le contexte d\u2019une premi\u00e8re ann\u00e9e d\u2019escrime, les comp\u00e9titions ne sont pas envisag\u00e9es. A partir de la 2e ann\u00e9es, les enfants peuvent commencer \u00e0 aller aux comp\u00e9titions d\u00e9partementales ou r\u00e9gionales, le samedi ou le dimanche. Elles sont planifi\u00e9es d\u00e8s le d\u00e9but de l\u2019ann\u00e9e pour permettre aux familles de s\u2019organiser. Il y en a environ 5 durant la saison. Bien \u00e9videmment, les enfants ne vont en comp\u00e9tition que s\u2019ils sont pr\u00eats.<\/p>\t\t\t\t\t<\/div>\n\t\t\t\t\t\t<\/div>\n\t\t\t\t<\/div>\n\t\t\t\t\t\t<\/div>\n\t\t\t\t\t<\/div>\n\t\t<\/div>\n\t\t\t\t\t\t\t\t<\/div>\n\t\t\t\t\t<\/div>\n\t\t<\/section>\n\t\t\t\t<div class=\"elementor-element elementor-element-fc3aa62 elementor-widget elementor-widget-image\" data-id=\"fc3aa62\" data-element_type=\"widget\" data-widget_type=\"image.default\">\n\t\t\t\t<div class=\"elementor-widget-container\">\n\t\t\t\t\t\t\t\t<div class=\"elementor-image\">\n\t\t\t\t\t\t\t\t\t\t\t\t\t<a href=\"https:\/\/escrime-paysdaix.fr\/epaaix\/wp-content\/uploads\/2025\/07\/IMG-20250903-WA0015.jpg\" data-elementor-open-lightbox=\"yes\" data-elementor-lightbox-title=\"IMG-20250903-WA0015\">\n\t\t\t\t\t\t\t<img loading=\"lazy\" decoding=\"async\" width=\"750\" height=\"498\" src=\"https:\/\/escrime-paysdaix.fr\/epaaix\/wp-content\/uploads\/2025\/07\/IMG-20250903-WA0015.jpg\" class=\"attachment-large size-large\" alt=\"inscrition 2025 2026\" \/>\t\t\t\t\t\t\t\t<\/a>\n\t\t\t\t\t\t\t\t\t\t\t\t\t\t<\/div>\n\t\t\t\t\t\t<\/div>\n\t\t\t\t<\/div>\n\t\t\t\t\t\t<\/div>\n\t\t\t\t\t<\/div>\n\t\t<\/div>\n\t\t\t\t\t\t\t\t<\/div>\n\t\t\t\t\t<\/div>\n\t\t<\/section>\n\t\t\t\t<section class=\"elementor-section elementor-top-section elementor-element elementor-element-484fcb2 elementor-section-boxed elementor-section-height-default elementor-section-height-default\" data-id=\"484fcb2\" data-element_type=\"section\">\n\t\t\t\t\t\t<div class=\"elementor-container elementor-column-gap-default\">\n\t\t\t\t\t\t\t<div class=\"elementor-row\">\n\t\t\t\t\t<div class=\"elementor-column elementor-col-50 elementor-top-column elementor-element elementor-element-be9ced0\" data-id=\"be9ced0\" data-element_type=\"column\">\n\t\t\t<div class=\"elementor-column-wrap elementor-element-populated\">\n\t\t\t\t\t\t\t<div class=\"elementor-widget-wrap\">\n\t\t\t\t\t\t<div class=\"elementor-element elementor-element-94f290c elementor-widget elementor-widget-text-editor\" data-id=\"94f290c\" data-element_type=\"widget\" data-widget_type=\"text-editor.default\">\n\t\t\t\t<div class=\"elementor-widget-container\">\n\t\t\t\t\t\t\t\t<div class=\"elementor-text-editor elementor-clearfix\">\n\t\t\t\t\t<h4>Cours perfectionnement :<\/h4><p>Nos cours perfectionnement s\u2019adressent aux enfants ayant plus de 10 ans. Ils sont con\u00e7us pour des amateurs de comp\u00e9titions ou tous tireurs voulant am\u00e9liorer leurs performances<\/p><p>Ces cours ont plusieurs atouts pour satisfaire des enfants tent\u00e9s par une exp\u00e9rience d\u2019escrime plus approfondie\u00a0:<\/p><p><strong>Des cours plus nombreux\u00a0:<\/strong> Les tireurs peuvent se retrouver au club 3 fois par semaine :<\/p><p><strong style=\"text-indent: -18pt; color: var( --e-global-color-text ); font-family: var( --e-global-typography-text-font-family ), Sans-serif;\"><span style=\"font-size: 10pt; font-family: Roboto;\">Programme :<\/span><\/strong><span style=\"text-indent: -18pt; color: var( --e-global-color-text ); font-weight: var( --e-global-typography-text-font-weight ); font-size: 10pt; font-family: Roboto;\">\u00a0Les enfants<br \/>viennent jusqu\u2019\u00e0 3 fois par semaine pour approfondir leur connaissance de<br \/>l\u2019escrime et s\u2019am\u00e9liorer au niveau technique et tactique. L\u2019opposition avec<br \/>d\u2019autres enfants du m\u00eame niveau permet une progression r\u00e9guli\u00e8re. Les premi\u00e8res<br \/>comp\u00e9titions cr\u00e9ent une \u00e9mulation au sein du groupe et leur permettent de<br \/>d\u00e9couvrir l\u2019esprit club.<\/span><\/p><p><strong style=\"text-indent: -18pt; color: var( --e-global-color-text ); font-family: var( --e-global-typography-text-font-family ), Sans-serif;\"><span style=\"font-size: 10pt; font-family: Roboto;\">Equipement\u00a0:<\/span><\/strong><span style=\"text-indent: -18pt; color: var( --e-global-color-text ); font-weight: var( --e-global-typography-text-font-weight ); font-size: 10pt; font-family: Roboto;\"> Les tenues peuvent<br \/>\u00eatre lou\u00e9es au d\u00e9but de l\u2019ann\u00e9e\u00a0<\/span><\/p><p><strong>Comp\u00e9tition :\u00a0<\/strong>Au niveau perfectionnement, les enfants participent \u00e0 environ 5 comp\u00e9titions d\u00e9partementales et r\u00e9gionales.\u00a0<\/p><p>Pour les enfants de 9 \u00e0 12 ans les plus engag\u00e9s, un entrainement plus pouss\u00e9 est pr\u00e9vu ( <a href=\"https:\/\/escrime-paysdaix.fr\/epaaix\/loisirs\/\">\u2192 voir la section &#8211; comp\u00e9tition \u00a0\u2190<\/a>)<\/p>\t\t\t\t\t<\/div>\n\t\t\t\t\t\t<\/div>\n\t\t\t\t<\/div>\n\t\t\t\t\t\t<\/div>\n\t\t\t\t\t<\/div>\n\t\t<\/div>\n\t\t\t\t<div class=\"elementor-column elementor-col-50 elementor-top-column elementor-element elementor-element-a5fe9aa\" data-id=\"a5fe9aa\" data-element_type=\"column\">\n\t\t\t<div class=\"elementor-column-wrap elementor-element-populated\">\n\t\t\t\t\t\t\t<div class=\"elementor-widget-wrap\">\n\t\t\t\t\t\t<div class=\"elementor-element elementor-element-0a6bc82 elementor-widget elementor-widget-image\" data-id=\"0a6bc82\" data-element_type=\"widget\" data-widget_type=\"image.default\">\n\t\t\t\t<div class=\"elementor-widget-container\">\n\t\t\t\t\t\t\t\t<div class=\"elementor-image\">\n\t\t\t\t\t\t\t\t\t\t\t\t<img loading=\"lazy\" decoding=\"async\" width=\"750\" height=\"1000\" src=\"https:\/\/escrime-paysdaix.fr\/epaaix\/wp-content\/uploads\/2022\/12\/CannesM13_008.jpeg\" class=\"attachment-large size-large\" alt=\"debutants epa escrime\" \/>\t\t\t\t\t\t\t\t\t\t\t\t\t\t<\/div>\n\t\t\t\t\t\t<\/div>\n\t\t\t\t<\/div>\n\t\t\t\t\t\t<\/div>\n\t\t\t\t\t<\/div>\n\t\t<\/div>\n\t\t\t\t\t\t\t\t<\/div>\n\t\t\t\t\t<\/div>\n\t\t<\/section>\n\t\t\t\t<section class=\"elementor-section elementor-top-section elementor-element elementor-element-6f9d819 elementor-section-boxed elementor-section-height-default elementor-section-height-default\" data-id=\"6f9d819\" data-element_type=\"section\">\n\t\t\t\t\t\t<div class=\"elementor-container elementor-column-gap-default\">\n\t\t\t\t\t\t\t<div class=\"elementor-row\">\n\t\t\t\t\t<div class=\"elementor-column elementor-col-100 elementor-top-column elementor-element elementor-element-874fcc0\" data-id=\"874fcc0\" data-element_type=\"column\">\n\t\t\t<div class=\"elementor-column-wrap\">\n\t\t\t\t\t\t\t<div class=\"elementor-widget-wrap\">\n\t\t\t\t\t\t\t\t<\/div>\n\t\t\t\t\t<\/div>\n\t\t<\/div>\n\t\t\t\t\t\t\t\t<\/div>\n\t\t\t\t\t<\/div>\n\t\t<\/section>\n\t\t\t\t\t\t<\/div>\n\t\t\t\t\t\t<\/div>\n\t\t\t\t\t<\/div>\n\t\t","protected":false},"excerpt":{"rendered":"<p>ENFANTS Cours d\u00e9couverte\u00a0 Nos cours D\u00e9couverte sont sp\u00e9cialement con\u00e7us pour les enfants de 6 \u00e0 12 ans. Voici pourquoi nos s\u00e9ances sont si populaires : Groupes adapt\u00e9s : Des cours sp\u00e9cifiques sont disponibles pour les diff\u00e9rentes tranches d\u2019\u00e2ge Cela permet d\u2019assurer un apprentissage adapt\u00e9 \u00e0 chaque enfant. Encadrement personnalis\u00e9 :\u00a0Plusieurs petits groupes s\u2019entra\u00eenent simultan\u00e9ment en [&hellip;]<\/p>\n","protected":false},"author":1,"featured_media":0,"parent":0,"menu_order":0,"comment_status":"closed","ping_status":"closed","template":"","meta":{"_eb_attr":"","footnotes":""},"class_list":["post-3566","page","type-page","status-publish","hentry"],"yoast_head":"<!-- This site is optimized with the Yoast SEO plugin v23.4 - https:\/\/yoast.com\/wordpress\/plugins\/seo\/ -->\n<title>Enfants - Epa - Escrime Pays d Aix<\/title>\n<meta name=\"robots\" content=\"index, follow, max-snippet:-1, max-image-preview:large, max-video-preview:-1\" \/>\n<link rel=\"canonical\" href=\"https:\/\/escrime-paysdaix.fr\/epaaix\/competition\/\" \/>\n<meta property=\"og:locale\" content=\"fr_FR\" \/>\n<meta property=\"og:type\" content=\"article\" \/>\n<meta property=\"og:title\" content=\"Enfants - Epa - Escrime Pays d Aix\" \/>\n<meta property=\"og:description\" content=\"ENFANTS Cours d\u00e9couverte\u00a0 Nos cours D\u00e9couverte sont sp\u00e9cialement con\u00e7us pour les enfants de 6 \u00e0 12 ans. Voici pourquoi nos s\u00e9ances sont si populaires : Groupes adapt\u00e9s : Des cours sp\u00e9cifiques sont disponibles pour les diff\u00e9rentes tranches d\u2019\u00e2ge Cela permet d\u2019assurer un apprentissage adapt\u00e9 \u00e0 chaque enfant. Encadrement personnalis\u00e9 :\u00a0Plusieurs petits groupes s\u2019entra\u00eenent simultan\u00e9ment en [&hellip;]\" \/>\n<meta property=\"og:url\" content=\"https:\/\/escrime-paysdaix.fr\/epaaix\/competition\/\" \/>\n<meta property=\"og:site_name\" content=\"Epa - Escrime Pays d Aix\" \/>\n<meta property=\"article:publisher\" content=\"https:\/\/www.facebook.com\/EscrimePaysDAix\" \/>\n<meta property=\"article:modified_time\" content=\"2025-07-03T16:06:28+00:00\" \/>\n<meta property=\"og:image\" content=\"https:\/\/escrime-paysdaix.fr\/epaaix\/wp-content\/uploads\/2023\/02\/CEP2023_024.jpg\" \/>\n<meta name=\"twitter:card\" content=\"summary_large_image\" \/>\n<meta name=\"twitter:site\" content=\"@Epa_Escrime\" \/>\n<meta name=\"twitter:label1\" content=\"Dur\u00e9e de lecture estim\u00e9e\" \/>\n\t<meta name=\"twitter:data1\" content=\"3 minutes\" \/>\n<script type=\"application\/ld+json\" class=\"yoast-schema-graph\">{\"@context\":\"https:\/\/schema.org\",\"@graph\":[{\"@type\":\"WebPage\",\"@id\":\"https:\/\/escrime-paysdaix.fr\/epaaix\/competition\/\",\"url\":\"https:\/\/escrime-paysdaix.fr\/epaaix\/competition\/\",\"name\":\"Enfants - Epa - Escrime Pays d Aix\",\"isPartOf\":{\"@id\":\"https:\/\/escrime-paysdaix.fr\/epaaix\/#website\"},\"primaryImageOfPage\":{\"@id\":\"https:\/\/escrime-paysdaix.fr\/epaaix\/competition\/#primaryimage\"},\"image\":{\"@id\":\"https:\/\/escrime-paysdaix.fr\/epaaix\/competition\/#primaryimage\"},\"thumbnailUrl\":\"https:\/\/escrime-paysdaix.fr\/epaaix\/wp-content\/uploads\/2023\/02\/CEP2023_024.jpg\",\"datePublished\":\"2021-04-18T06:45:36+00:00\",\"dateModified\":\"2025-07-03T16:06:28+00:00\",\"breadcrumb\":{\"@id\":\"https:\/\/escrime-paysdaix.fr\/epaaix\/competition\/#breadcrumb\"},\"inLanguage\":\"fr-FR\",\"potentialAction\":[{\"@type\":\"ReadAction\",\"target\":[\"https:\/\/escrime-paysdaix.fr\/epaaix\/competition\/\"]}]},{\"@type\":\"ImageObject\",\"inLanguage\":\"fr-FR\",\"@id\":\"https:\/\/escrime-paysdaix.fr\/epaaix\/competition\/#primaryimage\",\"url\":\"https:\/\/escrime-paysdaix.fr\/epaaix\/wp-content\/uploads\/2023\/02\/CEP2023_024.jpg\",\"contentUrl\":\"https:\/\/escrime-paysdaix.fr\/epaaix\/wp-content\/uploads\/2023\/02\/CEP2023_024.jpg\",\"width\":300,\"height\":400,\"caption\":\"aix competition\"},{\"@type\":\"BreadcrumbList\",\"@id\":\"https:\/\/escrime-paysdaix.fr\/epaaix\/competition\/#breadcrumb\",\"itemListElement\":[{\"@type\":\"ListItem\",\"position\":1,\"name\":\"Accueil\",\"item\":\"https:\/\/escrime-paysdaix.fr\/epaaix\/\"},{\"@type\":\"ListItem\",\"position\":2,\"name\":\"Enfants\"}]},{\"@type\":\"WebSite\",\"@id\":\"https:\/\/escrime-paysdaix.fr\/epaaix\/#website\",\"url\":\"https:\/\/escrime-paysdaix.fr\/epaaix\/\",\"name\":\"Epa - Escrime Pays d Aix\",\"description\":\"Club d escrime \u00e0 Aix en Provence. Formation Loisir Comp\u00e9tition\",\"publisher\":{\"@id\":\"https:\/\/escrime-paysdaix.fr\/epaaix\/#organization\"},\"potentialAction\":[{\"@type\":\"SearchAction\",\"target\":{\"@type\":\"EntryPoint\",\"urlTemplate\":\"https:\/\/escrime-paysdaix.fr\/epaaix\/?s={search_term_string}\"},\"query-input\":{\"@type\":\"PropertyValueSpecification\",\"valueRequired\":true,\"valueName\":\"search_term_string\"}}],\"inLanguage\":\"fr-FR\"},{\"@type\":\"Organization\",\"@id\":\"https:\/\/escrime-paysdaix.fr\/epaaix\/#organization\",\"name\":\"Epa - Escrime Pays d Aix\",\"url\":\"https:\/\/escrime-paysdaix.fr\/epaaix\/\",\"logo\":{\"@type\":\"ImageObject\",\"inLanguage\":\"fr-FR\",\"@id\":\"https:\/\/escrime-paysdaix.fr\/epaaix\/#\/schema\/logo\/image\/\",\"url\":\"https:\/\/escrime-paysdaix.fr\/epaaix\/wp-content\/uploads\/2021\/03\/epa_logo.png\",\"contentUrl\":\"https:\/\/escrime-paysdaix.fr\/epaaix\/wp-content\/uploads\/2021\/03\/epa_logo.png\",\"width\":474,\"height\":596,\"caption\":\"Epa - Escrime Pays d Aix\"},\"image\":{\"@id\":\"https:\/\/escrime-paysdaix.fr\/epaaix\/#\/schema\/logo\/image\/\"},\"sameAs\":[\"https:\/\/www.facebook.com\/EscrimePaysDAix\",\"https:\/\/x.com\/Epa_Escrime\",\"https:\/\/www.instagram.com\/escrime_aix\",\"https:\/\/www.youtube.com\/channel\/UC0oH02jUultLPvDckstp_UQ\"]}]}<\/script>\n<!-- \/ Yoast SEO plugin. -->","yoast_head_json":{"title":"Enfants - Epa - Escrime Pays d Aix","robots":{"index":"index","follow":"follow","max-snippet":"max-snippet:-1","max-image-preview":"max-image-preview:large","max-video-preview":"max-video-preview:-1"},"canonical":"https:\/\/escrime-paysdaix.fr\/epaaix\/competition\/","og_locale":"fr_FR","og_type":"article","og_title":"Enfants - Epa - Escrime Pays d Aix","og_description":"ENFANTS Cours d\u00e9couverte\u00a0 Nos cours D\u00e9couverte sont sp\u00e9cialement con\u00e7us pour les enfants de 6 \u00e0 12 ans. Voici pourquoi nos s\u00e9ances sont si populaires : Groupes adapt\u00e9s : Des cours sp\u00e9cifiques sont disponibles pour les diff\u00e9rentes tranches d\u2019\u00e2ge Cela permet d\u2019assurer un apprentissage adapt\u00e9 \u00e0 chaque enfant. Encadrement personnalis\u00e9 :\u00a0Plusieurs petits groupes s\u2019entra\u00eenent simultan\u00e9ment en [&hellip;]","og_url":"https:\/\/escrime-paysdaix.fr\/epaaix\/competition\/","og_site_name":"Epa - Escrime Pays d Aix","article_publisher":"https:\/\/www.facebook.com\/EscrimePaysDAix","article_modified_time":"2025-07-03T16:06:28+00:00","og_image":[{"url":"https:\/\/escrime-paysdaix.fr\/epaaix\/wp-content\/uploads\/2023\/02\/CEP2023_024.jpg"}],"twitter_card":"summary_large_image","twitter_site":"@Epa_Escrime","twitter_misc":{"Dur\u00e9e de lecture estim\u00e9e":"3 minutes"},"schema":{"@context":"https:\/\/schema.org","@graph":[{"@type":"WebPage","@id":"https:\/\/escrime-paysdaix.fr\/epaaix\/competition\/","url":"https:\/\/escrime-paysdaix.fr\/epaaix\/competition\/","name":"Enfants - Epa - Escrime Pays d Aix","isPartOf":{"@id":"https:\/\/escrime-paysdaix.fr\/epaaix\/#website"},"primaryImageOfPage":{"@id":"https:\/\/escrime-paysdaix.fr\/epaaix\/competition\/#primaryimage"},"image":{"@id":"https:\/\/escrime-paysdaix.fr\/epaaix\/competition\/#primaryimage"},"thumbnailUrl":"https:\/\/escrime-paysdaix.fr\/epaaix\/wp-content\/uploads\/2023\/02\/CEP2023_024.jpg","datePublished":"2021-04-18T06:45:36+00:00","dateModified":"2025-07-03T16:06:28+00:00","breadcrumb":{"@id":"https:\/\/escrime-paysdaix.fr\/epaaix\/competition\/#breadcrumb"},"inLanguage":"fr-FR","potentialAction":[{"@type":"ReadAction","target":["https:\/\/escrime-paysdaix.fr\/epaaix\/competition\/"]}]},{"@type":"ImageObject","inLanguage":"fr-FR","@id":"https:\/\/escrime-paysdaix.fr\/epaaix\/competition\/#primaryimage","url":"https:\/\/escrime-paysdaix.fr\/epaaix\/wp-content\/uploads\/2023\/02\/CEP2023_024.jpg","contentUrl":"https:\/\/escrime-paysdaix.fr\/epaaix\/wp-content\/uploads\/2023\/02\/CEP2023_024.jpg","width":300,"height":400,"caption":"aix competition"},{"@type":"BreadcrumbList","@id":"https:\/\/escrime-paysdaix.fr\/epaaix\/competition\/#breadcrumb","itemListElement":[{"@type":"ListItem","position":1,"name":"Accueil","item":"https:\/\/escrime-paysdaix.fr\/epaaix\/"},{"@type":"ListItem","position":2,"name":"Enfants"}]},{"@type":"WebSite","@id":"https:\/\/escrime-paysdaix.fr\/epaaix\/#website","url":"https:\/\/escrime-paysdaix.fr\/epaaix\/","name":"Epa - Escrime Pays d Aix","description":"Club d escrime \u00e0 Aix en Provence. Formation Loisir Comp\u00e9tition","publisher":{"@id":"https:\/\/escrime-paysdaix.fr\/epaaix\/#organization"},"potentialAction":[{"@type":"SearchAction","target":{"@type":"EntryPoint","urlTemplate":"https:\/\/escrime-paysdaix.fr\/epaaix\/?s={search_term_string}"},"query-input":{"@type":"PropertyValueSpecification","valueRequired":true,"valueName":"search_term_string"}}],"inLanguage":"fr-FR"},{"@type":"Organization","@id":"https:\/\/escrime-paysdaix.fr\/epaaix\/#organization","name":"Epa - Escrime Pays d Aix","url":"https:\/\/escrime-paysdaix.fr\/epaaix\/","logo":{"@type":"ImageObject","inLanguage":"fr-FR","@id":"https:\/\/escrime-paysdaix.fr\/epaaix\/#\/schema\/logo\/image\/","url":"https:\/\/escrime-paysdaix.fr\/epaaix\/wp-content\/uploads\/2021\/03\/epa_logo.png","contentUrl":"https:\/\/escrime-paysdaix.fr\/epaaix\/wp-content\/uploads\/2021\/03\/epa_logo.png","width":474,"height":596,"caption":"Epa - Escrime Pays d Aix"},"image":{"@id":"https:\/\/escrime-paysdaix.fr\/epaaix\/#\/schema\/logo\/image\/"},"sameAs":["https:\/\/www.facebook.com\/EscrimePaysDAix","https:\/\/x.com\/Epa_Escrime","https:\/\/www.instagram.com\/escrime_aix","https:\/\/www.youtube.com\/channel\/UC0oH02jUultLPvDckstp_UQ"]}]}},"jetpack_sharing_enabled":true,"_links":{"self":[{"href":"https:\/\/escrime-paysdaix.fr\/epaaix\/wp-json\/wp\/v2\/pages\/3566","targetHints":{"allow":["GET"]}}],"collection":[{"href":"https:\/\/escrime-paysdaix.fr\/epaaix\/wp-json\/wp\/v2\/pages"}],"about":[{"href":"https:\/\/escrime-paysdaix.fr\/epaaix\/wp-json\/wp\/v2\/types\/page"}],"author":[{"embeddable":true,"href":"https:\/\/escrime-paysdaix.fr\/epaaix\/wp-json\/wp\/v2\/users\/1"}],"replies":[{"embeddable":true,"href":"https:\/\/escrime-paysdaix.fr\/epaaix\/wp-json\/wp\/v2\/comments?post=3566"}],"version-history":[{"count":12,"href":"https:\/\/escrime-paysdaix.fr\/epaaix\/wp-json\/wp\/v2\/pages\/3566\/revisions"}],"predecessor-version":[{"id":11461,"href":"https:\/\/escrime-paysdaix.fr\/epaaix\/wp-json\/wp\/v2\/pages\/3566\/revisions\/11461"}],"wp:attachment":[{"href":"https:\/\/escrime-paysdaix.fr\/epaaix\/wp-json\/wp\/v2\/media?parent=3566"}],"curies":[{"name":"wp","href":"https:\/\/api.w.org\/{rel}","templated":true}]}}