{"id":3526,"date":"2021-04-18T05:21:54","date_gmt":"2021-04-18T05:21:54","guid":{"rendered":"https:\/\/escrime-paysdaix.fr\/epaaix\/?page_id=3526"},"modified":"2025-07-03T16:09:33","modified_gmt":"2025-07-03T16:09:33","slug":"loisirs","status":"publish","type":"page","link":"https:\/\/escrime-paysdaix.fr\/epaaix\/loisirs\/","title":{"rendered":"Ado &#8211; Adulte"},"content":{"rendered":"\t\t<div data-elementor-type=\"wp-page\" data-elementor-id=\"3526\" class=\"elementor elementor-3526\" data-elementor-settings=\"[]\">\n\t\t\t\t\t\t<div class=\"elementor-inner\">\n\t\t\t\t\t\t\t<div class=\"elementor-section-wrap\">\n\t\t\t\t\t\t\t<section class=\"elementor-section elementor-top-section elementor-element elementor-element-3c043db elementor-section-boxed elementor-section-height-default elementor-section-height-default\" data-id=\"3c043db\" data-element_type=\"section\">\n\t\t\t\t\t\t<div class=\"elementor-container elementor-column-gap-default\">\n\t\t\t\t\t\t\t<div class=\"elementor-row\">\n\t\t\t\t\t<div class=\"elementor-column elementor-col-50 elementor-top-column elementor-element elementor-element-a7ef8ed\" data-id=\"a7ef8ed\" data-element_type=\"column\">\n\t\t\t<div class=\"elementor-column-wrap elementor-element-populated\">\n\t\t\t\t\t\t\t<div class=\"elementor-widget-wrap\">\n\t\t\t\t\t\t<div class=\"elementor-element elementor-element-651e16c elementor-widget elementor-widget-text-editor\" data-id=\"651e16c\" data-element_type=\"widget\" data-widget_type=\"text-editor.default\">\n\t\t\t\t<div class=\"elementor-widget-container\">\n\t\t\t\t\t\t\t\t<div class=\"elementor-text-editor elementor-clearfix\">\n\t\t\t\t\t<!-- wp:heading {\"className\":\"ticss-3ac233d1\",\"hasCustomCSS\":true,\"customCSS\":\".ticss-3ac233d1 {\\n padding-bottom: 20px;\\n}\\n\"} -->\n<h3 class=\"wp-block-heading ticss-3ac233d1\">Escrime Loisirs<\/h3>\n<p>Pour les plus de 12 ans qui ne souhaitent pas pratiquer l\u2019escrime en comp\u00e9tition, plusieurs cr\u00e9neaux loisirs sont propos\u00e9 par les maitres d\u2019armes. Ces cours permettent aux tireurs d\u00e9butant ou confirm\u00e9 de progresser de fa\u00e7on ludique et dans une ambiance conviviale.<\/p>\n<p>Les maitres d\u2019armes accompagnent les tireurs en adaptant le cours selon le niveau et les besoins des tireurs. L\u2019objectif de ces cours est double : apprendre l\u2019escrime et se faire plaisir !<\/p>\n<p>Les loisirs peuvent participer \u00e0 des rencontres amicales avec d\u2019autres clubs de la r\u00e9gion<\/p>\n<p><strong>Ado loisir (12-18 ans)<\/strong> : Le cours se d\u00e9roule le mercredi de 17h \u00e0 18h30<\/p>\n<p><strong>Adulte loisir\u00a0(18 ans et +):<\/strong><\/p>\n<p>3 cr\u00e9neaux\/semaine dont<\/p>\n<p>Cours d&#8217;<strong>\u00e9p\u00e9e\u00a0<\/strong>: lundi soir de 20h00 \u00e0 22h00<\/p>\n<p>Cours de <strong>fleuret\u00a0<\/strong>: mercredi soir de 19h30 \u00e0 21h30<\/p>\n<p><a href=\"https:\/\/escrime-paysdaix.fr\/epaaix\/wp-content\/uploads\/2025\/07\/IMG-20250903-WA0015.jpg\"><img loading=\"lazy\" decoding=\"async\" class=\"alignnone wp-image-11438 size-large\" src=\"https:\/\/escrime-paysdaix.fr\/epaaix\/wp-content\/uploads\/2025\/07\/IMG-20250903-WA0015.jpg\" alt=\"inscrition 2025 2026\" width=\"1024\" height=\"681\" \/><\/a><\/p>\t\t\t\t\t<\/div>\n\t\t\t\t\t\t<\/div>\n\t\t\t\t<\/div>\n\t\t\t\t\t\t<\/div>\n\t\t\t\t\t<\/div>\n\t\t<\/div>\n\t\t\t\t<div class=\"elementor-column elementor-col-50 elementor-top-column elementor-element elementor-element-a63aa27\" data-id=\"a63aa27\" data-element_type=\"column\">\n\t\t\t<div class=\"elementor-column-wrap elementor-element-populated\">\n\t\t\t\t\t\t\t<div class=\"elementor-widget-wrap\">\n\t\t\t\t\t\t<div class=\"elementor-element elementor-element-211cffc elementor-widget elementor-widget-image\" data-id=\"211cffc\" data-element_type=\"widget\" data-widget_type=\"image.default\">\n\t\t\t\t<div class=\"elementor-widget-container\">\n\t\t\t\t\t\t\t\t<div class=\"elementor-image\">\n\t\t\t\t\t\t\t\t\t\t\t\t<img loading=\"lazy\" decoding=\"async\" width=\"750\" height=\"500\" src=\"https:\/\/escrime-paysdaix.fr\/epaaix\/wp-content\/uploads\/2024\/07\/Screen-Shot-2021-02-14-at-12.01.47-AM-1-875x1024-1-750x500.png\" class=\"attachment-epress_blog_thumb size-epress_blog_thumb\" alt=\"\" \/>\t\t\t\t\t\t\t\t\t\t\t\t\t\t<\/div>\n\t\t\t\t\t\t<\/div>\n\t\t\t\t<\/div>\n\t\t\t\t\t\t<\/div>\n\t\t\t\t\t<\/div>\n\t\t<\/div>\n\t\t\t\t\t\t\t\t<\/div>\n\t\t\t\t\t<\/div>\n\t\t<\/section>\n\t\t\t\t\t\t<\/div>\n\t\t\t\t\t\t<\/div>\n\t\t\t\t\t<\/div>\n\t\t","protected":false},"excerpt":{"rendered":"<p>Escrime Loisirs Pour les plus de 12 ans qui ne souhaitent pas pratiquer l\u2019escrime en comp\u00e9tition, plusieurs cr\u00e9neaux loisirs sont propos\u00e9 par les maitres d\u2019armes. Ces cours permettent aux tireurs d\u00e9butant ou confirm\u00e9 de progresser de fa\u00e7on ludique et dans une ambiance conviviale. Les maitres d\u2019armes accompagnent les tireurs en adaptant le cours selon le [&hellip;]<\/p>\n","protected":false},"author":1,"featured_media":0,"parent":0,"menu_order":0,"comment_status":"closed","ping_status":"closed","template":"","meta":{"_eb_attr":"","footnotes":""},"class_list":["post-3526","page","type-page","status-publish","hentry"],"yoast_head":"<!-- This site is optimized with the Yoast SEO plugin v23.4 - https:\/\/yoast.com\/wordpress\/plugins\/seo\/ -->\n<title>Ado - Adulte - Epa - Escrime Pays d Aix<\/title>\n<meta name=\"robots\" content=\"index, follow, max-snippet:-1, max-image-preview:large, max-video-preview:-1\" \/>\n<link rel=\"canonical\" href=\"https:\/\/escrime-paysdaix.fr\/epaaix\/loisirs\/\" \/>\n<meta property=\"og:locale\" content=\"fr_FR\" \/>\n<meta property=\"og:type\" content=\"article\" \/>\n<meta property=\"og:title\" content=\"Ado - Adulte - Epa - Escrime Pays d Aix\" \/>\n<meta property=\"og:description\" content=\"Escrime Loisirs Pour les plus de 12 ans qui ne souhaitent pas pratiquer l\u2019escrime en comp\u00e9tition, plusieurs cr\u00e9neaux loisirs sont propos\u00e9 par les maitres d\u2019armes. Ces cours permettent aux tireurs d\u00e9butant ou confirm\u00e9 de progresser de fa\u00e7on ludique et dans une ambiance conviviale. Les maitres d\u2019armes accompagnent les tireurs en adaptant le cours selon le [&hellip;]\" \/>\n<meta property=\"og:url\" content=\"https:\/\/escrime-paysdaix.fr\/epaaix\/loisirs\/\" \/>\n<meta property=\"og:site_name\" content=\"Epa - Escrime Pays d Aix\" \/>\n<meta property=\"article:publisher\" content=\"https:\/\/www.facebook.com\/EscrimePaysDAix\" \/>\n<meta property=\"article:modified_time\" content=\"2025-07-03T16:09:33+00:00\" \/>\n<meta property=\"og:image\" content=\"https:\/\/escrime-paysdaix.fr\/epaaix\/wp-content\/uploads\/2025\/07\/Inscription-2025-2026-1024x681.jpg\" \/>\n<meta name=\"twitter:card\" content=\"summary_large_image\" \/>\n<meta name=\"twitter:site\" content=\"@Epa_Escrime\" \/>\n<meta name=\"twitter:label1\" content=\"Dur\u00e9e de lecture estim\u00e9e\" \/>\n\t<meta name=\"twitter:data1\" content=\"2 minutes\" \/>\n<script type=\"application\/ld+json\" class=\"yoast-schema-graph\">{\"@context\":\"https:\/\/schema.org\",\"@graph\":[{\"@type\":\"WebPage\",\"@id\":\"https:\/\/escrime-paysdaix.fr\/epaaix\/loisirs\/\",\"url\":\"https:\/\/escrime-paysdaix.fr\/epaaix\/loisirs\/\",\"name\":\"Ado - Adulte - Epa - Escrime Pays d Aix\",\"isPartOf\":{\"@id\":\"https:\/\/escrime-paysdaix.fr\/epaaix\/#website\"},\"primaryImageOfPage\":{\"@id\":\"https:\/\/escrime-paysdaix.fr\/epaaix\/loisirs\/#primaryimage\"},\"image\":{\"@id\":\"https:\/\/escrime-paysdaix.fr\/epaaix\/loisirs\/#primaryimage\"},\"thumbnailUrl\":\"https:\/\/escrime-paysdaix.fr\/epaaix\/wp-content\/uploads\/2025\/07\/IMG-20250903-WA0015.jpg\",\"datePublished\":\"2021-04-18T05:21:54+00:00\",\"dateModified\":\"2025-07-03T16:09:33+00:00\",\"breadcrumb\":{\"@id\":\"https:\/\/escrime-paysdaix.fr\/epaaix\/loisirs\/#breadcrumb\"},\"inLanguage\":\"fr-FR\",\"potentialAction\":[{\"@type\":\"ReadAction\",\"target\":[\"https:\/\/escrime-paysdaix.fr\/epaaix\/loisirs\/\"]}]},{\"@type\":\"ImageObject\",\"inLanguage\":\"fr-FR\",\"@id\":\"https:\/\/escrime-paysdaix.fr\/epaaix\/loisirs\/#primaryimage\",\"url\":\"https:\/\/escrime-paysdaix.fr\/epaaix\/wp-content\/uploads\/2025\/07\/IMG-20250903-WA0015.jpg\",\"contentUrl\":\"https:\/\/escrime-paysdaix.fr\/epaaix\/wp-content\/uploads\/2025\/07\/IMG-20250903-WA0015.jpg\",\"width\":1526,\"height\":1014,\"caption\":\"inscrition 2025 2026\"},{\"@type\":\"BreadcrumbList\",\"@id\":\"https:\/\/escrime-paysdaix.fr\/epaaix\/loisirs\/#breadcrumb\",\"itemListElement\":[{\"@type\":\"ListItem\",\"position\":1,\"name\":\"Accueil\",\"item\":\"https:\/\/escrime-paysdaix.fr\/epaaix\/\"},{\"@type\":\"ListItem\",\"position\":2,\"name\":\"Ado &#8211; Adulte\"}]},{\"@type\":\"WebSite\",\"@id\":\"https:\/\/escrime-paysdaix.fr\/epaaix\/#website\",\"url\":\"https:\/\/escrime-paysdaix.fr\/epaaix\/\",\"name\":\"Epa - Escrime Pays d Aix\",\"description\":\"Club d escrime \u00e0 Aix en Provence. Formation Loisir Comp\u00e9tition\",\"publisher\":{\"@id\":\"https:\/\/escrime-paysdaix.fr\/epaaix\/#organization\"},\"potentialAction\":[{\"@type\":\"SearchAction\",\"target\":{\"@type\":\"EntryPoint\",\"urlTemplate\":\"https:\/\/escrime-paysdaix.fr\/epaaix\/?s={search_term_string}\"},\"query-input\":{\"@type\":\"PropertyValueSpecification\",\"valueRequired\":true,\"valueName\":\"search_term_string\"}}],\"inLanguage\":\"fr-FR\"},{\"@type\":\"Organization\",\"@id\":\"https:\/\/escrime-paysdaix.fr\/epaaix\/#organization\",\"name\":\"Epa - Escrime Pays d Aix\",\"url\":\"https:\/\/escrime-paysdaix.fr\/epaaix\/\",\"logo\":{\"@type\":\"ImageObject\",\"inLanguage\":\"fr-FR\",\"@id\":\"https:\/\/escrime-paysdaix.fr\/epaaix\/#\/schema\/logo\/image\/\",\"url\":\"https:\/\/escrime-paysdaix.fr\/epaaix\/wp-content\/uploads\/2021\/03\/epa_logo.png\",\"contentUrl\":\"https:\/\/escrime-paysdaix.fr\/epaaix\/wp-content\/uploads\/2021\/03\/epa_logo.png\",\"width\":474,\"height\":596,\"caption\":\"Epa - Escrime Pays d Aix\"},\"image\":{\"@id\":\"https:\/\/escrime-paysdaix.fr\/epaaix\/#\/schema\/logo\/image\/\"},\"sameAs\":[\"https:\/\/www.facebook.com\/EscrimePaysDAix\",\"https:\/\/x.com\/Epa_Escrime\",\"https:\/\/www.instagram.com\/escrime_aix\",\"https:\/\/www.youtube.com\/channel\/UC0oH02jUultLPvDckstp_UQ\"]}]}<\/script>\n<!-- \/ Yoast SEO plugin. -->","yoast_head_json":{"title":"Ado - Adulte - Epa - Escrime Pays d Aix","robots":{"index":"index","follow":"follow","max-snippet":"max-snippet:-1","max-image-preview":"max-image-preview:large","max-video-preview":"max-video-preview:-1"},"canonical":"https:\/\/escrime-paysdaix.fr\/epaaix\/loisirs\/","og_locale":"fr_FR","og_type":"article","og_title":"Ado - Adulte - Epa - Escrime Pays d Aix","og_description":"Escrime Loisirs Pour les plus de 12 ans qui ne souhaitent pas pratiquer l\u2019escrime en comp\u00e9tition, plusieurs cr\u00e9neaux loisirs sont propos\u00e9 par les maitres d\u2019armes. Ces cours permettent aux tireurs d\u00e9butant ou confirm\u00e9 de progresser de fa\u00e7on ludique et dans une ambiance conviviale. Les maitres d\u2019armes accompagnent les tireurs en adaptant le cours selon le [&hellip;]","og_url":"https:\/\/escrime-paysdaix.fr\/epaaix\/loisirs\/","og_site_name":"Epa - Escrime Pays d Aix","article_publisher":"https:\/\/www.facebook.com\/EscrimePaysDAix","article_modified_time":"2025-07-03T16:09:33+00:00","og_image":[{"url":"https:\/\/escrime-paysdaix.fr\/epaaix\/wp-content\/uploads\/2025\/07\/Inscription-2025-2026-1024x681.jpg"}],"twitter_card":"summary_large_image","twitter_site":"@Epa_Escrime","twitter_misc":{"Dur\u00e9e de lecture estim\u00e9e":"2 minutes"},"schema":{"@context":"https:\/\/schema.org","@graph":[{"@type":"WebPage","@id":"https:\/\/escrime-paysdaix.fr\/epaaix\/loisirs\/","url":"https:\/\/escrime-paysdaix.fr\/epaaix\/loisirs\/","name":"Ado - Adulte - Epa - Escrime Pays d Aix","isPartOf":{"@id":"https:\/\/escrime-paysdaix.fr\/epaaix\/#website"},"primaryImageOfPage":{"@id":"https:\/\/escrime-paysdaix.fr\/epaaix\/loisirs\/#primaryimage"},"image":{"@id":"https:\/\/escrime-paysdaix.fr\/epaaix\/loisirs\/#primaryimage"},"thumbnailUrl":"https:\/\/escrime-paysdaix.fr\/epaaix\/wp-content\/uploads\/2025\/07\/IMG-20250903-WA0015.jpg","datePublished":"2021-04-18T05:21:54+00:00","dateModified":"2025-07-03T16:09:33+00:00","breadcrumb":{"@id":"https:\/\/escrime-paysdaix.fr\/epaaix\/loisirs\/#breadcrumb"},"inLanguage":"fr-FR","potentialAction":[{"@type":"ReadAction","target":["https:\/\/escrime-paysdaix.fr\/epaaix\/loisirs\/"]}]},{"@type":"ImageObject","inLanguage":"fr-FR","@id":"https:\/\/escrime-paysdaix.fr\/epaaix\/loisirs\/#primaryimage","url":"https:\/\/escrime-paysdaix.fr\/epaaix\/wp-content\/uploads\/2025\/07\/IMG-20250903-WA0015.jpg","contentUrl":"https:\/\/escrime-paysdaix.fr\/epaaix\/wp-content\/uploads\/2025\/07\/IMG-20250903-WA0015.jpg","width":1526,"height":1014,"caption":"inscrition 2025 2026"},{"@type":"BreadcrumbList","@id":"https:\/\/escrime-paysdaix.fr\/epaaix\/loisirs\/#breadcrumb","itemListElement":[{"@type":"ListItem","position":1,"name":"Accueil","item":"https:\/\/escrime-paysdaix.fr\/epaaix\/"},{"@type":"ListItem","position":2,"name":"Ado &#8211; Adulte"}]},{"@type":"WebSite","@id":"https:\/\/escrime-paysdaix.fr\/epaaix\/#website","url":"https:\/\/escrime-paysdaix.fr\/epaaix\/","name":"Epa - Escrime Pays d Aix","description":"Club d escrime \u00e0 Aix en Provence. Formation Loisir Comp\u00e9tition","publisher":{"@id":"https:\/\/escrime-paysdaix.fr\/epaaix\/#organization"},"potentialAction":[{"@type":"SearchAction","target":{"@type":"EntryPoint","urlTemplate":"https:\/\/escrime-paysdaix.fr\/epaaix\/?s={search_term_string}"},"query-input":{"@type":"PropertyValueSpecification","valueRequired":true,"valueName":"search_term_string"}}],"inLanguage":"fr-FR"},{"@type":"Organization","@id":"https:\/\/escrime-paysdaix.fr\/epaaix\/#organization","name":"Epa - Escrime Pays d Aix","url":"https:\/\/escrime-paysdaix.fr\/epaaix\/","logo":{"@type":"ImageObject","inLanguage":"fr-FR","@id":"https:\/\/escrime-paysdaix.fr\/epaaix\/#\/schema\/logo\/image\/","url":"https:\/\/escrime-paysdaix.fr\/epaaix\/wp-content\/uploads\/2021\/03\/epa_logo.png","contentUrl":"https:\/\/escrime-paysdaix.fr\/epaaix\/wp-content\/uploads\/2021\/03\/epa_logo.png","width":474,"height":596,"caption":"Epa - Escrime Pays d Aix"},"image":{"@id":"https:\/\/escrime-paysdaix.fr\/epaaix\/#\/schema\/logo\/image\/"},"sameAs":["https:\/\/www.facebook.com\/EscrimePaysDAix","https:\/\/x.com\/Epa_Escrime","https:\/\/www.instagram.com\/escrime_aix","https:\/\/www.youtube.com\/channel\/UC0oH02jUultLPvDckstp_UQ"]}]}},"jetpack_sharing_enabled":true,"_links":{"self":[{"href":"https:\/\/escrime-paysdaix.fr\/epaaix\/wp-json\/wp\/v2\/pages\/3526","targetHints":{"allow":["GET"]}}],"collection":[{"href":"https:\/\/escrime-paysdaix.fr\/epaaix\/wp-json\/wp\/v2\/pages"}],"about":[{"href":"https:\/\/escrime-paysdaix.fr\/epaaix\/wp-json\/wp\/v2\/types\/page"}],"author":[{"embeddable":true,"href":"https:\/\/escrime-paysdaix.fr\/epaaix\/wp-json\/wp\/v2\/users\/1"}],"replies":[{"embeddable":true,"href":"https:\/\/escrime-paysdaix.fr\/epaaix\/wp-json\/wp\/v2\/comments?post=3526"}],"version-history":[{"count":6,"href":"https:\/\/escrime-paysdaix.fr\/epaaix\/wp-json\/wp\/v2\/pages\/3526\/revisions"}],"predecessor-version":[{"id":11464,"href":"https:\/\/escrime-paysdaix.fr\/epaaix\/wp-json\/wp\/v2\/pages\/3526\/revisions\/11464"}],"wp:attachment":[{"href":"https:\/\/escrime-paysdaix.fr\/epaaix\/wp-json\/wp\/v2\/media?parent=3526"}],"curies":[{"name":"wp","href":"https:\/\/api.w.org\/{rel}","templated":true}]}}