{"id":3491,"date":"2021-04-17T14:59:01","date_gmt":"2021-04-17T14:59:01","guid":{"rendered":"https:\/\/escrime-paysdaix.fr\/epaaix\/?page_id=3491"},"modified":"2025-09-02T15:47:04","modified_gmt":"2025-09-02T15:47:04","slug":"debutants-2","status":"publish","type":"page","link":"https:\/\/escrime-paysdaix.fr\/epaaix\/debutants-2\/","title":{"rendered":"Baby Escrime"},"content":{"rendered":"\n\n<h5>BABY ESCRIME<\/h5>\n<p><strong>Cours de Baby Escrime pour les 5 \u00e0 7 ans au Club de l&#8217;Escrime Pays d&#8217;Aix<\/strong><\/p>\n<p>Offrez \u00e0 votre enfant une initiation ludique \u00e0 l&#8217;escrime avec nos cours de Baby Escrime, sp\u00e9cialement con\u00e7us pour les enfants \u00e0 partir de\u00a0 5 ans. Voici pourquoi nos s\u00e9ances sont si appr\u00e9ci\u00e9es :<\/p>\n<ul>\n<li>\n<p><strong>Horaires pratiques :<\/strong> Les cours ont lieu tous les mercredis matin, parfait pour commencer la journ\u00e9e de mani\u00e8re active et amusante.<\/p>\n<\/li>\n<li>\n<p><strong>Mat\u00e9riel inclus :<\/strong> Pas besoin d&#8217;investir dans du mat\u00e9riel co\u00fbteux. D\u00e8s le premier jour, votre enfant repartira avec une tenue et un fleuret, disponibles \u00e0 la location sur place.<\/p>\n<\/li>\n<li>\n<p><strong>Encadrement de qualit\u00e9 :<\/strong> Nico, notre expert en Baby Escrime, accueille vos enfants de 5 \u00e0 7 ans et les initie \u00e0 la pratique de l&#8217;escrime de mani\u00e8re ludique et adapt\u00e9e.<\/p>\n<\/li>\n<\/ul>\n<p>Venez d\u00e9couvrir l\u2019escrime dans une ambiance joyeuse et stimulante, au c\u0153ur du Club de l&#8217;Escrime Pays d&#8217;Aix !<\/p>\n<p><img loading=\"lazy\" decoding=\"async\" src=\"https:\/\/escrime-paysdaix.fr\/epaaix\/wp-content\/uploads\/2024\/05\/formation.jpg\" sizes=\"auto, (max-width: 750px) 100vw, 750px\" srcset=\"https:\/\/i0.wp.com\/escrime-paysdaix.fr\/epaaix\/wp-content\/uploads\/2024\/05\/formation.jpg?w=846&amp;ssl=1 846w, https:\/\/i0.wp.com\/escrime-paysdaix.fr\/epaaix\/wp-content\/uploads\/2024\/05\/formation.jpg?resize=300%2C250&amp;ssl=1 300w, https:\/\/i0.wp.com\/escrime-paysdaix.fr\/epaaix\/wp-content\/uploads\/2024\/05\/formation.jpg?resize=768%2C639&amp;ssl=1 768w, https:\/\/i0.wp.com\/escrime-paysdaix.fr\/epaaix\/wp-content\/uploads\/2024\/05\/formation.jpg?resize=600%2C499&amp;ssl=1 600w, https:\/\/i0.wp.com\/escrime-paysdaix.fr\/epaaix\/wp-content\/uploads\/2024\/05\/formation.jpg?resize=192%2C160&amp;ssl=1 192w\" alt=\"formation escrime club EPA baby escrime\" width=\"750\" height=\"624\" \/><\/p>","protected":false},"excerpt":{"rendered":"<p>Le club de l&#8217;escrime pays d&#8217;aix propose des cours de baby escrime ou des cours d\u00e9butants pour tous<\/p>\n","protected":false},"author":1,"featured_media":0,"parent":0,"menu_order":0,"comment_status":"closed","ping_status":"closed","template":"","meta":{"_eb_attr":"","footnotes":""},"class_list":["post-3491","page","type-page","status-publish","hentry"],"yoast_head":"<!-- This site is optimized with the Yoast SEO plugin v23.4 - https:\/\/yoast.com\/wordpress\/plugins\/seo\/ -->\n<title>Baby Escrime - Epa - Escrime Pays d Aix<\/title>\n<meta name=\"robots\" content=\"index, follow, max-snippet:-1, max-image-preview:large, max-video-preview:-1\" \/>\n<link rel=\"canonical\" href=\"https:\/\/escrime-paysdaix.fr\/epaaix\/debutants-2\/\" \/>\n<meta property=\"og:locale\" content=\"fr_FR\" \/>\n<meta property=\"og:type\" content=\"article\" \/>\n<meta property=\"og:title\" content=\"Baby Escrime - Epa - Escrime Pays d Aix\" \/>\n<meta property=\"og:description\" content=\"Le club de l&#039;escrime pays d&#039;aix propose des cours de baby escrime ou des cours d\u00e9butants pour tous\" \/>\n<meta property=\"og:url\" content=\"https:\/\/escrime-paysdaix.fr\/epaaix\/debutants-2\/\" \/>\n<meta property=\"og:site_name\" content=\"Epa - Escrime Pays d Aix\" \/>\n<meta property=\"article:publisher\" content=\"https:\/\/www.facebook.com\/EscrimePaysDAix\" \/>\n<meta property=\"article:modified_time\" content=\"2025-09-02T15:47:04+00:00\" \/>\n<meta property=\"og:image\" content=\"https:\/\/escrime-paysdaix.fr\/epaaix\/wp-content\/uploads\/2024\/05\/formation.jpg\" \/>\n<meta name=\"twitter:card\" content=\"summary_large_image\" \/>\n<meta name=\"twitter:site\" content=\"@Epa_Escrime\" \/>\n<meta name=\"twitter:label1\" content=\"Dur\u00e9e de lecture estim\u00e9e\" \/>\n\t<meta name=\"twitter:data1\" content=\"2 minutes\" \/>\n<script type=\"application\/ld+json\" class=\"yoast-schema-graph\">{\"@context\":\"https:\/\/schema.org\",\"@graph\":[{\"@type\":\"WebPage\",\"@id\":\"https:\/\/escrime-paysdaix.fr\/epaaix\/debutants-2\/\",\"url\":\"https:\/\/escrime-paysdaix.fr\/epaaix\/debutants-2\/\",\"name\":\"Baby Escrime - Epa - Escrime Pays d Aix\",\"isPartOf\":{\"@id\":\"https:\/\/escrime-paysdaix.fr\/epaaix\/#website\"},\"primaryImageOfPage\":{\"@id\":\"https:\/\/escrime-paysdaix.fr\/epaaix\/debutants-2\/#primaryimage\"},\"image\":{\"@id\":\"https:\/\/escrime-paysdaix.fr\/epaaix\/debutants-2\/#primaryimage\"},\"thumbnailUrl\":\"https:\/\/escrime-paysdaix.fr\/epaaix\/wp-content\/uploads\/2024\/05\/formation.jpg\",\"datePublished\":\"2021-04-17T14:59:01+00:00\",\"dateModified\":\"2025-09-02T15:47:04+00:00\",\"breadcrumb\":{\"@id\":\"https:\/\/escrime-paysdaix.fr\/epaaix\/debutants-2\/#breadcrumb\"},\"inLanguage\":\"fr-FR\",\"potentialAction\":[{\"@type\":\"ReadAction\",\"target\":[\"https:\/\/escrime-paysdaix.fr\/epaaix\/debutants-2\/\"]}]},{\"@type\":\"ImageObject\",\"inLanguage\":\"fr-FR\",\"@id\":\"https:\/\/escrime-paysdaix.fr\/epaaix\/debutants-2\/#primaryimage\",\"url\":\"https:\/\/escrime-paysdaix.fr\/epaaix\/wp-content\/uploads\/2024\/05\/formation.jpg\",\"contentUrl\":\"https:\/\/escrime-paysdaix.fr\/epaaix\/wp-content\/uploads\/2024\/05\/formation.jpg\",\"width\":846,\"height\":704,\"caption\":\"formation escrime club EPA baby escrime\"},{\"@type\":\"BreadcrumbList\",\"@id\":\"https:\/\/escrime-paysdaix.fr\/epaaix\/debutants-2\/#breadcrumb\",\"itemListElement\":[{\"@type\":\"ListItem\",\"position\":1,\"name\":\"Accueil\",\"item\":\"https:\/\/escrime-paysdaix.fr\/epaaix\/\"},{\"@type\":\"ListItem\",\"position\":2,\"name\":\"Baby Escrime\"}]},{\"@type\":\"WebSite\",\"@id\":\"https:\/\/escrime-paysdaix.fr\/epaaix\/#website\",\"url\":\"https:\/\/escrime-paysdaix.fr\/epaaix\/\",\"name\":\"Epa - Escrime Pays d Aix\",\"description\":\"Club d escrime \u00e0 Aix en Provence. Formation Loisir Comp\u00e9tition\",\"publisher\":{\"@id\":\"https:\/\/escrime-paysdaix.fr\/epaaix\/#organization\"},\"potentialAction\":[{\"@type\":\"SearchAction\",\"target\":{\"@type\":\"EntryPoint\",\"urlTemplate\":\"https:\/\/escrime-paysdaix.fr\/epaaix\/?s={search_term_string}\"},\"query-input\":{\"@type\":\"PropertyValueSpecification\",\"valueRequired\":true,\"valueName\":\"search_term_string\"}}],\"inLanguage\":\"fr-FR\"},{\"@type\":\"Organization\",\"@id\":\"https:\/\/escrime-paysdaix.fr\/epaaix\/#organization\",\"name\":\"Epa - Escrime Pays d Aix\",\"url\":\"https:\/\/escrime-paysdaix.fr\/epaaix\/\",\"logo\":{\"@type\":\"ImageObject\",\"inLanguage\":\"fr-FR\",\"@id\":\"https:\/\/escrime-paysdaix.fr\/epaaix\/#\/schema\/logo\/image\/\",\"url\":\"https:\/\/escrime-paysdaix.fr\/epaaix\/wp-content\/uploads\/2021\/03\/epa_logo.png\",\"contentUrl\":\"https:\/\/escrime-paysdaix.fr\/epaaix\/wp-content\/uploads\/2021\/03\/epa_logo.png\",\"width\":474,\"height\":596,\"caption\":\"Epa - Escrime Pays d Aix\"},\"image\":{\"@id\":\"https:\/\/escrime-paysdaix.fr\/epaaix\/#\/schema\/logo\/image\/\"},\"sameAs\":[\"https:\/\/www.facebook.com\/EscrimePaysDAix\",\"https:\/\/x.com\/Epa_Escrime\",\"https:\/\/www.instagram.com\/escrime_aix\",\"https:\/\/www.youtube.com\/channel\/UC0oH02jUultLPvDckstp_UQ\"]}]}<\/script>\n<!-- \/ Yoast SEO plugin. -->","yoast_head_json":{"title":"Baby Escrime - Epa - Escrime Pays d Aix","robots":{"index":"index","follow":"follow","max-snippet":"max-snippet:-1","max-image-preview":"max-image-preview:large","max-video-preview":"max-video-preview:-1"},"canonical":"https:\/\/escrime-paysdaix.fr\/epaaix\/debutants-2\/","og_locale":"fr_FR","og_type":"article","og_title":"Baby Escrime - Epa - Escrime Pays d Aix","og_description":"Le club de l'escrime pays d'aix propose des cours de baby escrime ou des cours d\u00e9butants pour tous","og_url":"https:\/\/escrime-paysdaix.fr\/epaaix\/debutants-2\/","og_site_name":"Epa - Escrime Pays d Aix","article_publisher":"https:\/\/www.facebook.com\/EscrimePaysDAix","article_modified_time":"2025-09-02T15:47:04+00:00","og_image":[{"url":"https:\/\/escrime-paysdaix.fr\/epaaix\/wp-content\/uploads\/2024\/05\/formation.jpg"}],"twitter_card":"summary_large_image","twitter_site":"@Epa_Escrime","twitter_misc":{"Dur\u00e9e de lecture estim\u00e9e":"2 minutes"},"schema":{"@context":"https:\/\/schema.org","@graph":[{"@type":"WebPage","@id":"https:\/\/escrime-paysdaix.fr\/epaaix\/debutants-2\/","url":"https:\/\/escrime-paysdaix.fr\/epaaix\/debutants-2\/","name":"Baby Escrime - Epa - Escrime Pays d Aix","isPartOf":{"@id":"https:\/\/escrime-paysdaix.fr\/epaaix\/#website"},"primaryImageOfPage":{"@id":"https:\/\/escrime-paysdaix.fr\/epaaix\/debutants-2\/#primaryimage"},"image":{"@id":"https:\/\/escrime-paysdaix.fr\/epaaix\/debutants-2\/#primaryimage"},"thumbnailUrl":"https:\/\/escrime-paysdaix.fr\/epaaix\/wp-content\/uploads\/2024\/05\/formation.jpg","datePublished":"2021-04-17T14:59:01+00:00","dateModified":"2025-09-02T15:47:04+00:00","breadcrumb":{"@id":"https:\/\/escrime-paysdaix.fr\/epaaix\/debutants-2\/#breadcrumb"},"inLanguage":"fr-FR","potentialAction":[{"@type":"ReadAction","target":["https:\/\/escrime-paysdaix.fr\/epaaix\/debutants-2\/"]}]},{"@type":"ImageObject","inLanguage":"fr-FR","@id":"https:\/\/escrime-paysdaix.fr\/epaaix\/debutants-2\/#primaryimage","url":"https:\/\/escrime-paysdaix.fr\/epaaix\/wp-content\/uploads\/2024\/05\/formation.jpg","contentUrl":"https:\/\/escrime-paysdaix.fr\/epaaix\/wp-content\/uploads\/2024\/05\/formation.jpg","width":846,"height":704,"caption":"formation escrime club EPA baby escrime"},{"@type":"BreadcrumbList","@id":"https:\/\/escrime-paysdaix.fr\/epaaix\/debutants-2\/#breadcrumb","itemListElement":[{"@type":"ListItem","position":1,"name":"Accueil","item":"https:\/\/escrime-paysdaix.fr\/epaaix\/"},{"@type":"ListItem","position":2,"name":"Baby Escrime"}]},{"@type":"WebSite","@id":"https:\/\/escrime-paysdaix.fr\/epaaix\/#website","url":"https:\/\/escrime-paysdaix.fr\/epaaix\/","name":"Epa - Escrime Pays d Aix","description":"Club d escrime \u00e0 Aix en Provence. Formation Loisir Comp\u00e9tition","publisher":{"@id":"https:\/\/escrime-paysdaix.fr\/epaaix\/#organization"},"potentialAction":[{"@type":"SearchAction","target":{"@type":"EntryPoint","urlTemplate":"https:\/\/escrime-paysdaix.fr\/epaaix\/?s={search_term_string}"},"query-input":{"@type":"PropertyValueSpecification","valueRequired":true,"valueName":"search_term_string"}}],"inLanguage":"fr-FR"},{"@type":"Organization","@id":"https:\/\/escrime-paysdaix.fr\/epaaix\/#organization","name":"Epa - Escrime Pays d Aix","url":"https:\/\/escrime-paysdaix.fr\/epaaix\/","logo":{"@type":"ImageObject","inLanguage":"fr-FR","@id":"https:\/\/escrime-paysdaix.fr\/epaaix\/#\/schema\/logo\/image\/","url":"https:\/\/escrime-paysdaix.fr\/epaaix\/wp-content\/uploads\/2021\/03\/epa_logo.png","contentUrl":"https:\/\/escrime-paysdaix.fr\/epaaix\/wp-content\/uploads\/2021\/03\/epa_logo.png","width":474,"height":596,"caption":"Epa - Escrime Pays d Aix"},"image":{"@id":"https:\/\/escrime-paysdaix.fr\/epaaix\/#\/schema\/logo\/image\/"},"sameAs":["https:\/\/www.facebook.com\/EscrimePaysDAix","https:\/\/x.com\/Epa_Escrime","https:\/\/www.instagram.com\/escrime_aix","https:\/\/www.youtube.com\/channel\/UC0oH02jUultLPvDckstp_UQ"]}]}},"jetpack_sharing_enabled":true,"_links":{"self":[{"href":"https:\/\/escrime-paysdaix.fr\/epaaix\/wp-json\/wp\/v2\/pages\/3491","targetHints":{"allow":["GET"]}}],"collection":[{"href":"https:\/\/escrime-paysdaix.fr\/epaaix\/wp-json\/wp\/v2\/pages"}],"about":[{"href":"https:\/\/escrime-paysdaix.fr\/epaaix\/wp-json\/wp\/v2\/types\/page"}],"author":[{"embeddable":true,"href":"https:\/\/escrime-paysdaix.fr\/epaaix\/wp-json\/wp\/v2\/users\/1"}],"replies":[{"embeddable":true,"href":"https:\/\/escrime-paysdaix.fr\/epaaix\/wp-json\/wp\/v2\/comments?post=3491"}],"version-history":[{"count":2,"href":"https:\/\/escrime-paysdaix.fr\/epaaix\/wp-json\/wp\/v2\/pages\/3491\/revisions"}],"predecessor-version":[{"id":11722,"href":"https:\/\/escrime-paysdaix.fr\/epaaix\/wp-json\/wp\/v2\/pages\/3491\/revisions\/11722"}],"wp:attachment":[{"href":"https:\/\/escrime-paysdaix.fr\/epaaix\/wp-json\/wp\/v2\/media?parent=3491"}],"curies":[{"name":"wp","href":"https:\/\/api.w.org\/{rel}","templated":true}]}}