{"id":3460,"date":"2021-04-16T17:01:45","date_gmt":"2021-04-16T17:01:45","guid":{"rendered":"https:\/\/escrime-paysdaix.fr\/epaaix\/?page_id=3460"},"modified":"2024-05-15T08:51:14","modified_gmt":"2024-05-15T08:51:14","slug":"notre-histoire","status":"publish","type":"page","link":"https:\/\/escrime-paysdaix.fr\/epaaix\/notre-histoire\/","title":{"rendered":"Notre Histoire"},"content":{"rendered":"\t\t<div data-elementor-type=\"wp-page\" data-elementor-id=\"3460\" class=\"elementor elementor-3460\" data-elementor-settings=\"[]\">\n\t\t\t\t\t\t<div class=\"elementor-inner\">\n\t\t\t\t\t\t\t<div class=\"elementor-section-wrap\">\n\t\t\t\t\t\t\t<section class=\"elementor-section elementor-top-section elementor-element elementor-element-1d602be3 elementor-section-boxed elementor-section-height-default elementor-section-height-default\" data-id=\"1d602be3\" data-element_type=\"section\">\n\t\t\t\t\t\t<div class=\"elementor-container elementor-column-gap-default\">\n\t\t\t\t\t\t\t<div class=\"elementor-row\">\n\t\t\t\t\t<div class=\"elementor-column elementor-col-100 elementor-top-column elementor-element elementor-element-48bab7ee\" data-id=\"48bab7ee\" data-element_type=\"column\">\n\t\t\t<div class=\"elementor-column-wrap elementor-element-populated\">\n\t\t\t\t\t\t\t<div class=\"elementor-widget-wrap\">\n\t\t\t\t\t\t<div class=\"elementor-element elementor-element-6e69d8dc elementor-widget elementor-widget-text-editor\" data-id=\"6e69d8dc\" data-element_type=\"widget\" data-widget_type=\"text-editor.default\">\n\t\t\t\t<div class=\"elementor-widget-container\">\n\t\t\t\t\t\t\t\t<div class=\"elementor-text-editor elementor-clearfix\">\n\t\t\t\t\t<p><!-- wp:group {\"className\":\"ticss-42923209\",\"hasCustomCSS\":true,\"customCSS\":\".ticss-42923209 {\\n box-shadow: 0 0 30px 0 #f3f6ff;\\n margin-left:15px;\\n margin-right:15px;\\n padding-top: 40px;\\n padding-left: 30px;\\n padding-right: 30px;\\n padding-bottom: 60px;\\n}\\n\"} --><\/p>\n<div class=\"wp-block-group ticss-42923209\">\n<p><!-- wp:heading {\"level\":5,\"className\":\"epa-heading-bar-left-right ticss-ccd20fd4\",\"hasCustomCSS\":true,\"customCSS\":\"\\n\"} --><\/p>\n<h5 class=\"epa-heading-bar-left-right ticss-ccd20fd4\">les dates cl\u00e9s<\/h5>\n<p><!-- \/wp:heading --><\/p>\n<p><!-- wp:heading {\"className\":\"ticss-3ac233d1\",\"hasCustomCSS\":true,\"customCSS\":\".ticss-3ac233d1 {\\n padding-bottom: 20px;\\n}\\n\"} --><\/p>\n<h1 class=\"ticss-3ac233d1\">Historique de l&#8217;Escrime pays d&#8217;AIX<\/h1>\n<p><!-- \/wp:heading --><\/p>\n<p><!-- wp:image {\"align\":\"left\",\"id\":218,\"width\":450,\"height\":322} --><\/p>\n<div class=\"wp-block-image\">\n<figure class=\"alignleft is-resized\"><img loading=\"lazy\" decoding=\"async\" class=\"alignnone wp-image-2617\" src=\"https:\/\/escrime-paysdaix.fr\/epaaix\/wp-content\/uploads\/2021\/02\/Screen-Shot-2021-02-13-at-11.47.59-PM-300x220.png\" alt=\"salle Trabarant, epa histoire\" width=\"500\" height=\"367\" srcset=\"https:\/\/escrime-paysdaix.fr\/epaaix\/wp-content\/uploads\/2021\/02\/Screen-Shot-2021-02-13-at-11.47.59-PM-300x220.png 300w, https:\/\/escrime-paysdaix.fr\/epaaix\/wp-content\/uploads\/2021\/02\/Screen-Shot-2021-02-13-at-11.47.59-PM-768x564.png 768w, https:\/\/escrime-paysdaix.fr\/epaaix\/wp-content\/uploads\/2021\/02\/Screen-Shot-2021-02-13-at-11.47.59-PM-1024x752.png 1024w, https:\/\/escrime-paysdaix.fr\/epaaix\/wp-content\/uploads\/2021\/02\/Screen-Shot-2021-02-13-at-11.47.59-PM.png 1117w\" sizes=\"auto, (max-width: 500px) 100vw, 500px\" \/><p><\/p>\n<figcaption><strong>La nouvelle salle d&#8217;arme Aim\u00e9 Trabarant<\/strong><\/figcaption>\n<\/figure>\n<\/div>\n<p><!-- \/wp:image --><\/p>\n<p><!-- wp:paragraph --><\/p>\n<p><span style=\"color: var( --e-global-color-text ); font-family: var( --e-global-typography-text-font-family ), Sans-serif; font-weight: var( --e-global-typography-text-font-weight );\">La cr\u00e9ation et l\u2019histoire de l\u2019escrime d\u2019apr\u00e8s guerre \u00e0 Aix en Provence sont intimement li\u00e9es \u00e0 un homme :&nbsp;<\/span><strong style=\"color: var( --e-global-color-text ); font-family: var( --e-global-typography-text-font-family ), Sans-serif;\"><em>Ma\u00eetre Aim\u00e9 TABARANT<\/em><\/strong><span style=\"color: var( --e-global-color-text ); font-family: var( --e-global-typography-text-font-family ), Sans-serif; font-weight: var( --e-global-typography-text-font-weight );\">, ma\u00eetre d\u2019armes form\u00e9 \u00e0 l\u2019Ecole Militaire d\u2019Escrime et des Sports de Combat d\u2019Antibes en 1951.<\/span><br><\/p>\n<p><\/p>\n<p><!-- \/wp:paragraph --><\/p>\n<p><!-- wp:paragraph --><\/p>\n<p>En 1957, le&nbsp;<strong><em>Ma\u00eetre Aim\u00e9 TABARANT<\/em><\/strong>&nbsp;est mut\u00e9 \u00e0 Aix en Provence et fait rena\u00eetre l\u2019escrime dans la ville en cr\u00e9ant l\u2019Aix Universit\u00e9 Club (A.U.C) dont les activit\u00e9s se d\u00e9roulent au sous sol de la facult\u00e9 de droit. Puis mut\u00e9 \u00e0 Paris au minist\u00e8re de l \u2018air, il contacte&nbsp;<strong>Ma\u00eetre Bragard<\/strong>&nbsp;en vue de reprendre ce Club.<\/p>\n<p><!-- \/wp:paragraph --><\/p>\n<p><!-- wp:paragraph --><\/p>\n<p>A son retour en 1962, il ouvre un nouveau club : le<strong>&nbsp;Cercle d\u2019Escrime Aixois (C.E.A)<\/strong>&nbsp;avec son ami&nbsp;<strong>Paul Chevelon<\/strong>. Il en sera le maitre d\u2019armes puis&nbsp; le pr\u00e9sident .<\/p>\n<p><!-- \/wp:paragraph --><\/p>\n<p><!-- wp:paragraph --><\/p>\n<p>1964&nbsp;:&nbsp;<strong>la Maison des Jeunes et de la Culture (M.J.C)<\/strong>&nbsp;fait appel \u00e0&nbsp;<strong>Ma\u00eetre Tabarant<\/strong>&nbsp;dans le but de cr\u00e9er la section Escrime de la M.J.C.<\/p>\n<p><!-- \/wp:paragraph --><\/p>\n<p><!-- wp:paragraph --><\/p>\n<p>1967&nbsp;: Aim\u00e9 , nomm\u00e9e Conseiller Technique R\u00e9gional par la F\u00e9d\u00e9ration Fran\u00e7aise d\u2019Escrime , passe le relais \u00e0 son fils ,&nbsp;<strong>Gilles Tabarant<\/strong>&nbsp;, alors \u00e2g\u00e9 de 18 ans .Avec sa femme Martine ,ils animent la section mais&nbsp; compte tenu des changements d\u2019orientation des M.J.C qui ne veulent plus de comp\u00e9titions, la section Escrime redevient C.E.A avec comme locaux la salle Louison Bobet au Jas de Bouffan. A cette \u00e9poque le Cercle d\u2019Escrime Aixois poss\u00e8de environ 70 licenci\u00e9s.<\/p>\n<p><!-- \/wp:paragraph --><\/p>\n<p><!-- wp:paragraph --><\/p>\n<p>. En 1975, M\u00b0 Gilles TABARANT cr\u00e9e une section d\u2019escrime au sein de l\u2019A.S.P.T.T. d\u2019Aix en Provence. Le Cercle d\u2019Escrime Aixois devient :&nbsp;<strong>A.S.P.T.T Escrime Aix en Provence<\/strong>.<\/p>\n<p><!-- \/wp:paragraph --><\/p>\n<p><!-- wp:paragraph --><\/p>\n<p>Martine Tabarant , devenue maitre d\u2019armes \u00e0 son tour , reprend en 1982&nbsp; les r\u00eanes de la salle , suite \u00e0 la nomination de son mari Gilles au poste de conseiller technique r\u00e9gional . Les autres enseignants intervenants au club sont \u00e0 cette \u00e9poque Richard Benoit , Sylvie et Jean marie Moillard et Laurent Coursol .<\/p>\n<p><!-- \/wp:paragraph --><\/p>\n<p><!-- wp:paragraph --><\/p>\n<p>La salle d\u2019armes s\u2019installe&nbsp; en 1993 au 10 rue Paul C\u00e9zanne.<\/p>\n<p><!-- \/wp:paragraph --><\/p>\n<p><!-- wp:paragraph --><\/p>\n<p>En 2000 , Herv\u00e9 Tabarant , fils de Martine et Gilles , petit-fils d\u2019Aim\u00e9 , devient \u00e0 son tour&nbsp; responsable p\u00e9dagogique du club .les maitres d\u2019armes intervenants sont alors Emeric Clos ,S\u00e9bastien Marcilloux ,Benoit Gally et Simon Abram.<\/p>\n<p><!-- \/wp:paragraph --><\/p>\n<p><!-- wp:paragraph --><\/p>\n<p>Puis ,ce sont les maitres Amir Shebakehsaz et S\u00e9bastien Braisant qui viendront participer \u00e0 l\u2019\u00e9quipe p\u00e9dagogique .<\/p>\n<p><!-- \/wp:paragraph --><\/p>\n<p><!-- wp:paragraph --><\/p>\n<p>La section se d\u00e9veloppe au fil des ans, compte plus de 300 licenci\u00e9s et conna\u00eet de tr\u00e8s nombreux succ\u00e8s au plan sportif au plan national et international.<\/p>\n<p><!-- \/wp:paragraph --><\/p>\n<p><!-- wp:paragraph --><\/p>\n<p>2008&nbsp;: La section Escrime de l\u2019ASPTT devient l\u2019Association Escrime du Pays d\u2019Aix et la Ville d\u2019Aix en Provence int\u00e8gre une magnifique Salle d\u2019Armes au 1<sup>er<\/sup>. Etage de la Maison des Arts de Combats au Val de l\u2019Arc.<\/p>\n<p><!-- \/wp:paragraph --><\/p>\n<p><!-- wp:paragraph --><\/p>\n<p>Le Club prends possession de ses nouveaux locaux en Mai 2015.<\/p>\n<p><!-- \/wp:paragraph --><\/p>\n<p><!-- wp:paragraph --><\/p>\n<p>Elle sera inaugur\u00e9e en Janvier 2017 et portera le nom de \u00ab&nbsp;Salle d\u2019Armes Aim\u00e9 TABARANT \u00bb.<\/p>\n<p><!-- \/wp:paragraph --><\/p>\n<p><!-- wp:paragraph --><\/p>\n<p>Parmi les licenci\u00e9s performants de l\u2019ASPTT escrime Aix en Provence qui ont en fait la renomm\u00e9e, citons&nbsp;: les fr\u00e8res Fran\u00e7ois , Henri et Laurent Coursol, Laurent Berthier, Serge Lomonaco, Arnaud Beauvois, Marie-Jos\u00e9 Alibert, Clothilde Magnan, Marion Callies, Delphine Roqueplo, Hermeline Faille, Sebastien, et Jean Baptiste Marcilloux,&nbsp;Brice Ortole, Herv\u00e9 Tabarant, Emeric Clos, Audrey Poggi, Guy Mercier, Simon Abram, Alice Herv\u00e9 de Ferron, Anne Carole Zouari, Virgile Collineau&#8230;<\/p>\n<p><!-- \/wp:paragraph --><\/p>\n<p><!-- wp:paragraph --><\/p>\n<p>Sans oublier bien entendu Erwann Le Pechoux, qui parmi tant d&#8217;autres victoires devient champion du monde par \u00e9quipes en 2006 et 2007 avec Marcel Marcilloux, m\u00e9daill\u00e9 d&#8217;argent au fleuret par \u00e9quipe en 2016 \u00e0 Rio et Champion Olympique par \u00e9quipe en 2021 \u00e0 Tokyo.<\/p>\n<p><!-- \/wp:paragraph --><\/p>\n<p><!-- wp:image {\"align\":\"right\",\"id\":2609,\"width\":378,\"height\":280,\"sizeSlug\":\"large\",\"linkDestination\":\"none\"} --><\/p>\n<div class=\"wp-block-image\">\n<figure class=\"alignright size-large is-resized\"><img loading=\"lazy\" decoding=\"async\" class=\"wp-image-2609\" src=\"https:\/\/escrime-paysdaix.fr\/epaaix\/wp-content\/uploads\/2021\/02\/Screen-Shot-2021-02-14-at-12.03.33-AM-1024x759.png\" alt=\"\" width=\"378\" height=\"280\" srcset=\"https:\/\/escrime-paysdaix.fr\/epaaix\/wp-content\/uploads\/2021\/02\/Screen-Shot-2021-02-14-at-12.03.33-AM-1024x759.png 1024w, https:\/\/escrime-paysdaix.fr\/epaaix\/wp-content\/uploads\/2021\/02\/Screen-Shot-2021-02-14-at-12.03.33-AM-300x222.png 300w, https:\/\/escrime-paysdaix.fr\/epaaix\/wp-content\/uploads\/2021\/02\/Screen-Shot-2021-02-14-at-12.03.33-AM-768x569.png 768w, https:\/\/escrime-paysdaix.fr\/epaaix\/wp-content\/uploads\/2021\/02\/Screen-Shot-2021-02-14-at-12.03.33-AM.png 1189w\" sizes=\"auto, (max-width: 378px) 100vw, 378px\" \/><\/figure>\n<\/div>\n<p><!-- \/wp:image --><\/p>\n<p><!-- wp:paragraph --><\/p>\n<p>Plusieurs pr\u00e9sidents se succ\u00e8dent \u00e0 la t\u00eate du club&nbsp;:<\/p>\n<p><!-- \/wp:paragraph --><\/p>\n<p><!-- wp:list --><\/p>\n<ul>\n<li>Mr Jean Paul Coursol COURSOL<\/li>\n<li>Mr Marceau&nbsp; BERNARD<\/li>\n<li>Mr&nbsp; Aim\u00e9 TABARANT<\/li>\n<li>Mme&nbsp; Suzanne PICHERAL<\/li>\n<li>Mr&nbsp; Jean Paul LEGRAS<\/li>\n<li>Mr Roland BOSSUET<\/li>\n<li>Mr Laurent BERTHIER<\/li>\n<li>MR Nicolas COURTIER<\/li>\n<li>M\u00b0 Gilles TABARANT<\/li>\n<\/ul>\n<p><!-- \/wp:list --><\/p>\n<p><!-- wp:paragraph --><\/p>\n<p>Depuis d\u00e9cembre 2016&nbsp; , un nouveau comit\u00e9 directeur pr\u00e9sid\u00e9 par&nbsp;<strong>Catherine Defoligny<\/strong>&nbsp; et l\u2019\u00e9quipe p\u00e9dagogique , compos\u00e9e des maitres&nbsp;<strong>Herv\u00e9 Tabarant<\/strong>&nbsp;,&nbsp;<strong>Nicolas Wagner<\/strong>&nbsp;,&nbsp;<strong>Sebastien Marcilloux<\/strong>&nbsp;,&nbsp;<strong>Guillaume Thierry<\/strong>&nbsp;et&nbsp;<strong>Jean Marie Moillard<\/strong>&nbsp;, poursuivent et contribuent au&nbsp; d\u00e9veloppement du club. Erwann Lepechoux en reste, gr\u00e2ce \u00e0 sa fid\u00e9lit\u00e9 et son implication , la figure de proue&nbsp; et permet \u00e0 Escrime Pays d\u2019Aix de rester champion de France depuis trois saisons consecutives .<\/p>\n<p><!-- \/wp:paragraph --><\/p>\n<\/div>\n<p><!-- \/wp:group --><\/p>\t\t\t\t\t<\/div>\n\t\t\t\t\t\t<\/div>\n\t\t\t\t<\/div>\n\t\t\t\t\t\t<\/div>\n\t\t\t\t\t<\/div>\n\t\t<\/div>\n\t\t\t\t\t\t\t\t<\/div>\n\t\t\t\t\t<\/div>\n\t\t<\/section>\n\t\t\t\t\t\t<\/div>\n\t\t\t\t\t\t<\/div>\n\t\t\t\t\t<\/div>\n\t\t","protected":false},"excerpt":{"rendered":"<p>les dates cl\u00e9s Historique de l&#8217;Escrime pays d&#8217;AIX La cr\u00e9ation et l\u2019histoire de l\u2019escrime d\u2019apr\u00e8s guerre \u00e0 Aix en Provence sont intimement li\u00e9es \u00e0 un homme :&nbsp;Ma\u00eetre Aim\u00e9 TABARANT, ma\u00eetre d\u2019armes form\u00e9 \u00e0 l\u2019Ecole Militaire d\u2019Escrime et des Sports de Combat d\u2019Antibes en 1951. En 1957, le&nbsp;Ma\u00eetre Aim\u00e9 TABARANT&nbsp;est mut\u00e9 \u00e0 Aix en Provence et [&hellip;]<\/p>\n","protected":false},"author":1,"featured_media":0,"parent":0,"menu_order":0,"comment_status":"closed","ping_status":"closed","template":"","meta":{"_eb_attr":"","footnotes":""},"class_list":["post-3460","page","type-page","status-publish","hentry"],"yoast_head":"<!-- This site is optimized with the Yoast SEO plugin v23.4 - https:\/\/yoast.com\/wordpress\/plugins\/seo\/ -->\n<title>Notre Histoire - Epa - Escrime Pays d Aix<\/title>\n<meta name=\"robots\" content=\"index, follow, max-snippet:-1, max-image-preview:large, max-video-preview:-1\" \/>\n<link rel=\"canonical\" href=\"https:\/\/escrime-paysdaix.fr\/epaaix\/notre-histoire\/\" \/>\n<meta property=\"og:locale\" content=\"fr_FR\" \/>\n<meta property=\"og:type\" content=\"article\" \/>\n<meta property=\"og:title\" content=\"Notre Histoire - Epa - Escrime Pays d Aix\" \/>\n<meta property=\"og:description\" content=\"les dates cl\u00e9s Historique de l&#8217;Escrime pays d&#8217;AIX La cr\u00e9ation et l\u2019histoire de l\u2019escrime d\u2019apr\u00e8s guerre \u00e0 Aix en Provence sont intimement li\u00e9es \u00e0 un homme :&nbsp;Ma\u00eetre Aim\u00e9 TABARANT, ma\u00eetre d\u2019armes form\u00e9 \u00e0 l\u2019Ecole Militaire d\u2019Escrime et des Sports de Combat d\u2019Antibes en 1951. En 1957, le&nbsp;Ma\u00eetre Aim\u00e9 TABARANT&nbsp;est mut\u00e9 \u00e0 Aix en Provence et [&hellip;]\" \/>\n<meta property=\"og:url\" content=\"https:\/\/escrime-paysdaix.fr\/epaaix\/notre-histoire\/\" \/>\n<meta property=\"og:site_name\" content=\"Epa - Escrime Pays d Aix\" \/>\n<meta property=\"article:publisher\" content=\"https:\/\/www.facebook.com\/EscrimePaysDAix\" \/>\n<meta property=\"article:modified_time\" content=\"2024-05-15T08:51:14+00:00\" \/>\n<meta property=\"og:image\" content=\"https:\/\/escrime-paysdaix.fr\/epaaix\/wp-content\/uploads\/2021\/02\/Screen-Shot-2021-02-13-at-11.47.59-PM-300x220.png\" \/>\n<meta name=\"twitter:card\" content=\"summary_large_image\" \/>\n<meta name=\"twitter:site\" content=\"@Epa_Escrime\" \/>\n<meta name=\"twitter:label1\" content=\"Dur\u00e9e de lecture estim\u00e9e\" \/>\n\t<meta name=\"twitter:data1\" content=\"4 minutes\" \/>\n<script type=\"application\/ld+json\" class=\"yoast-schema-graph\">{\"@context\":\"https:\/\/schema.org\",\"@graph\":[{\"@type\":\"WebPage\",\"@id\":\"https:\/\/escrime-paysdaix.fr\/epaaix\/notre-histoire\/\",\"url\":\"https:\/\/escrime-paysdaix.fr\/epaaix\/notre-histoire\/\",\"name\":\"Notre Histoire - Epa - Escrime Pays d Aix\",\"isPartOf\":{\"@id\":\"https:\/\/escrime-paysdaix.fr\/epaaix\/#website\"},\"primaryImageOfPage\":{\"@id\":\"https:\/\/escrime-paysdaix.fr\/epaaix\/notre-histoire\/#primaryimage\"},\"image\":{\"@id\":\"https:\/\/escrime-paysdaix.fr\/epaaix\/notre-histoire\/#primaryimage\"},\"thumbnailUrl\":\"https:\/\/escrime-paysdaix.fr\/epaaix\/wp-content\/uploads\/2021\/02\/Screen-Shot-2021-02-13-at-11.47.59-PM-300x220.png\",\"datePublished\":\"2021-04-16T17:01:45+00:00\",\"dateModified\":\"2024-05-15T08:51:14+00:00\",\"breadcrumb\":{\"@id\":\"https:\/\/escrime-paysdaix.fr\/epaaix\/notre-histoire\/#breadcrumb\"},\"inLanguage\":\"fr-FR\",\"potentialAction\":[{\"@type\":\"ReadAction\",\"target\":[\"https:\/\/escrime-paysdaix.fr\/epaaix\/notre-histoire\/\"]}]},{\"@type\":\"ImageObject\",\"inLanguage\":\"fr-FR\",\"@id\":\"https:\/\/escrime-paysdaix.fr\/epaaix\/notre-histoire\/#primaryimage\",\"url\":\"https:\/\/escrime-paysdaix.fr\/epaaix\/wp-content\/uploads\/2021\/02\/Screen-Shot-2021-02-13-at-11.47.59-PM.png\",\"contentUrl\":\"https:\/\/escrime-paysdaix.fr\/epaaix\/wp-content\/uploads\/2021\/02\/Screen-Shot-2021-02-13-at-11.47.59-PM.png\",\"width\":1117,\"height\":820,\"caption\":\"nouvelle salle escrime aix en provence\"},{\"@type\":\"BreadcrumbList\",\"@id\":\"https:\/\/escrime-paysdaix.fr\/epaaix\/notre-histoire\/#breadcrumb\",\"itemListElement\":[{\"@type\":\"ListItem\",\"position\":1,\"name\":\"Accueil\",\"item\":\"https:\/\/escrime-paysdaix.fr\/epaaix\/\"},{\"@type\":\"ListItem\",\"position\":2,\"name\":\"Notre Histoire\"}]},{\"@type\":\"WebSite\",\"@id\":\"https:\/\/escrime-paysdaix.fr\/epaaix\/#website\",\"url\":\"https:\/\/escrime-paysdaix.fr\/epaaix\/\",\"name\":\"Epa - Escrime Pays d Aix\",\"description\":\"Club d escrime \u00e0 Aix en Provence. Formation Loisir Comp\u00e9tition\",\"publisher\":{\"@id\":\"https:\/\/escrime-paysdaix.fr\/epaaix\/#organization\"},\"potentialAction\":[{\"@type\":\"SearchAction\",\"target\":{\"@type\":\"EntryPoint\",\"urlTemplate\":\"https:\/\/escrime-paysdaix.fr\/epaaix\/?s={search_term_string}\"},\"query-input\":{\"@type\":\"PropertyValueSpecification\",\"valueRequired\":true,\"valueName\":\"search_term_string\"}}],\"inLanguage\":\"fr-FR\"},{\"@type\":\"Organization\",\"@id\":\"https:\/\/escrime-paysdaix.fr\/epaaix\/#organization\",\"name\":\"Epa - Escrime Pays d Aix\",\"url\":\"https:\/\/escrime-paysdaix.fr\/epaaix\/\",\"logo\":{\"@type\":\"ImageObject\",\"inLanguage\":\"fr-FR\",\"@id\":\"https:\/\/escrime-paysdaix.fr\/epaaix\/#\/schema\/logo\/image\/\",\"url\":\"https:\/\/escrime-paysdaix.fr\/epaaix\/wp-content\/uploads\/2021\/03\/epa_logo.png\",\"contentUrl\":\"https:\/\/escrime-paysdaix.fr\/epaaix\/wp-content\/uploads\/2021\/03\/epa_logo.png\",\"width\":474,\"height\":596,\"caption\":\"Epa - Escrime Pays d Aix\"},\"image\":{\"@id\":\"https:\/\/escrime-paysdaix.fr\/epaaix\/#\/schema\/logo\/image\/\"},\"sameAs\":[\"https:\/\/www.facebook.com\/EscrimePaysDAix\",\"https:\/\/x.com\/Epa_Escrime\",\"https:\/\/www.instagram.com\/escrime_aix\",\"https:\/\/www.youtube.com\/channel\/UC0oH02jUultLPvDckstp_UQ\"]}]}<\/script>\n<!-- \/ Yoast SEO plugin. -->","yoast_head_json":{"title":"Notre Histoire - Epa - Escrime Pays d Aix","robots":{"index":"index","follow":"follow","max-snippet":"max-snippet:-1","max-image-preview":"max-image-preview:large","max-video-preview":"max-video-preview:-1"},"canonical":"https:\/\/escrime-paysdaix.fr\/epaaix\/notre-histoire\/","og_locale":"fr_FR","og_type":"article","og_title":"Notre Histoire - Epa - Escrime Pays d Aix","og_description":"les dates cl\u00e9s Historique de l&#8217;Escrime pays d&#8217;AIX La cr\u00e9ation et l\u2019histoire de l\u2019escrime d\u2019apr\u00e8s guerre \u00e0 Aix en Provence sont intimement li\u00e9es \u00e0 un homme :&nbsp;Ma\u00eetre Aim\u00e9 TABARANT, ma\u00eetre d\u2019armes form\u00e9 \u00e0 l\u2019Ecole Militaire d\u2019Escrime et des Sports de Combat d\u2019Antibes en 1951. En 1957, le&nbsp;Ma\u00eetre Aim\u00e9 TABARANT&nbsp;est mut\u00e9 \u00e0 Aix en Provence et [&hellip;]","og_url":"https:\/\/escrime-paysdaix.fr\/epaaix\/notre-histoire\/","og_site_name":"Epa - Escrime Pays d Aix","article_publisher":"https:\/\/www.facebook.com\/EscrimePaysDAix","article_modified_time":"2024-05-15T08:51:14+00:00","og_image":[{"url":"https:\/\/escrime-paysdaix.fr\/epaaix\/wp-content\/uploads\/2021\/02\/Screen-Shot-2021-02-13-at-11.47.59-PM-300x220.png"}],"twitter_card":"summary_large_image","twitter_site":"@Epa_Escrime","twitter_misc":{"Dur\u00e9e de lecture estim\u00e9e":"4 minutes"},"schema":{"@context":"https:\/\/schema.org","@graph":[{"@type":"WebPage","@id":"https:\/\/escrime-paysdaix.fr\/epaaix\/notre-histoire\/","url":"https:\/\/escrime-paysdaix.fr\/epaaix\/notre-histoire\/","name":"Notre Histoire - Epa - Escrime Pays d Aix","isPartOf":{"@id":"https:\/\/escrime-paysdaix.fr\/epaaix\/#website"},"primaryImageOfPage":{"@id":"https:\/\/escrime-paysdaix.fr\/epaaix\/notre-histoire\/#primaryimage"},"image":{"@id":"https:\/\/escrime-paysdaix.fr\/epaaix\/notre-histoire\/#primaryimage"},"thumbnailUrl":"https:\/\/escrime-paysdaix.fr\/epaaix\/wp-content\/uploads\/2021\/02\/Screen-Shot-2021-02-13-at-11.47.59-PM-300x220.png","datePublished":"2021-04-16T17:01:45+00:00","dateModified":"2024-05-15T08:51:14+00:00","breadcrumb":{"@id":"https:\/\/escrime-paysdaix.fr\/epaaix\/notre-histoire\/#breadcrumb"},"inLanguage":"fr-FR","potentialAction":[{"@type":"ReadAction","target":["https:\/\/escrime-paysdaix.fr\/epaaix\/notre-histoire\/"]}]},{"@type":"ImageObject","inLanguage":"fr-FR","@id":"https:\/\/escrime-paysdaix.fr\/epaaix\/notre-histoire\/#primaryimage","url":"https:\/\/escrime-paysdaix.fr\/epaaix\/wp-content\/uploads\/2021\/02\/Screen-Shot-2021-02-13-at-11.47.59-PM.png","contentUrl":"https:\/\/escrime-paysdaix.fr\/epaaix\/wp-content\/uploads\/2021\/02\/Screen-Shot-2021-02-13-at-11.47.59-PM.png","width":1117,"height":820,"caption":"nouvelle salle escrime aix en provence"},{"@type":"BreadcrumbList","@id":"https:\/\/escrime-paysdaix.fr\/epaaix\/notre-histoire\/#breadcrumb","itemListElement":[{"@type":"ListItem","position":1,"name":"Accueil","item":"https:\/\/escrime-paysdaix.fr\/epaaix\/"},{"@type":"ListItem","position":2,"name":"Notre Histoire"}]},{"@type":"WebSite","@id":"https:\/\/escrime-paysdaix.fr\/epaaix\/#website","url":"https:\/\/escrime-paysdaix.fr\/epaaix\/","name":"Epa - Escrime Pays d Aix","description":"Club d escrime \u00e0 Aix en Provence. Formation Loisir Comp\u00e9tition","publisher":{"@id":"https:\/\/escrime-paysdaix.fr\/epaaix\/#organization"},"potentialAction":[{"@type":"SearchAction","target":{"@type":"EntryPoint","urlTemplate":"https:\/\/escrime-paysdaix.fr\/epaaix\/?s={search_term_string}"},"query-input":{"@type":"PropertyValueSpecification","valueRequired":true,"valueName":"search_term_string"}}],"inLanguage":"fr-FR"},{"@type":"Organization","@id":"https:\/\/escrime-paysdaix.fr\/epaaix\/#organization","name":"Epa - Escrime Pays d Aix","url":"https:\/\/escrime-paysdaix.fr\/epaaix\/","logo":{"@type":"ImageObject","inLanguage":"fr-FR","@id":"https:\/\/escrime-paysdaix.fr\/epaaix\/#\/schema\/logo\/image\/","url":"https:\/\/escrime-paysdaix.fr\/epaaix\/wp-content\/uploads\/2021\/03\/epa_logo.png","contentUrl":"https:\/\/escrime-paysdaix.fr\/epaaix\/wp-content\/uploads\/2021\/03\/epa_logo.png","width":474,"height":596,"caption":"Epa - Escrime Pays d Aix"},"image":{"@id":"https:\/\/escrime-paysdaix.fr\/epaaix\/#\/schema\/logo\/image\/"},"sameAs":["https:\/\/www.facebook.com\/EscrimePaysDAix","https:\/\/x.com\/Epa_Escrime","https:\/\/www.instagram.com\/escrime_aix","https:\/\/www.youtube.com\/channel\/UC0oH02jUultLPvDckstp_UQ"]}]}},"jetpack_sharing_enabled":true,"_links":{"self":[{"href":"https:\/\/escrime-paysdaix.fr\/epaaix\/wp-json\/wp\/v2\/pages\/3460","targetHints":{"allow":["GET"]}}],"collection":[{"href":"https:\/\/escrime-paysdaix.fr\/epaaix\/wp-json\/wp\/v2\/pages"}],"about":[{"href":"https:\/\/escrime-paysdaix.fr\/epaaix\/wp-json\/wp\/v2\/types\/page"}],"author":[{"embeddable":true,"href":"https:\/\/escrime-paysdaix.fr\/epaaix\/wp-json\/wp\/v2\/users\/1"}],"replies":[{"embeddable":true,"href":"https:\/\/escrime-paysdaix.fr\/epaaix\/wp-json\/wp\/v2\/comments?post=3460"}],"version-history":[{"count":0,"href":"https:\/\/escrime-paysdaix.fr\/epaaix\/wp-json\/wp\/v2\/pages\/3460\/revisions"}],"wp:attachment":[{"href":"https:\/\/escrime-paysdaix.fr\/epaaix\/wp-json\/wp\/v2\/media?parent=3460"}],"curies":[{"name":"wp","href":"https:\/\/api.w.org\/{rel}","templated":true}]}}