{"id":12077,"date":"2025-11-01T19:18:11","date_gmt":"2025-11-01T19:18:11","guid":{"rendered":"https:\/\/escrime-paysdaix.fr\/epaaix\/?page_id=12077"},"modified":"2025-11-01T19:30:40","modified_gmt":"2025-11-01T19:30:40","slug":"licciardi-u14-fille-efc","status":"publish","type":"page","link":"https:\/\/escrime-paysdaix.fr\/epaaix\/licciardi-u14-fille-efc\/","title":{"rendered":"Licciardi U14 fille EFC"},"content":{"rendered":"\t\t<div data-elementor-type=\"wp-page\" data-elementor-id=\"12077\" class=\"elementor elementor-12077\" data-elementor-settings=\"[]\">\n\t\t\t\t\t\t<div class=\"elementor-inner\">\n\t\t\t\t\t\t\t<div class=\"elementor-section-wrap\">\n\t\t\t\t\t\t\t<section class=\"elementor-section elementor-top-section elementor-element elementor-element-6db189c elementor-section-boxed elementor-section-height-default elementor-section-height-default\" data-id=\"6db189c\" data-element_type=\"section\">\n\t\t\t\t\t\t<div class=\"elementor-container elementor-column-gap-default\">\n\t\t\t\t\t\t\t<div class=\"elementor-row\">\n\t\t\t\t\t<div class=\"elementor-column elementor-col-100 elementor-top-column elementor-element elementor-element-8403e7e\" data-id=\"8403e7e\" data-element_type=\"column\">\n\t\t\t<div class=\"elementor-column-wrap\">\n\t\t\t\t\t\t\t<div class=\"elementor-widget-wrap\">\n\t\t\t\t\t\t\t\t<\/div>\n\t\t\t\t\t<\/div>\n\t\t<\/div>\n\t\t\t\t\t\t\t\t<\/div>\n\t\t\t\t\t<\/div>\n\t\t<\/section>\n\t\t\t\t<section class=\"elementor-section elementor-top-section elementor-element elementor-element-4d1df1e0 elementor-section-boxed elementor-section-height-default elementor-section-height-default\" data-id=\"4d1df1e0\" data-element_type=\"section\">\n\t\t\t\t\t\t<div class=\"elementor-container elementor-column-gap-default\">\n\t\t\t\t\t\t\t<div class=\"elementor-row\">\n\t\t\t\t\t<div class=\"elementor-column elementor-col-100 elementor-top-column elementor-element elementor-element-50546be3\" data-id=\"50546be3\" data-element_type=\"column\">\n\t\t\t<div class=\"elementor-column-wrap elementor-element-populated\">\n\t\t\t\t\t\t\t<div class=\"elementor-widget-wrap\">\n\t\t\t\t\t\t<div class=\"elementor-element elementor-element-a5ed44f elementor-widget elementor-widget-image\" data-id=\"a5ed44f\" data-element_type=\"widget\" data-widget_type=\"image.default\">\n\t\t\t\t<div class=\"elementor-widget-container\">\n\t\t\t\t\t\t\t\t<div class=\"elementor-image\">\n\t\t\t\t\t\t\t\t\t\t\t\t<img loading=\"lazy\" decoding=\"async\" width=\"750\" height=\"188\" src=\"https:\/\/escrime-paysdaix.fr\/epaaix\/wp-content\/uploads\/2025\/02\/banniere-1024x256.png\" class=\"attachment-large size-large\" alt=\"trophee licciardi\" srcset=\"https:\/\/escrime-paysdaix.fr\/epaaix\/wp-content\/uploads\/2025\/02\/banniere-1024x256.png 1024w, https:\/\/escrime-paysdaix.fr\/epaaix\/wp-content\/uploads\/2025\/02\/banniere-300x75.png 300w, https:\/\/escrime-paysdaix.fr\/epaaix\/wp-content\/uploads\/2025\/02\/banniere-768x192.png 768w, https:\/\/escrime-paysdaix.fr\/epaaix\/wp-content\/uploads\/2025\/02\/banniere-1536x384.png 1536w, https:\/\/escrime-paysdaix.fr\/epaaix\/wp-content\/uploads\/2025\/02\/banniere.png 1584w, https:\/\/escrime-paysdaix.fr\/epaaix\/wp-content\/uploads\/2025\/02\/banniere-600x150.png 600w, https:\/\/escrime-paysdaix.fr\/epaaix\/wp-content\/uploads\/2025\/02\/banniere-280x70.png 280w\" sizes=\"auto, (max-width: 750px) 100vw, 750px\" \/>\t\t\t\t\t\t\t\t\t\t\t\t\t\t<\/div>\n\t\t\t\t\t\t<\/div>\n\t\t\t\t<\/div>\n\t\t\t\t\t\t<\/div>\n\t\t\t\t\t<\/div>\n\t\t<\/div>\n\t\t\t\t\t\t\t\t<\/div>\n\t\t\t\t\t<\/div>\n\t\t<\/section>\n\t\t\t\t<section class=\"elementor-section elementor-top-section elementor-element elementor-element-5c981880 elementor-section-boxed elementor-section-height-default elementor-section-height-default\" data-id=\"5c981880\" data-element_type=\"section\">\n\t\t\t\t\t\t<div class=\"elementor-container elementor-column-gap-default\">\n\t\t\t\t\t\t\t<div class=\"elementor-row\">\n\t\t\t\t\t<div class=\"elementor-column elementor-col-25 elementor-top-column elementor-element elementor-element-761d901a\" data-id=\"761d901a\" data-element_type=\"column\">\n\t\t\t<div class=\"elementor-column-wrap elementor-element-populated\">\n\t\t\t\t\t\t\t<div class=\"elementor-widget-wrap\">\n\t\t\t\t\t\t<div class=\"elementor-element elementor-element-6250244e elementor-widget elementor-widget-button\" data-id=\"6250244e\" data-element_type=\"widget\" data-widget_type=\"button.default\">\n\t\t\t\t<div class=\"elementor-widget-container\">\n\t\t\t\t\t<div class=\"elementor-button-wrapper\">\n\t\t\t<a href=\"https:\/\/escrime-paysdaix.fr\/epaaix\/trophee-licciardi-2025\/\" class=\"elementor-button-link elementor-button elementor-size-sm\" role=\"button\">\n\t\t\t\t\t\t<span class=\"elementor-button-content-wrapper\">\n\t\t\t\t\t\t<span class=\"elementor-button-text\">Licciardi<\/span>\n\t\t<\/span>\n\t\t\t\t\t<\/a>\n\t\t<\/div>\n\t\t\t\t<\/div>\n\t\t\t\t<\/div>\n\t\t\t\t\t\t<\/div>\n\t\t\t\t\t<\/div>\n\t\t<\/div>\n\t\t\t\t<div class=\"elementor-column elementor-col-25 elementor-top-column elementor-element elementor-element-535ba33b\" data-id=\"535ba33b\" data-element_type=\"column\">\n\t\t\t<div class=\"elementor-column-wrap elementor-element-populated\">\n\t\t\t\t\t\t\t<div class=\"elementor-widget-wrap\">\n\t\t\t\t\t\t<div class=\"elementor-element elementor-element-1701ac7 elementor-widget elementor-widget-button\" data-id=\"1701ac7\" data-element_type=\"widget\" data-widget_type=\"button.default\">\n\t\t\t\t<div class=\"elementor-widget-container\">\n\t\t\t\t\t<div class=\"elementor-button-wrapper\">\n\t\t\t<a href=\"https:\/\/escrime-paysdaix.fr\/epaaix\/licciardi-u15m-resultat\/\" class=\"elementor-button-link elementor-button elementor-size-sm\" role=\"button\">\n\t\t\t\t\t\t<span class=\"elementor-button-content-wrapper\">\n\t\t\t\t\t\t<span class=\"elementor-button-text\">Resultat U14 M<\/span>\n\t\t<\/span>\n\t\t\t\t\t<\/a>\n\t\t<\/div>\n\t\t\t\t<\/div>\n\t\t\t\t<\/div>\n\t\t\t\t\t\t<\/div>\n\t\t\t\t\t<\/div>\n\t\t<\/div>\n\t\t\t\t<div class=\"elementor-column elementor-col-25 elementor-top-column elementor-element elementor-element-552ba9ed\" data-id=\"552ba9ed\" data-element_type=\"column\">\n\t\t\t<div class=\"elementor-column-wrap elementor-element-populated\">\n\t\t\t\t\t\t\t<div class=\"elementor-widget-wrap\">\n\t\t\t\t\t\t<div class=\"elementor-element elementor-element-793ca89b elementor-widget elementor-widget-button\" data-id=\"793ca89b\" data-element_type=\"widget\" data-widget_type=\"button.default\">\n\t\t\t\t<div class=\"elementor-widget-container\">\n\t\t\t\t\t<div class=\"elementor-button-wrapper\">\n\t\t\t<a href=\"https:\/\/escrime-paysdaix.fr\/epaaix\/licciardi-u14-fille-efc\/\" class=\"elementor-button-link elementor-button elementor-size-sm\" role=\"button\">\n\t\t\t\t\t\t<span class=\"elementor-button-content-wrapper\">\n\t\t\t\t\t\t<span class=\"elementor-button-text\">Resultat U14 F<\/span>\n\t\t<\/span>\n\t\t\t\t\t<\/a>\n\t\t<\/div>\n\t\t\t\t<\/div>\n\t\t\t\t<\/div>\n\t\t\t\t\t\t<\/div>\n\t\t\t\t\t<\/div>\n\t\t<\/div>\n\t\t\t\t<div class=\"elementor-column elementor-col-25 elementor-top-column elementor-element elementor-element-880be7\" data-id=\"880be7\" data-element_type=\"column\">\n\t\t\t<div class=\"elementor-column-wrap elementor-element-populated\">\n\t\t\t\t\t\t\t<div class=\"elementor-widget-wrap\">\n\t\t\t\t\t\t<div class=\"elementor-element elementor-element-62dd2cab elementor-widget elementor-widget-button\" data-id=\"62dd2cab\" data-element_type=\"widget\" data-widget_type=\"button.default\">\n\t\t\t\t<div class=\"elementor-widget-container\">\n\t\t\t\t\t<div class=\"elementor-button-wrapper\">\n\t\t\t<a href=\"https:\/\/escrime-paysdaix.fr\/epaaix\/licciardi-u14-photos\/\" class=\"elementor-button-link elementor-button elementor-size-sm\" role=\"button\">\n\t\t\t\t\t\t<span class=\"elementor-button-content-wrapper\">\n\t\t\t\t\t\t<span class=\"elementor-button-text\">PHOTO<\/span>\n\t\t<\/span>\n\t\t\t\t\t<\/a>\n\t\t<\/div>\n\t\t\t\t<\/div>\n\t\t\t\t<\/div>\n\t\t\t\t\t\t<\/div>\n\t\t\t\t\t<\/div>\n\t\t<\/div>\n\t\t\t\t\t\t\t\t<\/div>\n\t\t\t\t\t<\/div>\n\t\t<\/section>\n\t\t\t\t<section class=\"elementor-section elementor-top-section elementor-element elementor-element-263d0744 elementor-section-boxed elementor-section-height-default elementor-section-height-default\" data-id=\"263d0744\" data-element_type=\"section\">\n\t\t\t\t\t\t<div class=\"elementor-container elementor-column-gap-default\">\n\t\t\t\t\t\t\t<div class=\"elementor-row\">\n\t\t\t\t\t<div class=\"elementor-column elementor-col-100 elementor-top-column elementor-element elementor-element-1b8fbaa1\" data-id=\"1b8fbaa1\" data-element_type=\"column\">\n\t\t\t<div class=\"elementor-column-wrap elementor-element-populated\">\n\t\t\t\t\t\t\t<div class=\"elementor-widget-wrap\">\n\t\t\t\t\t\t<div class=\"elementor-element elementor-element-231db70f elementor-widget elementor-widget-text-editor\" data-id=\"231db70f\" data-element_type=\"widget\" data-widget_type=\"text-editor.default\">\n\t\t\t\t<div class=\"elementor-widget-container\">\n\t\t\t\t\t\t\t\t<div class=\"elementor-text-editor elementor-clearfix\">\n\t\t\t\t\t<h4><a href=\"https:\/\/escrime-paysdaix.fr\/epaaix\/wp-content\/uploads\/2025\/10\/Document-Global-U14F-Trophee-Licciardi-1.pdf\">R\u00e9sultat complet comp\u00e9titions U14 Fille<\/a><\/h4>\t\t\t\t\t<\/div>\n\t\t\t\t\t\t<\/div>\n\t\t\t\t<\/div>\n\t\t\t\t<div class=\"elementor-element elementor-element-ce9928d elementor-widget elementor-widget-text-editor\" data-id=\"ce9928d\" data-element_type=\"widget\" data-widget_type=\"text-editor.default\">\n\t\t\t\t<div class=\"elementor-widget-container\">\n\t\t\t\t\t\t\t\t<div class=\"elementor-text-editor elementor-clearfix\">\n\t\t\t\t\t<h1>Troph\u00e9e International Licciardi 2025<\/h1><h2>Cat\u00e9gorie U14 Filles<\/h2><table><thead><tr><th>Rang<\/th><th>Nom<\/th><th>Pr\u00e9nom<\/th><th>Nation<\/th><th>Club<\/th><\/tr><\/thead><tbody><tr><td>1<\/td><td>BRUNET<\/td><td>Isia<\/td><td>\ud83c\uddeb\ud83c\uddf7 FRA<\/td><td>ANTONY<\/td><\/tr><tr><td>2<\/td><td>VELLIEUX<\/td><td>Romane<\/td><td>\ud83c\uddeb\ud83c\uddf7 FRA<\/td><td>PAYS AIX<\/td><\/tr><tr><td>3<\/td><td>JOHNSON<\/td><td>Olivia<\/td><td>\ud83c\uddec\ud83c\udde7 GBR<\/td><td>ENGLAND FENCING<\/td><\/tr><tr><td>3<\/td><td>PENSA<\/td><td>Aleksandra<\/td><td>\ud83c\uddec\ud83c\udde7 GBR<\/td><td>\u00a0<\/td><\/tr><tr><td>5<\/td><td>WEI<\/td><td>Claire<\/td><td>\ud83c\uddeb\ud83c\uddf7 FRA<\/td><td>MONTEUX EC<\/td><\/tr><tr><td>6<\/td><td>ROBINET<\/td><td>L\u00e9a<\/td><td>\ud83c\uddeb\ud83c\uddf7 FRA<\/td><td>ANTONY<\/td><\/tr><tr><td>7<\/td><td>MOUREY<\/td><td>Roxane<\/td><td>\ud83c\uddeb\ud83c\uddf7 FRA<\/td><td>LYON SE<\/td><\/tr><tr><td>8<\/td><td>VILLEDIEU<\/td><td>Alice<\/td><td>\ud83c\uddeb\ud83c\uddf7 FRA<\/td><td>PAYS AIX<\/td><\/tr><tr><td>9<\/td><td>JANEL<\/td><td>Elise<\/td><td>\ud83c\uddeb\ud83c\uddf7 FRA<\/td><td>PAYS AIX<\/td><\/tr><tr><td>10<\/td><td>LI<\/td><td>Zexuan<\/td><td>\ud83c\uddeb\ud83c\uddf7 FRA<\/td><td>ANTONY<\/td><\/tr><tr><td>11<\/td><td>BAKR<\/td><td>Maya<\/td><td>\ud83c\uddf6\ud83c\udde6 QAT<\/td><td>QFA<\/td><\/tr><tr><td>12<\/td><td>BLANRUE<\/td><td>Agathe<\/td><td>\ud83c\uddeb\ud83c\uddf7 FRA<\/td><td>CANNES CE<\/td><\/tr><tr><td>13<\/td><td>FOGG<\/td><td>Imogen<\/td><td>\ud83c\uddec\ud83c\udde7 GBR<\/td><td>\u00a0<\/td><\/tr><tr><td>14<\/td><td>CORNUCHE<\/td><td>Ang\u00e9lique<\/td><td>\ud83c\uddeb\ud83c\uddf7 FRA<\/td><td>PAYS AIX<\/td><\/tr><tr><td>15<\/td><td>HADDAD<\/td><td>Mayssane<\/td><td>\ud83c\uddeb\ud83c\uddf7 FRA<\/td><td>PARIS NORD<\/td><\/tr><tr><td>16<\/td><td>PERRIER<\/td><td>L\u00e9onie<\/td><td>\ud83c\uddeb\ud83c\uddf7 FRA<\/td><td>LYON MDF<\/td><\/tr><tr><td>17<\/td><td>LI<\/td><td>Zewei<\/td><td>\ud83c\uddeb\ud83c\uddf7 FRA<\/td><td>ANTONY<\/td><\/tr><tr><td>18<\/td><td>FAUCHERET BISMUTH<\/td><td>Ilana<\/td><td>\ud83c\uddeb\ud83c\uddf7 FRA<\/td><td>PARIS ST FRA<\/td><\/tr><tr><td>19<\/td><td>SADLI<\/td><td>Inaya<\/td><td>\ud83c\uddeb\ud83c\uddf7 FRA<\/td><td>PARIS CEFC<\/td><\/tr><tr><td>20<\/td><td>OSORIO SETCHELL<\/td><td>Emilia<\/td><td>\ud83c\uddec\ud83c\udde7 GBR<\/td><td>\u00a0<\/td><\/tr><tr><td>21<\/td><td>DORMEQUE<\/td><td>Ma\u00eblle<\/td><td>\ud83c\uddeb\ud83c\uddf7 FRA<\/td><td>LYON SE<\/td><\/tr><tr><td>22<\/td><td>EFENDIEVA<\/td><td>Vasilisa<\/td><td>\ud83c\uddea\ud83c\uddf8 ESP<\/td><td>SANTCU-B<\/td><\/tr><tr><td>23<\/td><td>ELSAID<\/td><td>Malika<\/td><td>\ud83c\uddea\ud83c\uddec EGY<\/td><td>\u00a0<\/td><\/tr><tr><td>24<\/td><td>SACKETT<\/td><td>Laylah<\/td><td>\ud83c\uddec\ud83c\udde7 GBR<\/td><td>ENGLAND FENCING<\/td><\/tr><tr><td>24<\/td><td>TELEB<\/td><td>Mariam<\/td><td>\ud83c\uddf6\ud83c\udde6 QAT<\/td><td>QFA<\/td><\/tr><tr><td>26<\/td><td>SUHARSCHII<\/td><td>Sophie<\/td><td>\ud83c\uddeb\ud83c\uddf7 FRA<\/td><td>MONTEUX EC<\/td><\/tr><tr><td>27<\/td><td>ACOSTA FOSSARD<\/td><td>Gwendoline<\/td><td>\ud83c\uddeb\ud83c\uddf7 FRA<\/td><td>PARIS CEP<\/td><\/tr><tr><td>28<\/td><td>CAMPONOVO<\/td><td>Mathilde<\/td><td>\ud83c\uddeb\ud83c\uddf7 FRA<\/td><td>CANNES CE<\/td><\/tr><tr><td>29<\/td><td>GOPKO<\/td><td>Vera<\/td><td>\ud83c\uddeb\ud83c\uddf7 FRA<\/td><td>LYON SE<\/td><\/tr><tr><td>30<\/td><td>LECAILLE<\/td><td>Capucine<\/td><td>\ud83c\uddeb\ud83c\uddf7 FRA<\/td><td>MONACO<\/td><\/tr><tr><td>31<\/td><td>AUBERT<\/td><td>Aya<\/td><td>\ud83c\uddeb\ud83c\uddf7 FRA<\/td><td>PARIS ES<\/td><\/tr><tr><td>32<\/td><td>BIAGIONI<\/td><td>Maia<\/td><td>\ud83c\uddeb\ud83c\uddf7 FRA<\/td><td>MONTPEL UC<\/td><\/tr><tr><td>33<\/td><td>BARNES<\/td><td>Xanthippe<\/td><td>\ud83c\uddec\ud83c\udde7 GBR<\/td><td>\u00a0<\/td><\/tr><tr><td>34<\/td><td>ENCHEV<\/td><td>Elena<\/td><td>\ud83c\udde7\ud83c\uddec BUL<\/td><td>SHUMEN<\/td><\/tr><tr><td>35<\/td><td>PICHON<\/td><td>Maelle<\/td><td>\ud83c\uddeb\ud83c\uddf7 FRA<\/td><td>PAYS AIX<\/td><\/tr><tr><td>35<\/td><td>SALMI<\/td><td>Hajar<\/td><td>\ud83c\uddeb\ud83c\uddf7 FRA<\/td><td>PARIS CEFC<\/td><\/tr><\/tbody><\/table>\t\t\t\t\t<\/div>\n\t\t\t\t\t\t<\/div>\n\t\t\t\t<\/div>\n\t\t\t\t\t\t<\/div>\n\t\t\t\t\t<\/div>\n\t\t<\/div>\n\t\t\t\t\t\t\t\t<\/div>\n\t\t\t\t\t<\/div>\n\t\t<\/section>\n\t\t\t\t\t\t<\/div>\n\t\t\t\t\t\t<\/div>\n\t\t\t\t\t<\/div>\n\t\t","protected":false},"excerpt":{"rendered":"<p>Licciardi Resultat U14 M Resultat U14 F PHOTO R\u00e9sultat complet comp\u00e9titions U14 Fille Troph\u00e9e International Licciardi 2025 Cat\u00e9gorie U14 Filles Rang Nom Pr\u00e9nom Nation Club 1 BRUNET Isia \ud83c\uddeb\ud83c\uddf7 FRA ANTONY 2 VELLIEUX Romane \ud83c\uddeb\ud83c\uddf7 FRA PAYS AIX 3 JOHNSON Olivia \ud83c\uddec\ud83c\udde7 GBR ENGLAND FENCING 3 PENSA Aleksandra \ud83c\uddec\ud83c\udde7 GBR \u00a0 5 WEI Claire \ud83c\uddeb\ud83c\uddf7 [&hellip;]<\/p>\n","protected":false},"author":7,"featured_media":0,"parent":0,"menu_order":0,"comment_status":"closed","ping_status":"closed","template":"","meta":{"_eb_attr":"","footnotes":""},"class_list":["post-12077","page","type-page","status-publish","hentry"],"yoast_head":"<!-- This site is optimized with the Yoast SEO plugin v23.4 - https:\/\/yoast.com\/wordpress\/plugins\/seo\/ -->\n<title>Licciardi U14 fille EFC - Epa - Escrime Pays d Aix<\/title>\n<meta name=\"robots\" content=\"index, follow, max-snippet:-1, max-image-preview:large, max-video-preview:-1\" \/>\n<link rel=\"canonical\" href=\"https:\/\/escrime-paysdaix.fr\/epaaix\/licciardi-u14-fille-efc\/\" \/>\n<meta property=\"og:locale\" content=\"fr_FR\" \/>\n<meta property=\"og:type\" content=\"article\" \/>\n<meta property=\"og:title\" content=\"Licciardi U14 fille EFC - Epa - Escrime Pays d Aix\" \/>\n<meta property=\"og:description\" content=\"Licciardi Resultat U14 M Resultat U14 F PHOTO R\u00e9sultat complet comp\u00e9titions U14 Fille Troph\u00e9e International Licciardi 2025 Cat\u00e9gorie U14 Filles Rang Nom Pr\u00e9nom Nation Club 1 BRUNET Isia \ud83c\uddeb\ud83c\uddf7 FRA ANTONY 2 VELLIEUX Romane \ud83c\uddeb\ud83c\uddf7 FRA PAYS AIX 3 JOHNSON Olivia \ud83c\uddec\ud83c\udde7 GBR ENGLAND FENCING 3 PENSA Aleksandra \ud83c\uddec\ud83c\udde7 GBR \u00a0 5 WEI Claire \ud83c\uddeb\ud83c\uddf7 [&hellip;]\" \/>\n<meta property=\"og:url\" content=\"https:\/\/escrime-paysdaix.fr\/epaaix\/licciardi-u14-fille-efc\/\" \/>\n<meta property=\"og:site_name\" content=\"Epa - Escrime Pays d Aix\" \/>\n<meta property=\"article:publisher\" content=\"https:\/\/www.facebook.com\/EscrimePaysDAix\" \/>\n<meta property=\"article:modified_time\" content=\"2025-11-01T19:30:40+00:00\" \/>\n<meta property=\"og:image\" content=\"https:\/\/escrime-paysdaix.fr\/epaaix\/wp-content\/uploads\/2025\/02\/banniere-1024x256.png\" \/>\n<meta name=\"twitter:card\" content=\"summary_large_image\" \/>\n<meta name=\"twitter:site\" content=\"@Epa_Escrime\" \/>\n<meta name=\"twitter:label1\" content=\"Dur\u00e9e de lecture estim\u00e9e\" \/>\n\t<meta name=\"twitter:data1\" content=\"9 minutes\" \/>\n<script type=\"application\/ld+json\" class=\"yoast-schema-graph\">{\"@context\":\"https:\/\/schema.org\",\"@graph\":[{\"@type\":\"WebPage\",\"@id\":\"https:\/\/escrime-paysdaix.fr\/epaaix\/licciardi-u14-fille-efc\/\",\"url\":\"https:\/\/escrime-paysdaix.fr\/epaaix\/licciardi-u14-fille-efc\/\",\"name\":\"Licciardi U14 fille EFC - Epa - Escrime Pays d Aix\",\"isPartOf\":{\"@id\":\"https:\/\/escrime-paysdaix.fr\/epaaix\/#website\"},\"primaryImageOfPage\":{\"@id\":\"https:\/\/escrime-paysdaix.fr\/epaaix\/licciardi-u14-fille-efc\/#primaryimage\"},\"image\":{\"@id\":\"https:\/\/escrime-paysdaix.fr\/epaaix\/licciardi-u14-fille-efc\/#primaryimage\"},\"thumbnailUrl\":\"https:\/\/escrime-paysdaix.fr\/epaaix\/wp-content\/uploads\/2025\/02\/banniere-1024x256.png\",\"datePublished\":\"2025-11-01T19:18:11+00:00\",\"dateModified\":\"2025-11-01T19:30:40+00:00\",\"breadcrumb\":{\"@id\":\"https:\/\/escrime-paysdaix.fr\/epaaix\/licciardi-u14-fille-efc\/#breadcrumb\"},\"inLanguage\":\"fr-FR\",\"potentialAction\":[{\"@type\":\"ReadAction\",\"target\":[\"https:\/\/escrime-paysdaix.fr\/epaaix\/licciardi-u14-fille-efc\/\"]}]},{\"@type\":\"ImageObject\",\"inLanguage\":\"fr-FR\",\"@id\":\"https:\/\/escrime-paysdaix.fr\/epaaix\/licciardi-u14-fille-efc\/#primaryimage\",\"url\":\"https:\/\/escrime-paysdaix.fr\/epaaix\/wp-content\/uploads\/2025\/02\/banniere.png\",\"contentUrl\":\"https:\/\/escrime-paysdaix.fr\/epaaix\/wp-content\/uploads\/2025\/02\/banniere.png\",\"width\":1584,\"height\":396,\"caption\":\"trophee licciardi\"},{\"@type\":\"BreadcrumbList\",\"@id\":\"https:\/\/escrime-paysdaix.fr\/epaaix\/licciardi-u14-fille-efc\/#breadcrumb\",\"itemListElement\":[{\"@type\":\"ListItem\",\"position\":1,\"name\":\"Accueil\",\"item\":\"https:\/\/escrime-paysdaix.fr\/epaaix\/\"},{\"@type\":\"ListItem\",\"position\":2,\"name\":\"Licciardi U14 fille EFC\"}]},{\"@type\":\"WebSite\",\"@id\":\"https:\/\/escrime-paysdaix.fr\/epaaix\/#website\",\"url\":\"https:\/\/escrime-paysdaix.fr\/epaaix\/\",\"name\":\"Epa - Escrime Pays d Aix\",\"description\":\"Club d escrime \u00e0 Aix en Provence. Formation Loisir Comp\u00e9tition\",\"publisher\":{\"@id\":\"https:\/\/escrime-paysdaix.fr\/epaaix\/#organization\"},\"potentialAction\":[{\"@type\":\"SearchAction\",\"target\":{\"@type\":\"EntryPoint\",\"urlTemplate\":\"https:\/\/escrime-paysdaix.fr\/epaaix\/?s={search_term_string}\"},\"query-input\":{\"@type\":\"PropertyValueSpecification\",\"valueRequired\":true,\"valueName\":\"search_term_string\"}}],\"inLanguage\":\"fr-FR\"},{\"@type\":\"Organization\",\"@id\":\"https:\/\/escrime-paysdaix.fr\/epaaix\/#organization\",\"name\":\"Epa - Escrime Pays d Aix\",\"url\":\"https:\/\/escrime-paysdaix.fr\/epaaix\/\",\"logo\":{\"@type\":\"ImageObject\",\"inLanguage\":\"fr-FR\",\"@id\":\"https:\/\/escrime-paysdaix.fr\/epaaix\/#\/schema\/logo\/image\/\",\"url\":\"https:\/\/escrime-paysdaix.fr\/epaaix\/wp-content\/uploads\/2021\/03\/epa_logo.png\",\"contentUrl\":\"https:\/\/escrime-paysdaix.fr\/epaaix\/wp-content\/uploads\/2021\/03\/epa_logo.png\",\"width\":474,\"height\":596,\"caption\":\"Epa - Escrime Pays d Aix\"},\"image\":{\"@id\":\"https:\/\/escrime-paysdaix.fr\/epaaix\/#\/schema\/logo\/image\/\"},\"sameAs\":[\"https:\/\/www.facebook.com\/EscrimePaysDAix\",\"https:\/\/x.com\/Epa_Escrime\",\"https:\/\/www.instagram.com\/escrime_aix\",\"https:\/\/www.youtube.com\/channel\/UC0oH02jUultLPvDckstp_UQ\"]}]}<\/script>\n<!-- \/ Yoast SEO plugin. -->","yoast_head_json":{"title":"Licciardi U14 fille EFC - Epa - Escrime Pays d Aix","robots":{"index":"index","follow":"follow","max-snippet":"max-snippet:-1","max-image-preview":"max-image-preview:large","max-video-preview":"max-video-preview:-1"},"canonical":"https:\/\/escrime-paysdaix.fr\/epaaix\/licciardi-u14-fille-efc\/","og_locale":"fr_FR","og_type":"article","og_title":"Licciardi U14 fille EFC - Epa - Escrime Pays d Aix","og_description":"Licciardi Resultat U14 M Resultat U14 F PHOTO R\u00e9sultat complet comp\u00e9titions U14 Fille Troph\u00e9e International Licciardi 2025 Cat\u00e9gorie U14 Filles Rang Nom Pr\u00e9nom Nation Club 1 BRUNET Isia \ud83c\uddeb\ud83c\uddf7 FRA ANTONY 2 VELLIEUX Romane \ud83c\uddeb\ud83c\uddf7 FRA PAYS AIX 3 JOHNSON Olivia \ud83c\uddec\ud83c\udde7 GBR ENGLAND FENCING 3 PENSA Aleksandra \ud83c\uddec\ud83c\udde7 GBR \u00a0 5 WEI Claire \ud83c\uddeb\ud83c\uddf7 [&hellip;]","og_url":"https:\/\/escrime-paysdaix.fr\/epaaix\/licciardi-u14-fille-efc\/","og_site_name":"Epa - Escrime Pays d Aix","article_publisher":"https:\/\/www.facebook.com\/EscrimePaysDAix","article_modified_time":"2025-11-01T19:30:40+00:00","og_image":[{"url":"https:\/\/escrime-paysdaix.fr\/epaaix\/wp-content\/uploads\/2025\/02\/banniere-1024x256.png"}],"twitter_card":"summary_large_image","twitter_site":"@Epa_Escrime","twitter_misc":{"Dur\u00e9e de lecture estim\u00e9e":"9 minutes"},"schema":{"@context":"https:\/\/schema.org","@graph":[{"@type":"WebPage","@id":"https:\/\/escrime-paysdaix.fr\/epaaix\/licciardi-u14-fille-efc\/","url":"https:\/\/escrime-paysdaix.fr\/epaaix\/licciardi-u14-fille-efc\/","name":"Licciardi U14 fille EFC - Epa - Escrime Pays d Aix","isPartOf":{"@id":"https:\/\/escrime-paysdaix.fr\/epaaix\/#website"},"primaryImageOfPage":{"@id":"https:\/\/escrime-paysdaix.fr\/epaaix\/licciardi-u14-fille-efc\/#primaryimage"},"image":{"@id":"https:\/\/escrime-paysdaix.fr\/epaaix\/licciardi-u14-fille-efc\/#primaryimage"},"thumbnailUrl":"https:\/\/escrime-paysdaix.fr\/epaaix\/wp-content\/uploads\/2025\/02\/banniere-1024x256.png","datePublished":"2025-11-01T19:18:11+00:00","dateModified":"2025-11-01T19:30:40+00:00","breadcrumb":{"@id":"https:\/\/escrime-paysdaix.fr\/epaaix\/licciardi-u14-fille-efc\/#breadcrumb"},"inLanguage":"fr-FR","potentialAction":[{"@type":"ReadAction","target":["https:\/\/escrime-paysdaix.fr\/epaaix\/licciardi-u14-fille-efc\/"]}]},{"@type":"ImageObject","inLanguage":"fr-FR","@id":"https:\/\/escrime-paysdaix.fr\/epaaix\/licciardi-u14-fille-efc\/#primaryimage","url":"https:\/\/escrime-paysdaix.fr\/epaaix\/wp-content\/uploads\/2025\/02\/banniere.png","contentUrl":"https:\/\/escrime-paysdaix.fr\/epaaix\/wp-content\/uploads\/2025\/02\/banniere.png","width":1584,"height":396,"caption":"trophee licciardi"},{"@type":"BreadcrumbList","@id":"https:\/\/escrime-paysdaix.fr\/epaaix\/licciardi-u14-fille-efc\/#breadcrumb","itemListElement":[{"@type":"ListItem","position":1,"name":"Accueil","item":"https:\/\/escrime-paysdaix.fr\/epaaix\/"},{"@type":"ListItem","position":2,"name":"Licciardi U14 fille EFC"}]},{"@type":"WebSite","@id":"https:\/\/escrime-paysdaix.fr\/epaaix\/#website","url":"https:\/\/escrime-paysdaix.fr\/epaaix\/","name":"Epa - Escrime Pays d Aix","description":"Club d escrime \u00e0 Aix en Provence. Formation Loisir Comp\u00e9tition","publisher":{"@id":"https:\/\/escrime-paysdaix.fr\/epaaix\/#organization"},"potentialAction":[{"@type":"SearchAction","target":{"@type":"EntryPoint","urlTemplate":"https:\/\/escrime-paysdaix.fr\/epaaix\/?s={search_term_string}"},"query-input":{"@type":"PropertyValueSpecification","valueRequired":true,"valueName":"search_term_string"}}],"inLanguage":"fr-FR"},{"@type":"Organization","@id":"https:\/\/escrime-paysdaix.fr\/epaaix\/#organization","name":"Epa - Escrime Pays d Aix","url":"https:\/\/escrime-paysdaix.fr\/epaaix\/","logo":{"@type":"ImageObject","inLanguage":"fr-FR","@id":"https:\/\/escrime-paysdaix.fr\/epaaix\/#\/schema\/logo\/image\/","url":"https:\/\/escrime-paysdaix.fr\/epaaix\/wp-content\/uploads\/2021\/03\/epa_logo.png","contentUrl":"https:\/\/escrime-paysdaix.fr\/epaaix\/wp-content\/uploads\/2021\/03\/epa_logo.png","width":474,"height":596,"caption":"Epa - Escrime Pays d Aix"},"image":{"@id":"https:\/\/escrime-paysdaix.fr\/epaaix\/#\/schema\/logo\/image\/"},"sameAs":["https:\/\/www.facebook.com\/EscrimePaysDAix","https:\/\/x.com\/Epa_Escrime","https:\/\/www.instagram.com\/escrime_aix","https:\/\/www.youtube.com\/channel\/UC0oH02jUultLPvDckstp_UQ"]}]}},"jetpack_sharing_enabled":true,"_links":{"self":[{"href":"https:\/\/escrime-paysdaix.fr\/epaaix\/wp-json\/wp\/v2\/pages\/12077","targetHints":{"allow":["GET"]}}],"collection":[{"href":"https:\/\/escrime-paysdaix.fr\/epaaix\/wp-json\/wp\/v2\/pages"}],"about":[{"href":"https:\/\/escrime-paysdaix.fr\/epaaix\/wp-json\/wp\/v2\/types\/page"}],"author":[{"embeddable":true,"href":"https:\/\/escrime-paysdaix.fr\/epaaix\/wp-json\/wp\/v2\/users\/7"}],"replies":[{"embeddable":true,"href":"https:\/\/escrime-paysdaix.fr\/epaaix\/wp-json\/wp\/v2\/comments?post=12077"}],"version-history":[{"count":14,"href":"https:\/\/escrime-paysdaix.fr\/epaaix\/wp-json\/wp\/v2\/pages\/12077\/revisions"}],"predecessor-version":[{"id":12103,"href":"https:\/\/escrime-paysdaix.fr\/epaaix\/wp-json\/wp\/v2\/pages\/12077\/revisions\/12103"}],"wp:attachment":[{"href":"https:\/\/escrime-paysdaix.fr\/epaaix\/wp-json\/wp\/v2\/media?parent=12077"}],"curies":[{"name":"wp","href":"https:\/\/api.w.org\/{rel}","templated":true}]}}