{"id":12008,"date":"2025-10-31T20:45:50","date_gmt":"2025-10-31T20:45:50","guid":{"rendered":"https:\/\/escrime-paysdaix.fr\/epaaix\/?page_id=12008"},"modified":"2025-10-31T20:58:46","modified_gmt":"2025-10-31T20:58:46","slug":"licciardi-u12f-resultat","status":"publish","type":"page","link":"https:\/\/escrime-paysdaix.fr\/epaaix\/licciardi-u12f-resultat\/","title":{"rendered":"Licciardi U12F Resultat"},"content":{"rendered":"\t\t<div data-elementor-type=\"wp-page\" data-elementor-id=\"12008\" class=\"elementor elementor-12008\" data-elementor-settings=\"[]\">\n\t\t\t\t\t\t<div class=\"elementor-inner\">\n\t\t\t\t\t\t\t<div class=\"elementor-section-wrap\">\n\t\t\t\t\t\t\t<section class=\"elementor-section elementor-top-section elementor-element elementor-element-698ad917 elementor-section-boxed elementor-section-height-default elementor-section-height-default\" data-id=\"698ad917\" data-element_type=\"section\">\n\t\t\t\t\t\t<div class=\"elementor-container elementor-column-gap-default\">\n\t\t\t\t\t\t\t<div class=\"elementor-row\">\n\t\t\t\t\t<div class=\"elementor-column elementor-col-100 elementor-top-column elementor-element elementor-element-1bb99dd1\" data-id=\"1bb99dd1\" data-element_type=\"column\">\n\t\t\t<div class=\"elementor-column-wrap elementor-element-populated\">\n\t\t\t\t\t\t\t<div class=\"elementor-widget-wrap\">\n\t\t\t\t\t\t<div class=\"elementor-element elementor-element-276e29d7 elementor-widget elementor-widget-image\" data-id=\"276e29d7\" data-element_type=\"widget\" data-widget_type=\"image.default\">\n\t\t\t\t<div class=\"elementor-widget-container\">\n\t\t\t\t\t\t\t\t<div class=\"elementor-image\">\n\t\t\t\t\t\t\t\t\t\t\t\t<img loading=\"lazy\" decoding=\"async\" width=\"750\" height=\"188\" src=\"https:\/\/escrime-paysdaix.fr\/epaaix\/wp-content\/uploads\/2025\/02\/banniere-1024x256.png\" class=\"attachment-large size-large\" alt=\"trophee licciardi\" srcset=\"https:\/\/escrime-paysdaix.fr\/epaaix\/wp-content\/uploads\/2025\/02\/banniere-1024x256.png 1024w, https:\/\/escrime-paysdaix.fr\/epaaix\/wp-content\/uploads\/2025\/02\/banniere-300x75.png 300w, https:\/\/escrime-paysdaix.fr\/epaaix\/wp-content\/uploads\/2025\/02\/banniere-768x192.png 768w, https:\/\/escrime-paysdaix.fr\/epaaix\/wp-content\/uploads\/2025\/02\/banniere-1536x384.png 1536w, https:\/\/escrime-paysdaix.fr\/epaaix\/wp-content\/uploads\/2025\/02\/banniere.png 1584w, https:\/\/escrime-paysdaix.fr\/epaaix\/wp-content\/uploads\/2025\/02\/banniere-600x150.png 600w, https:\/\/escrime-paysdaix.fr\/epaaix\/wp-content\/uploads\/2025\/02\/banniere-280x70.png 280w\" sizes=\"auto, (max-width: 750px) 100vw, 750px\" \/>\t\t\t\t\t\t\t\t\t\t\t\t\t\t<\/div>\n\t\t\t\t\t\t<\/div>\n\t\t\t\t<\/div>\n\t\t\t\t\t\t<\/div>\n\t\t\t\t\t<\/div>\n\t\t<\/div>\n\t\t\t\t\t\t\t\t<\/div>\n\t\t\t\t\t<\/div>\n\t\t<\/section>\n\t\t\t\t<section class=\"elementor-section elementor-top-section elementor-element elementor-element-259bf5b9 elementor-section-boxed elementor-section-height-default elementor-section-height-default\" data-id=\"259bf5b9\" data-element_type=\"section\">\n\t\t\t\t\t\t<div class=\"elementor-container elementor-column-gap-default\">\n\t\t\t\t\t\t\t<div class=\"elementor-row\">\n\t\t\t\t\t<div class=\"elementor-column elementor-col-25 elementor-top-column elementor-element elementor-element-22bcffab\" data-id=\"22bcffab\" data-element_type=\"column\">\n\t\t\t<div class=\"elementor-column-wrap elementor-element-populated\">\n\t\t\t\t\t\t\t<div class=\"elementor-widget-wrap\">\n\t\t\t\t\t\t<div class=\"elementor-element elementor-element-1b517d8d elementor-widget elementor-widget-button\" data-id=\"1b517d8d\" data-element_type=\"widget\" data-widget_type=\"button.default\">\n\t\t\t\t<div class=\"elementor-widget-container\">\n\t\t\t\t\t<div class=\"elementor-button-wrapper\">\n\t\t\t<a href=\"https:\/\/escrime-paysdaix.fr\/epaaix\/trophee-licciardi-2025\/\" class=\"elementor-button-link elementor-button elementor-size-sm\" role=\"button\">\n\t\t\t\t\t\t<span class=\"elementor-button-content-wrapper\">\n\t\t\t\t\t\t<span class=\"elementor-button-text\">Licciardi<\/span>\n\t\t<\/span>\n\t\t\t\t\t<\/a>\n\t\t<\/div>\n\t\t\t\t<\/div>\n\t\t\t\t<\/div>\n\t\t\t\t\t\t<\/div>\n\t\t\t\t\t<\/div>\n\t\t<\/div>\n\t\t\t\t<div class=\"elementor-column elementor-col-25 elementor-top-column elementor-element elementor-element-7e1b652a\" data-id=\"7e1b652a\" data-element_type=\"column\">\n\t\t\t<div class=\"elementor-column-wrap elementor-element-populated\">\n\t\t\t\t\t\t\t<div class=\"elementor-widget-wrap\">\n\t\t\t\t\t\t<div class=\"elementor-element elementor-element-7c208bbd elementor-widget elementor-widget-button\" data-id=\"7c208bbd\" data-element_type=\"widget\" data-widget_type=\"button.default\">\n\t\t\t\t<div class=\"elementor-widget-container\">\n\t\t\t\t\t<div class=\"elementor-button-wrapper\">\n\t\t\t<a href=\"https:\/\/escrime-paysdaix.fr\/epaaix\/licciardi-12g-resultat\/\" class=\"elementor-button-link elementor-button elementor-size-sm\" role=\"button\">\n\t\t\t\t\t\t<span class=\"elementor-button-content-wrapper\">\n\t\t\t\t\t\t<span class=\"elementor-button-text\">Resultat U12 M<\/span>\n\t\t<\/span>\n\t\t\t\t\t<\/a>\n\t\t<\/div>\n\t\t\t\t<\/div>\n\t\t\t\t<\/div>\n\t\t\t\t\t\t<\/div>\n\t\t\t\t\t<\/div>\n\t\t<\/div>\n\t\t\t\t<div class=\"elementor-column elementor-col-25 elementor-top-column elementor-element elementor-element-6fdd8fd4\" data-id=\"6fdd8fd4\" data-element_type=\"column\">\n\t\t\t<div class=\"elementor-column-wrap elementor-element-populated\">\n\t\t\t\t\t\t\t<div class=\"elementor-widget-wrap\">\n\t\t\t\t\t\t<div class=\"elementor-element elementor-element-446b3d45 elementor-widget elementor-widget-button\" data-id=\"446b3d45\" data-element_type=\"widget\" data-widget_type=\"button.default\">\n\t\t\t\t<div class=\"elementor-widget-container\">\n\t\t\t\t\t<div class=\"elementor-button-wrapper\">\n\t\t\t<a href=\"https:\/\/escrime-paysdaix.fr\/epaaix\/licciardi-u12f-resultat\/\" class=\"elementor-button-link elementor-button elementor-size-sm\" role=\"button\">\n\t\t\t\t\t\t<span class=\"elementor-button-content-wrapper\">\n\t\t\t\t\t\t<span class=\"elementor-button-text\">Resultat U12 F<\/span>\n\t\t<\/span>\n\t\t\t\t\t<\/a>\n\t\t<\/div>\n\t\t\t\t<\/div>\n\t\t\t\t<\/div>\n\t\t\t\t\t\t<\/div>\n\t\t\t\t\t<\/div>\n\t\t<\/div>\n\t\t\t\t<div class=\"elementor-column elementor-col-25 elementor-top-column elementor-element elementor-element-620ede3a\" data-id=\"620ede3a\" data-element_type=\"column\">\n\t\t\t<div class=\"elementor-column-wrap elementor-element-populated\">\n\t\t\t\t\t\t\t<div class=\"elementor-widget-wrap\">\n\t\t\t\t\t\t<div class=\"elementor-element elementor-element-3105fa53 elementor-widget elementor-widget-button\" data-id=\"3105fa53\" data-element_type=\"widget\" data-widget_type=\"button.default\">\n\t\t\t\t<div class=\"elementor-widget-container\">\n\t\t\t\t\t<div class=\"elementor-button-wrapper\">\n\t\t\t<a href=\"https:\/\/escrime-paysdaix.fr\/epaaix\/licciardi-u12-photos\/\" class=\"elementor-button-link elementor-button elementor-size-sm\" role=\"button\">\n\t\t\t\t\t\t<span class=\"elementor-button-content-wrapper\">\n\t\t\t\t\t\t<span class=\"elementor-button-text\">PHOTOS<\/span>\n\t\t<\/span>\n\t\t\t\t\t<\/a>\n\t\t<\/div>\n\t\t\t\t<\/div>\n\t\t\t\t<\/div>\n\t\t\t\t\t\t<\/div>\n\t\t\t\t\t<\/div>\n\t\t<\/div>\n\t\t\t\t\t\t\t\t<\/div>\n\t\t\t\t\t<\/div>\n\t\t<\/section>\n\t\t\t\t<section class=\"elementor-section elementor-top-section elementor-element elementor-element-52c29100 elementor-section-boxed elementor-section-height-default elementor-section-height-default\" data-id=\"52c29100\" data-element_type=\"section\">\n\t\t\t\t\t\t<div class=\"elementor-container elementor-column-gap-default\">\n\t\t\t\t\t\t\t<div class=\"elementor-row\">\n\t\t\t\t\t<div class=\"elementor-column elementor-col-100 elementor-top-column elementor-element elementor-element-6ac0d0d3\" data-id=\"6ac0d0d3\" data-element_type=\"column\">\n\t\t\t<div class=\"elementor-column-wrap elementor-element-populated\">\n\t\t\t\t\t\t\t<div class=\"elementor-widget-wrap\">\n\t\t\t\t\t\t<div class=\"elementor-element elementor-element-72b93941 elementor-widget elementor-widget-text-editor\" data-id=\"72b93941\" data-element_type=\"widget\" data-widget_type=\"text-editor.default\">\n\t\t\t\t<div class=\"elementor-widget-container\">\n\t\t\t\t\t\t\t\t<div class=\"elementor-text-editor elementor-clearfix\">\n\t\t\t\t\t<h4><span style=\"text-decoration: underline; color: #000080;\"><a style=\"color: #000080; text-decoration: underline;\" href=\"https:\/\/escrime-paysdaix.fr\/epaaix\/wp-content\/uploads\/2025\/10\/Fichier-Global-U12F.pdf\">R\u00e9sultat\u00a0 complet comp\u00e9tition U12F<\/a><\/span><\/h4>\t\t\t\t\t<\/div>\n\t\t\t\t\t\t<\/div>\n\t\t\t\t<\/div>\n\t\t\t\t<div class=\"elementor-element elementor-element-4133d92 elementor-widget elementor-widget-text-editor\" data-id=\"4133d92\" data-element_type=\"widget\" data-widget_type=\"text-editor.default\">\n\t\t\t\t<div class=\"elementor-widget-container\">\n\t\t\t\t\t\t\t\t<div class=\"elementor-text-editor elementor-clearfix\">\n\t\t\t\t\t<h1>\ud83c\udfc6 Troph\u00e9e International Licciardi 2025<\/h1>\n  <h2>Cat\u00e9gorie U12 Filles<\/h2>\n  <table>\n    <thead>\n      <tr><th>Rang<\/th><th>Nom<\/th><th>Pr\u00e9nom<\/th><th>Nation<\/th><th>Club<\/th><\/tr>\n    <\/thead>\n    <tbody>\n<tr><td>1<\/td><td>HADDAD<\/td><td>Mayssan<\/td><td class='flag'>\ud83c\uddeb\ud83c\uddf7 FRA<\/td><td>PARIS NORD<\/td><\/tr>\n<tr><td>2<\/td><td>CHAUVIN<\/td><td>Nolwen<\/td><td class='flag'>\ud83c\uddeb\ud83c\uddf7 FRA<\/td><td>LYON MDF<\/td><\/tr>\n<tr><td>3<\/td><td>POULAIN<\/td><td>Mahaut<\/td><td class='flag'>\ud83c\uddeb\ud83c\uddf7 FRA<\/td><td>PARIS ESC<\/td><\/tr>\n<tr><td>3<\/td><td>GAIERO<\/td><td>Lucie<\/td><td class='flag'>\ud83c\uddeb\ud83c\uddf7 FRA<\/td><td>CANNES<\/td><\/tr>\n<tr><td>5<\/td><td>CAMPONOVO<\/td><td>Mathilde<\/td><td class='flag'>\ud83c\uddeb\ud83c\uddf7 FRA<\/td><td>CANNES<\/td><\/tr>\n<tr><td>6<\/td><td>GOPKO<\/td><td>Vera<\/td><td class='flag'>\ud83c\uddeb\ud83c\uddf7 FRA<\/td><td>SEL<\/td><\/tr>\n<tr><td>7<\/td><td>OSORIO-SETCHEL<\/td><td>Emilia<\/td><td class='flag'>\ud83c\uddec\ud83c\udde7 GBR<\/td><td>FIGHTING FIT FC<\/td><\/tr>\n<tr><td>8<\/td><td>PELLER ANDRE<\/td><td>Ad\u00e8le<\/td><td class='flag'>\ud83c\uddeb\ud83c\uddf7 FRA<\/td><td>CANNES<\/td><\/tr>\n<tr><td>9<\/td><td>PECCHIA<\/td><td>Vera<\/td><td class='flag'>\ud83c\uddeb\ud83c\uddf7 FRA<\/td><td>CANNES<\/td><\/tr>\n<tr><td>10<\/td><td>FAILLON<\/td><td>Pearl<\/td><td class='flag'>\ud83c\uddeb\ud83c\uddf7 FRA<\/td><td>ANNEMASSE<\/td><\/tr>\n    <\/tbody>\n  <\/table>\t\t\t\t\t<\/div>\n\t\t\t\t\t\t<\/div>\n\t\t\t\t<\/div>\n\t\t\t\t\t\t<\/div>\n\t\t\t\t\t<\/div>\n\t\t<\/div>\n\t\t\t\t\t\t\t\t<\/div>\n\t\t\t\t\t<\/div>\n\t\t<\/section>\n\t\t\t\t<section class=\"elementor-section elementor-top-section elementor-element elementor-element-264a40a5 elementor-section-boxed elementor-section-height-default elementor-section-height-default\" data-id=\"264a40a5\" data-element_type=\"section\">\n\t\t\t\t\t\t<div class=\"elementor-container elementor-column-gap-default\">\n\t\t\t\t\t\t\t<div class=\"elementor-row\">\n\t\t\t\t\t<div class=\"elementor-column elementor-col-100 elementor-top-column elementor-element elementor-element-6d912141\" data-id=\"6d912141\" data-element_type=\"column\">\n\t\t\t<div class=\"elementor-column-wrap elementor-element-populated\">\n\t\t\t\t\t\t\t<div class=\"elementor-widget-wrap\">\n\t\t\t\t\t\t<section class=\"elementor-section elementor-inner-section elementor-element elementor-element-21daa296 elementor-section-boxed elementor-section-height-default elementor-section-height-default\" data-id=\"21daa296\" data-element_type=\"section\">\n\t\t\t\t\t\t<div class=\"elementor-container elementor-column-gap-default\">\n\t\t\t\t\t\t\t<div class=\"elementor-row\">\n\t\t\t\t\t<div class=\"elementor-column elementor-col-50 elementor-inner-column elementor-element elementor-element-336d0063\" data-id=\"336d0063\" data-element_type=\"column\">\n\t\t\t<div class=\"elementor-column-wrap elementor-element-populated\">\n\t\t\t\t\t\t\t<div class=\"elementor-widget-wrap\">\n\t\t\t\t\t\t<div class=\"elementor-element elementor-element-2de143cb elementor-widget elementor-widget-text-editor\" data-id=\"2de143cb\" data-element_type=\"widget\" data-widget_type=\"text-editor.default\">\n\t\t\t\t<div class=\"elementor-widget-container\">\n\t\t\t\t\t\t\t\t<div class=\"elementor-text-editor elementor-clearfix\">\n\t\t\t\t\t<p><strong>Stage initiation Escrime Pays d&#8217;AIX<\/strong><\/p>\n<p><a href=\"https:\/\/escrime-paysdaix.fr\/epaaix\/events\/stage-m9-m13-fevrier-2024-2\/\">17 au 21 F\u00e9vrier Stage Initiation et Perfectionnement de 6 \u00e0 12 ans<\/a><\/p>\n<p><a href=\"https:\/\/escrime-paysdaix.fr\/epaaix\/events\/stage-m9-m13-paques-2024\/\">14 au 18 Avril Stage Initiation et Perfectionnement de 6 \u00e0 12 ans<\/a><\/p>\n<p><a href=\"https:\/\/escrime-paysdaix.fr\/epaaix\/events\/stage-m9-m13-juillet-2024\/\">07 au 11 juillet Stage Initiation et Perfectionnement de 6 \u00e0 12 ans<\/a><\/p>\t\t\t\t\t<\/div>\n\t\t\t\t\t\t<\/div>\n\t\t\t\t<\/div>\n\t\t\t\t\t\t<\/div>\n\t\t\t\t\t<\/div>\n\t\t<\/div>\n\t\t\t\t<div class=\"elementor-column elementor-col-50 elementor-inner-column elementor-element elementor-element-26a9f0fc\" data-id=\"26a9f0fc\" data-element_type=\"column\">\n\t\t\t<div class=\"elementor-column-wrap elementor-element-populated\">\n\t\t\t\t\t\t\t<div class=\"elementor-widget-wrap\">\n\t\t\t\t\t\t<div class=\"elementor-element elementor-element-213a134e elementor-widget elementor-widget-text-editor\" data-id=\"213a134e\" data-element_type=\"widget\" data-widget_type=\"text-editor.default\">\n\t\t\t\t<div class=\"elementor-widget-container\">\n\t\t\t\t\t\t\t\t<div class=\"elementor-text-editor elementor-clearfix\">\n\t\t\t\t\t<p>Stages comp\u00e9titeurs ouverts\/<em>Competitor Training Camps Open to All<\/em><\/p>\n<p><a href=\"https:\/\/escrime-paysdaix.fr\/epaaix\/events\/stage-competiteurs-fevrier-2024\/\">17 au 21 F\u00e9vrier Stage Comp\u00e9titeur, ouvert \u00e0 tous les tireurs confirm\u00e9s<\/a><\/p>\n<p><em>February 17-21: Competitor Training Camp, open to all experienced fencers<\/em><\/p>\n<p><a href=\"https:\/\/escrime-paysdaix.fr\/epaaix\/events\/stage-competiteurs-paques-2025-open\/\">7 au 11 Avril Stage Comp\u00e9titeur, ouvert \u00e0 tous les tireurs confirm\u00e9s<\/a><\/p>\n<p><em>April 7-11: Competitor Training Camp, open to all experienced fencers<\/em><\/p>\n<p><a href=\"https:\/\/escrime-paysdaix.fr\/epaaix\/events\/stage-competiteurs-ete-2025-open\/\"><strong>02 au 08 Aout Stage International\/ Camps d&#8217;\u00e9t\u00e9<\/strong><\/a><\/p>\n<p><em><strong>August 2-8: International Training Camp \/ Summer Camp<\/strong><\/em><\/p>\n<p>\u00a0<\/p>\t\t\t\t\t<\/div>\n\t\t\t\t\t\t<\/div>\n\t\t\t\t<\/div>\n\t\t\t\t\t\t<\/div>\n\t\t\t\t\t<\/div>\n\t\t<\/div>\n\t\t\t\t\t\t\t\t<\/div>\n\t\t\t\t\t<\/div>\n\t\t<\/section>\n\t\t\t\t\t\t<\/div>\n\t\t\t\t\t<\/div>\n\t\t<\/div>\n\t\t\t\t\t\t\t\t<\/div>\n\t\t\t\t\t<\/div>\n\t\t<\/section>\n\t\t\t\t\t\t<\/div>\n\t\t\t\t\t\t<\/div>\n\t\t\t\t\t<\/div>\n\t\t","protected":false},"excerpt":{"rendered":"<p>Licciardi Resultat U12 M Resultat U12 F PHOTOS R\u00e9sultat\u00a0 complet comp\u00e9tition U12F \ud83c\udfc6 Troph\u00e9e International Licciardi 2025 Cat\u00e9gorie U12 Filles Rang Nom Pr\u00e9nom Nation Club 1 HADDAD Mayssan \ud83c\uddeb\ud83c\uddf7 FRA PARIS NORD 2 CHAUVIN Nolwen \ud83c\uddeb\ud83c\uddf7 FRA LYON MDF 3 POULAIN Mahaut \ud83c\uddeb\ud83c\uddf7 FRA PARIS ESC 3 GAIERO Lucie \ud83c\uddeb\ud83c\uddf7 FRA CANNES 5 CAMPONOVO Mathilde [&hellip;]<\/p>\n","protected":false},"author":7,"featured_media":0,"parent":0,"menu_order":0,"comment_status":"closed","ping_status":"closed","template":"","meta":{"_eb_attr":"","footnotes":""},"class_list":["post-12008","page","type-page","status-publish","hentry"],"yoast_head":"<!-- This site is optimized with the Yoast SEO plugin v23.4 - https:\/\/yoast.com\/wordpress\/plugins\/seo\/ -->\n<title>Licciardi U12F Resultat - Epa - Escrime Pays d Aix<\/title>\n<meta name=\"robots\" content=\"index, follow, max-snippet:-1, max-image-preview:large, max-video-preview:-1\" \/>\n<link rel=\"canonical\" href=\"https:\/\/escrime-paysdaix.fr\/epaaix\/licciardi-u12f-resultat\/\" \/>\n<meta property=\"og:locale\" content=\"fr_FR\" \/>\n<meta property=\"og:type\" content=\"article\" \/>\n<meta property=\"og:title\" content=\"Licciardi U12F Resultat - Epa - Escrime Pays d Aix\" \/>\n<meta property=\"og:description\" content=\"Licciardi Resultat U12 M Resultat U12 F PHOTOS R\u00e9sultat\u00a0 complet comp\u00e9tition U12F \ud83c\udfc6 Troph\u00e9e International Licciardi 2025 Cat\u00e9gorie U12 Filles Rang Nom Pr\u00e9nom Nation Club 1 HADDAD Mayssan \ud83c\uddeb\ud83c\uddf7 FRA PARIS NORD 2 CHAUVIN Nolwen \ud83c\uddeb\ud83c\uddf7 FRA LYON MDF 3 POULAIN Mahaut \ud83c\uddeb\ud83c\uddf7 FRA PARIS ESC 3 GAIERO Lucie \ud83c\uddeb\ud83c\uddf7 FRA CANNES 5 CAMPONOVO Mathilde [&hellip;]\" \/>\n<meta property=\"og:url\" content=\"https:\/\/escrime-paysdaix.fr\/epaaix\/licciardi-u12f-resultat\/\" \/>\n<meta property=\"og:site_name\" content=\"Epa - Escrime Pays d Aix\" \/>\n<meta property=\"article:publisher\" content=\"https:\/\/www.facebook.com\/EscrimePaysDAix\" \/>\n<meta property=\"article:modified_time\" content=\"2025-10-31T20:58:46+00:00\" \/>\n<meta property=\"og:image\" content=\"https:\/\/escrime-paysdaix.fr\/epaaix\/wp-content\/uploads\/2025\/02\/banniere-1024x256.png\" \/>\n<meta name=\"twitter:card\" content=\"summary_large_image\" \/>\n<meta name=\"twitter:site\" content=\"@Epa_Escrime\" \/>\n<meta name=\"twitter:label1\" content=\"Dur\u00e9e de lecture estim\u00e9e\" \/>\n\t<meta name=\"twitter:data1\" content=\"4 minutes\" \/>\n<script type=\"application\/ld+json\" class=\"yoast-schema-graph\">{\"@context\":\"https:\/\/schema.org\",\"@graph\":[{\"@type\":\"WebPage\",\"@id\":\"https:\/\/escrime-paysdaix.fr\/epaaix\/licciardi-u12f-resultat\/\",\"url\":\"https:\/\/escrime-paysdaix.fr\/epaaix\/licciardi-u12f-resultat\/\",\"name\":\"Licciardi U12F Resultat - Epa - Escrime Pays d Aix\",\"isPartOf\":{\"@id\":\"https:\/\/escrime-paysdaix.fr\/epaaix\/#website\"},\"primaryImageOfPage\":{\"@id\":\"https:\/\/escrime-paysdaix.fr\/epaaix\/licciardi-u12f-resultat\/#primaryimage\"},\"image\":{\"@id\":\"https:\/\/escrime-paysdaix.fr\/epaaix\/licciardi-u12f-resultat\/#primaryimage\"},\"thumbnailUrl\":\"https:\/\/escrime-paysdaix.fr\/epaaix\/wp-content\/uploads\/2025\/02\/banniere-1024x256.png\",\"datePublished\":\"2025-10-31T20:45:50+00:00\",\"dateModified\":\"2025-10-31T20:58:46+00:00\",\"breadcrumb\":{\"@id\":\"https:\/\/escrime-paysdaix.fr\/epaaix\/licciardi-u12f-resultat\/#breadcrumb\"},\"inLanguage\":\"fr-FR\",\"potentialAction\":[{\"@type\":\"ReadAction\",\"target\":[\"https:\/\/escrime-paysdaix.fr\/epaaix\/licciardi-u12f-resultat\/\"]}]},{\"@type\":\"ImageObject\",\"inLanguage\":\"fr-FR\",\"@id\":\"https:\/\/escrime-paysdaix.fr\/epaaix\/licciardi-u12f-resultat\/#primaryimage\",\"url\":\"https:\/\/escrime-paysdaix.fr\/epaaix\/wp-content\/uploads\/2025\/02\/banniere.png\",\"contentUrl\":\"https:\/\/escrime-paysdaix.fr\/epaaix\/wp-content\/uploads\/2025\/02\/banniere.png\",\"width\":1584,\"height\":396,\"caption\":\"trophee licciardi\"},{\"@type\":\"BreadcrumbList\",\"@id\":\"https:\/\/escrime-paysdaix.fr\/epaaix\/licciardi-u12f-resultat\/#breadcrumb\",\"itemListElement\":[{\"@type\":\"ListItem\",\"position\":1,\"name\":\"Accueil\",\"item\":\"https:\/\/escrime-paysdaix.fr\/epaaix\/\"},{\"@type\":\"ListItem\",\"position\":2,\"name\":\"Licciardi U12F Resultat\"}]},{\"@type\":\"WebSite\",\"@id\":\"https:\/\/escrime-paysdaix.fr\/epaaix\/#website\",\"url\":\"https:\/\/escrime-paysdaix.fr\/epaaix\/\",\"name\":\"Epa - Escrime Pays d Aix\",\"description\":\"Club d escrime \u00e0 Aix en Provence. Formation Loisir Comp\u00e9tition\",\"publisher\":{\"@id\":\"https:\/\/escrime-paysdaix.fr\/epaaix\/#organization\"},\"potentialAction\":[{\"@type\":\"SearchAction\",\"target\":{\"@type\":\"EntryPoint\",\"urlTemplate\":\"https:\/\/escrime-paysdaix.fr\/epaaix\/?s={search_term_string}\"},\"query-input\":{\"@type\":\"PropertyValueSpecification\",\"valueRequired\":true,\"valueName\":\"search_term_string\"}}],\"inLanguage\":\"fr-FR\"},{\"@type\":\"Organization\",\"@id\":\"https:\/\/escrime-paysdaix.fr\/epaaix\/#organization\",\"name\":\"Epa - Escrime Pays d Aix\",\"url\":\"https:\/\/escrime-paysdaix.fr\/epaaix\/\",\"logo\":{\"@type\":\"ImageObject\",\"inLanguage\":\"fr-FR\",\"@id\":\"https:\/\/escrime-paysdaix.fr\/epaaix\/#\/schema\/logo\/image\/\",\"url\":\"https:\/\/escrime-paysdaix.fr\/epaaix\/wp-content\/uploads\/2021\/03\/epa_logo.png\",\"contentUrl\":\"https:\/\/escrime-paysdaix.fr\/epaaix\/wp-content\/uploads\/2021\/03\/epa_logo.png\",\"width\":474,\"height\":596,\"caption\":\"Epa - Escrime Pays d Aix\"},\"image\":{\"@id\":\"https:\/\/escrime-paysdaix.fr\/epaaix\/#\/schema\/logo\/image\/\"},\"sameAs\":[\"https:\/\/www.facebook.com\/EscrimePaysDAix\",\"https:\/\/x.com\/Epa_Escrime\",\"https:\/\/www.instagram.com\/escrime_aix\",\"https:\/\/www.youtube.com\/channel\/UC0oH02jUultLPvDckstp_UQ\"]}]}<\/script>\n<!-- \/ Yoast SEO plugin. -->","yoast_head_json":{"title":"Licciardi U12F Resultat - Epa - Escrime Pays d Aix","robots":{"index":"index","follow":"follow","max-snippet":"max-snippet:-1","max-image-preview":"max-image-preview:large","max-video-preview":"max-video-preview:-1"},"canonical":"https:\/\/escrime-paysdaix.fr\/epaaix\/licciardi-u12f-resultat\/","og_locale":"fr_FR","og_type":"article","og_title":"Licciardi U12F Resultat - Epa - Escrime Pays d Aix","og_description":"Licciardi Resultat U12 M Resultat U12 F PHOTOS R\u00e9sultat\u00a0 complet comp\u00e9tition U12F \ud83c\udfc6 Troph\u00e9e International Licciardi 2025 Cat\u00e9gorie U12 Filles Rang Nom Pr\u00e9nom Nation Club 1 HADDAD Mayssan \ud83c\uddeb\ud83c\uddf7 FRA PARIS NORD 2 CHAUVIN Nolwen \ud83c\uddeb\ud83c\uddf7 FRA LYON MDF 3 POULAIN Mahaut \ud83c\uddeb\ud83c\uddf7 FRA PARIS ESC 3 GAIERO Lucie \ud83c\uddeb\ud83c\uddf7 FRA CANNES 5 CAMPONOVO Mathilde [&hellip;]","og_url":"https:\/\/escrime-paysdaix.fr\/epaaix\/licciardi-u12f-resultat\/","og_site_name":"Epa - Escrime Pays d Aix","article_publisher":"https:\/\/www.facebook.com\/EscrimePaysDAix","article_modified_time":"2025-10-31T20:58:46+00:00","og_image":[{"url":"https:\/\/escrime-paysdaix.fr\/epaaix\/wp-content\/uploads\/2025\/02\/banniere-1024x256.png"}],"twitter_card":"summary_large_image","twitter_site":"@Epa_Escrime","twitter_misc":{"Dur\u00e9e de lecture estim\u00e9e":"4 minutes"},"schema":{"@context":"https:\/\/schema.org","@graph":[{"@type":"WebPage","@id":"https:\/\/escrime-paysdaix.fr\/epaaix\/licciardi-u12f-resultat\/","url":"https:\/\/escrime-paysdaix.fr\/epaaix\/licciardi-u12f-resultat\/","name":"Licciardi U12F Resultat - Epa - Escrime Pays d Aix","isPartOf":{"@id":"https:\/\/escrime-paysdaix.fr\/epaaix\/#website"},"primaryImageOfPage":{"@id":"https:\/\/escrime-paysdaix.fr\/epaaix\/licciardi-u12f-resultat\/#primaryimage"},"image":{"@id":"https:\/\/escrime-paysdaix.fr\/epaaix\/licciardi-u12f-resultat\/#primaryimage"},"thumbnailUrl":"https:\/\/escrime-paysdaix.fr\/epaaix\/wp-content\/uploads\/2025\/02\/banniere-1024x256.png","datePublished":"2025-10-31T20:45:50+00:00","dateModified":"2025-10-31T20:58:46+00:00","breadcrumb":{"@id":"https:\/\/escrime-paysdaix.fr\/epaaix\/licciardi-u12f-resultat\/#breadcrumb"},"inLanguage":"fr-FR","potentialAction":[{"@type":"ReadAction","target":["https:\/\/escrime-paysdaix.fr\/epaaix\/licciardi-u12f-resultat\/"]}]},{"@type":"ImageObject","inLanguage":"fr-FR","@id":"https:\/\/escrime-paysdaix.fr\/epaaix\/licciardi-u12f-resultat\/#primaryimage","url":"https:\/\/escrime-paysdaix.fr\/epaaix\/wp-content\/uploads\/2025\/02\/banniere.png","contentUrl":"https:\/\/escrime-paysdaix.fr\/epaaix\/wp-content\/uploads\/2025\/02\/banniere.png","width":1584,"height":396,"caption":"trophee licciardi"},{"@type":"BreadcrumbList","@id":"https:\/\/escrime-paysdaix.fr\/epaaix\/licciardi-u12f-resultat\/#breadcrumb","itemListElement":[{"@type":"ListItem","position":1,"name":"Accueil","item":"https:\/\/escrime-paysdaix.fr\/epaaix\/"},{"@type":"ListItem","position":2,"name":"Licciardi U12F Resultat"}]},{"@type":"WebSite","@id":"https:\/\/escrime-paysdaix.fr\/epaaix\/#website","url":"https:\/\/escrime-paysdaix.fr\/epaaix\/","name":"Epa - Escrime Pays d Aix","description":"Club d escrime \u00e0 Aix en Provence. Formation Loisir Comp\u00e9tition","publisher":{"@id":"https:\/\/escrime-paysdaix.fr\/epaaix\/#organization"},"potentialAction":[{"@type":"SearchAction","target":{"@type":"EntryPoint","urlTemplate":"https:\/\/escrime-paysdaix.fr\/epaaix\/?s={search_term_string}"},"query-input":{"@type":"PropertyValueSpecification","valueRequired":true,"valueName":"search_term_string"}}],"inLanguage":"fr-FR"},{"@type":"Organization","@id":"https:\/\/escrime-paysdaix.fr\/epaaix\/#organization","name":"Epa - Escrime Pays d Aix","url":"https:\/\/escrime-paysdaix.fr\/epaaix\/","logo":{"@type":"ImageObject","inLanguage":"fr-FR","@id":"https:\/\/escrime-paysdaix.fr\/epaaix\/#\/schema\/logo\/image\/","url":"https:\/\/escrime-paysdaix.fr\/epaaix\/wp-content\/uploads\/2021\/03\/epa_logo.png","contentUrl":"https:\/\/escrime-paysdaix.fr\/epaaix\/wp-content\/uploads\/2021\/03\/epa_logo.png","width":474,"height":596,"caption":"Epa - Escrime Pays d Aix"},"image":{"@id":"https:\/\/escrime-paysdaix.fr\/epaaix\/#\/schema\/logo\/image\/"},"sameAs":["https:\/\/www.facebook.com\/EscrimePaysDAix","https:\/\/x.com\/Epa_Escrime","https:\/\/www.instagram.com\/escrime_aix","https:\/\/www.youtube.com\/channel\/UC0oH02jUultLPvDckstp_UQ"]}]}},"jetpack_sharing_enabled":true,"_links":{"self":[{"href":"https:\/\/escrime-paysdaix.fr\/epaaix\/wp-json\/wp\/v2\/pages\/12008","targetHints":{"allow":["GET"]}}],"collection":[{"href":"https:\/\/escrime-paysdaix.fr\/epaaix\/wp-json\/wp\/v2\/pages"}],"about":[{"href":"https:\/\/escrime-paysdaix.fr\/epaaix\/wp-json\/wp\/v2\/types\/page"}],"author":[{"embeddable":true,"href":"https:\/\/escrime-paysdaix.fr\/epaaix\/wp-json\/wp\/v2\/users\/7"}],"replies":[{"embeddable":true,"href":"https:\/\/escrime-paysdaix.fr\/epaaix\/wp-json\/wp\/v2\/comments?post=12008"}],"version-history":[{"count":14,"href":"https:\/\/escrime-paysdaix.fr\/epaaix\/wp-json\/wp\/v2\/pages\/12008\/revisions"}],"predecessor-version":[{"id":12046,"href":"https:\/\/escrime-paysdaix.fr\/epaaix\/wp-json\/wp\/v2\/pages\/12008\/revisions\/12046"}],"wp:attachment":[{"href":"https:\/\/escrime-paysdaix.fr\/epaaix\/wp-json\/wp\/v2\/media?parent=12008"}],"curies":[{"name":"wp","href":"https:\/\/api.w.org\/{rel}","templated":true}]}}