{"id":11408,"date":"2025-07-03T08:57:29","date_gmt":"2025-07-03T08:57:29","guid":{"rendered":"https:\/\/escrime-paysdaix.fr\/epaaix\/?page_id=11408"},"modified":"2025-07-03T16:16:32","modified_gmt":"2025-07-03T16:16:32","slug":"inscription-2025-2026-horaires-tarifs","status":"publish","type":"page","link":"https:\/\/escrime-paysdaix.fr\/epaaix\/inscription-2025-2026-horaires-tarifs\/","title":{"rendered":"Inscriptions 2025 \/ 2026"},"content":{"rendered":"\t\t<div data-elementor-type=\"wp-page\" data-elementor-id=\"11408\" class=\"elementor elementor-11408\" data-elementor-settings=\"[]\">\n\t\t\t\t\t\t<div class=\"elementor-inner\">\n\t\t\t\t\t\t\t<div class=\"elementor-section-wrap\">\n\t\t\t\t\t\t\t<section class=\"elementor-section elementor-top-section elementor-element elementor-element-9b54730 elementor-section-boxed elementor-section-height-default elementor-section-height-default\" data-id=\"9b54730\" data-element_type=\"section\">\n\t\t\t\t\t\t<div class=\"elementor-container elementor-column-gap-default\">\n\t\t\t\t\t\t\t<div class=\"elementor-row\">\n\t\t\t\t\t<div class=\"elementor-column elementor-col-50 elementor-top-column elementor-element elementor-element-ad24b52\" data-id=\"ad24b52\" data-element_type=\"column\">\n\t\t\t<div class=\"elementor-column-wrap elementor-element-populated\">\n\t\t\t\t\t\t\t<div class=\"elementor-widget-wrap\">\n\t\t\t\t\t\t<div class=\"elementor-element elementor-element-6a03152 elementor-widget elementor-widget-text-editor\" data-id=\"6a03152\" data-element_type=\"widget\" data-widget_type=\"text-editor.default\">\n\t\t\t\t<div class=\"elementor-widget-container\">\n\t\t\t\t\t\t\t\t<div class=\"elementor-text-editor elementor-clearfix\">\n\t\t\t\t\t<h4>\u00a0Inscriptions et r\u00e9inscriptions pour 2025 \/ 2026<\/h4><p>Toutes les information pour s&#8217;inscrire \u00e0 l&#8217;EPA pour la saison 2025\/2026<\/p><h4>Tarifs annuels licence + cours pour chaque cat\u00e9gorie :<\/h4><figure id=\"attachment_11425\" aria-describedby=\"caption-attachment-11425\" style=\"width: 400px\" class=\"wp-caption alignnone\"><a href=\"https:\/\/escrime-paysdaix.fr\/epaaix\/wp-content\/uploads\/2025\/07\/WhatsApp-Image-2025-07-03-at-11.04.45.jpeg\"><img loading=\"lazy\" decoding=\"async\" class=\"wp-image-11425\" src=\"https:\/\/escrime-paysdaix.fr\/epaaix\/wp-content\/uploads\/2025\/07\/WhatsApp-Image-2025-07-03-at-11.04.45-300x142.jpeg\" alt=\"\" width=\"400\" height=\"142\" \/><\/a><figcaption id=\"caption-attachment-11425\" class=\"wp-caption-text\">cliquez pour agrandir<\/figcaption><\/figure><p><img decoding=\"async\" class=\"emoji\" role=\"img\" draggable=\"false\" src=\"https:\/\/s.w.org\/images\/core\/emoji\/15.1.0\/svg\/1f4cc.svg\" alt=\"\ud83d\udccc\" \/> Tarifs des licences \u00e0 confirmer d\u2019ici fin juillet.<\/p><p><span style=\"text-decoration: underline;\"><strong><a href=\"https:\/\/escrime-paysdaix.fr\/epaaix\/wp-content\/uploads\/2025\/07\/DOSSIER-INSCRIPTION-2025-2026.pdf\">T\u00e9l\u00e9charger le dossier d&#8217;inscription<\/a><\/strong><\/span><\/p><p><img decoding=\"async\" class=\"emoji\" role=\"img\" draggable=\"false\" src=\"https:\/\/s.w.org\/images\/core\/emoji\/15.1.0\/svg\/26a0.svg\" alt=\"\u26a0\ufe0f\" \/> \u00c9quipement obligatoire<br \/>Chaussures de salle et gant obligatoires<\/p><p>Le club fournit le mat\u00e9riel aux d\u00e9butants.<\/p><p>Pour les autres : achat ou location possible (voir avec le secr\u00e9tariat).<\/p><p><a href=\"https:\/\/escrime-paysdaix.fr\/epaaix\/wp-content\/uploads\/2025\/07\/IMG-20250903-WA0015.jpg\"><img loading=\"lazy\" decoding=\"async\" class=\"aligncenter wp-image-11438 size-large\" src=\"https:\/\/escrime-paysdaix.fr\/epaaix\/wp-content\/uploads\/2025\/07\/IMG-20250903-WA0015.jpg\" alt=\"inscrition 2025 2026\" width=\"1024\" height=\"681\" \/><\/a><\/p><p><strong>\u00a0Documents sant\u00e9 \u00e0 fournir<\/strong><br \/><img decoding=\"async\" class=\"emoji\" role=\"img\" draggable=\"false\" src=\"https:\/\/s.w.org\/images\/core\/emoji\/15.1.0\/svg\/1f467.svg\" alt=\"\ud83d\udc67\" \/> Pour les mineurs :<\/p><p>Questionnaire sant\u00e9 \u00e0 remplir (disponible au club)<\/p><p><img decoding=\"async\" class=\"emoji\" role=\"img\" draggable=\"false\" src=\"https:\/\/s.w.org\/images\/core\/emoji\/15.1.0\/svg\/1f9d1.svg\" alt=\"\ud83e\uddd1\" \/> Pour les majeurs :<\/p><p>Certificat m\u00e9dical obligatoire pour les nouvelles inscriptions et les + de 65 ans<\/p><p>Questionnaire sant\u00e9 pour les renouvellements<\/p><p><img decoding=\"async\" class=\"emoji\" role=\"img\" draggable=\"false\" src=\"https:\/\/s.w.org\/images\/core\/emoji\/15.1.0\/svg\/1f4a1.svg\" alt=\"\ud83d\udca1\" \/> R\u00e9ductions possibles<br \/>Le club est partenaire des dispositifs suivants :<br \/><img decoding=\"async\" class=\"emoji\" role=\"img\" draggable=\"false\" src=\"https:\/\/s.w.org\/images\/core\/emoji\/15.1.0\/svg\/2705.svg\" alt=\"\u2705\" \/> Pass Sport (Ville d\u2019Aix-en-Provence)<br \/><img decoding=\"async\" class=\"emoji\" role=\"img\" draggable=\"false\" src=\"https:\/\/s.w.org\/images\/core\/emoji\/15.1.0\/svg\/2705.svg\" alt=\"\u2705\" \/> Carte Coll\u00e9gien de Provence<br \/><img decoding=\"async\" class=\"emoji\" role=\"img\" draggable=\"false\" src=\"https:\/\/s.w.org\/images\/core\/emoji\/15.1.0\/svg\/2705.svg\" alt=\"\u2705\" \/> Pass Sport Famille (CAF<\/p>\t\t\t\t\t<\/div>\n\t\t\t\t\t\t<\/div>\n\t\t\t\t<\/div>\n\t\t\t\t\t\t<\/div>\n\t\t\t\t\t<\/div>\n\t\t<\/div>\n\t\t\t\t<div class=\"elementor-column elementor-col-50 elementor-top-column elementor-element elementor-element-528cd2c\" data-id=\"528cd2c\" data-element_type=\"column\">\n\t\t\t<div class=\"elementor-column-wrap elementor-element-populated\">\n\t\t\t\t\t\t\t<div class=\"elementor-widget-wrap\">\n\t\t\t\t\t\t<div class=\"elementor-element elementor-element-36d8d41 elementor-widget elementor-widget-image\" data-id=\"36d8d41\" data-element_type=\"widget\" data-widget_type=\"image.default\">\n\t\t\t\t<div class=\"elementor-widget-container\">\n\t\t\t\t\t\t\t\t<div class=\"elementor-image\">\n\t\t\t\t\t\t\t\t\t\t\t\t<img loading=\"lazy\" decoding=\"async\" width=\"600\" height=\"800\" src=\"https:\/\/escrime-paysdaix.fr\/epaaix\/wp-content\/uploads\/2025\/05\/epa-spichiger-boissier.jpg\" class=\"attachment-large size-large\" alt=\"Antoine Spichiger champion de france 2025\" srcset=\"https:\/\/escrime-paysdaix.fr\/epaaix\/wp-content\/uploads\/2025\/05\/epa-spichiger-boissier.jpg 600w, https:\/\/escrime-paysdaix.fr\/epaaix\/wp-content\/uploads\/2025\/05\/epa-spichiger-boissier-225x300.jpg 225w, https:\/\/escrime-paysdaix.fr\/epaaix\/wp-content\/uploads\/2025\/05\/epa-spichiger-boissier-450x600.jpg 450w, https:\/\/escrime-paysdaix.fr\/epaaix\/wp-content\/uploads\/2025\/05\/epa-spichiger-boissier-120x160.jpg 120w\" sizes=\"auto, (max-width: 600px) 100vw, 600px\" \/>\t\t\t\t\t\t\t\t\t\t\t\t\t\t<\/div>\n\t\t\t\t\t\t<\/div>\n\t\t\t\t<\/div>\n\t\t\t\t<div class=\"elementor-element elementor-element-e7cf7ae elementor-widget elementor-widget-image\" data-id=\"e7cf7ae\" data-element_type=\"widget\" data-widget_type=\"image.default\">\n\t\t\t\t<div class=\"elementor-widget-container\">\n\t\t\t\t\t\t\t\t<div class=\"elementor-image\">\n\t\t\t\t\t\t\t\t\t\t\t\t<img loading=\"lazy\" decoding=\"async\" width=\"750\" height=\"349\" src=\"https:\/\/escrime-paysdaix.fr\/epaaix\/wp-content\/uploads\/2025\/06\/3-1-e1749499279861-1024x476.jpg\" class=\"attachment-large size-large\" alt=\"equipe EPA N1\" srcset=\"https:\/\/escrime-paysdaix.fr\/epaaix\/wp-content\/uploads\/2025\/06\/3-1-e1749499279861-1024x476.jpg 1024w, https:\/\/escrime-paysdaix.fr\/epaaix\/wp-content\/uploads\/2025\/06\/3-1-e1749499279861-300x139.jpg 300w, https:\/\/escrime-paysdaix.fr\/epaaix\/wp-content\/uploads\/2025\/06\/3-1-e1749499279861-768x357.jpg 768w, https:\/\/escrime-paysdaix.fr\/epaaix\/wp-content\/uploads\/2025\/06\/3-1-e1749499279861.jpg 1080w\" sizes=\"auto, (max-width: 750px) 100vw, 750px\" \/>\t\t\t\t\t\t\t\t\t\t\t\t\t\t<\/div>\n\t\t\t\t\t\t<\/div>\n\t\t\t\t<\/div>\n\t\t\t\t\t\t<\/div>\n\t\t\t\t\t<\/div>\n\t\t<\/div>\n\t\t\t\t\t\t\t\t<\/div>\n\t\t\t\t\t<\/div>\n\t\t<\/section>\n\t\t\t\t<section class=\"elementor-section elementor-top-section elementor-element elementor-element-a9ccfc1 elementor-section-boxed elementor-section-height-default elementor-section-height-default\" data-id=\"a9ccfc1\" data-element_type=\"section\">\n\t\t\t\t\t\t<div class=\"elementor-container elementor-column-gap-default\">\n\t\t\t\t\t\t\t<div class=\"elementor-row\">\n\t\t\t\t\t<div class=\"elementor-column elementor-col-100 elementor-top-column elementor-element elementor-element-5c2294e\" data-id=\"5c2294e\" data-element_type=\"column\">\n\t\t\t<div class=\"elementor-column-wrap elementor-element-populated\">\n\t\t\t\t\t\t\t<div class=\"elementor-widget-wrap\">\n\t\t\t\t\t\t<div class=\"elementor-element elementor-element-2d8befb elementor-widget elementor-widget-text-editor\" data-id=\"2d8befb\" data-element_type=\"widget\" data-widget_type=\"text-editor.default\">\n\t\t\t\t<div class=\"elementor-widget-container\">\n\t\t\t\t\t\t\t\t<div class=\"elementor-text-editor elementor-clearfix\">\n\t\t\t\t\t<p>Au club d&#8217;escrime EPA, o\u00f9 nous vous offrons des formules d&#8217;inscription adapt\u00e9es \u00e0 tous les niveaux et \u00e0 tous les objectifs. Que vous soyez d\u00e9butant ou escrimeur exp\u00e9riment\u00e9, nous avons une formule pour vous. D\u00e9couvrez nos diff\u00e9rentes options d&#8217;inscription et leurs tarifs :<\/p><p>T\u00e9l\u00e9chargez le dossier d&#8217;inscription et envoyez le \u00e0 <a href=\"mailto:contact@escrime-paysdaix.fr\">contact@escrime-paysdaix.fr<\/a><\/p><h4 style=\"color: #00ffff;\">D\u00e9couverte M7 M9<\/h4><p>Votre enfant souhaite d\u00e9couvrir l&#8217;escrime ? Notre formule &#8220;D\u00e9couverte&#8221; est parfaite pour les jeunes . Ils y apprendront les bases de l&#8217;escrime : les positions, les mouvements, et les premi\u00e8res techniques. Cette formule met l&#8217;accent sur l&#8217;apprentissage dans une ambiance conviviale et accueillante, id\u00e9ale pour se familiariser avec l&#8217;univers de l&#8217;escrime.<\/p><p><a href=\"https:\/\/escrime-paysdaix.fr\/epaaix\/debutants-2\/\">En savoir + sur le baby escrime<\/a><\/p><p><a href=\"https:\/\/escrime-paysdaix.fr\/epaaix\/competition\/\">En savoir + sur les cours enfants.<\/a><\/p><h4 style=\"color: #99cc66;\"><span style=\"color: #000080;\">Perfectionnement M11 M13-1<\/span><\/h4><p>Pour les plus grands , la formule &#8220;Perfectionnement&#8221; est id\u00e9ale. Cette formule est con\u00e7ue pour approfondir vos connaissances et am\u00e9liorer vos comp\u00e9tences techniques et tactiques. Vous b\u00e9n\u00e9ficierez d&#8217;un encadrement professionnel et de sessions d&#8217;entra\u00eenement plus intensives. Rejoignez-nous pour passer au niveau sup\u00e9rieur et affiner votre style. Jusqu&#8217;\u00e0 3 cours\/semaine<\/p><p><a href=\"https:\/\/escrime-paysdaix.fr\/epaaix\/competition\/\">En savoir + sur les cours enfants.<\/a><\/p><h4 style=\"color: #ffd700;\">Loisirs<\/h4><p>Si votre objectif est avant tout de vous amuser et de profiter des bienfaits de l&#8217;escrime sans la pression des comp\u00e9titions, la formule &#8220;Loisirs&#8221; est faite pour vous. Adapt\u00e9e \u00e0 tous les \u00e2ges et \u00e0 tous les niveaux, cette formule permet de pratiquer l&#8217;escrime dans un cadre d\u00e9tendu et plaisant. Venez vous d\u00e9tendre et vous divertir tout en restant actif et en bonne sant\u00e9 !<\/p><p><a href=\"https:\/\/escrime-paysdaix.fr\/epaaix\/loisirs\/\">En savoir + sur les cours loisirs<\/a><\/p><ul><li style=\"list-style-type: none;\"><ul><li><h4 style=\"color: #ff0000;\">Comp\u00e9tition<\/h4><p>Pour les escrimeurs qui souhaitent s&#8217;engager dans des comp\u00e9titions, nous proposons plusieurs formules sp\u00e9cifiques adapt\u00e9es \u00e0 vos besoins et \u00e0 votre niveau d&#8217;engagement. Ces formules incluent l&#8217;entra\u00eenement rigoureux n\u00e9cessaire pour exceller en comp\u00e9tition et permettent d&#8217;acc\u00e9der aux le\u00e7ons individuelles et \u00e0 l&#8217;analyse vid\u00e9o jusqu&#8217;\u00e0 5 cours\/semaines.<\/p><p>En savoir plus sur la <a href=\"https:\/\/escrime-paysdaix.fr\/epaaix\/haut-niveau\/\">comp\u00e9tition <\/a>et<a href=\"https:\/\/escrime-paysdaix.fr\/epaaix\/haut-niveau\/\"> le haut niveau<\/a><\/p><\/li><\/ul><\/li><\/ul>\t\t\t\t\t<\/div>\n\t\t\t\t\t\t<\/div>\n\t\t\t\t<\/div>\n\t\t\t\t\t\t<\/div>\n\t\t\t\t\t<\/div>\n\t\t<\/div>\n\t\t\t\t\t\t\t\t<\/div>\n\t\t\t\t\t<\/div>\n\t\t<\/section>\n\t\t\t\t\t\t<\/div>\n\t\t\t\t\t\t<\/div>\n\t\t\t\t\t<\/div>\n\t\t","protected":false},"excerpt":{"rendered":"<p>\u00a0Inscriptions et r\u00e9inscriptions pour 2025 \/ 2026 Toutes les information pour s&#8217;inscrire \u00e0 l&#8217;EPA pour la saison 2025\/2026 Tarifs annuels licence + cours pour chaque cat\u00e9gorie : Tarifs des licences \u00e0 confirmer d\u2019ici fin juillet. T\u00e9l\u00e9charger le dossier d&#8217;inscription \u00c9quipement obligatoireChaussures de salle et gant obligatoires Le club fournit le mat\u00e9riel aux d\u00e9butants. Pour les [&hellip;]<\/p>\n","protected":false},"author":7,"featured_media":0,"parent":0,"menu_order":0,"comment_status":"closed","ping_status":"closed","template":"","meta":{"_eb_attr":"","footnotes":""},"class_list":["post-11408","page","type-page","status-publish","hentry"],"yoast_head":"<!-- This site is optimized with the Yoast SEO plugin v23.4 - https:\/\/yoast.com\/wordpress\/plugins\/seo\/ -->\n<title>Inscriptions 2025 \/ 2026 - Epa - Escrime Pays d Aix<\/title>\n<meta name=\"description\" content=\"inscription pour la saison 2025\/2026 , horaires et tarifs pour pratiquer le fleuret ou l&#039;\u00e9p\u00e9e a l&#039;escrime pays d&#039;Aix\" \/>\n<meta name=\"robots\" content=\"index, follow, max-snippet:-1, max-image-preview:large, max-video-preview:-1\" \/>\n<link rel=\"canonical\" href=\"https:\/\/escrime-paysdaix.fr\/epaaix\/inscription-2025-2026-horaires-tarifs\/\" \/>\n<meta property=\"og:locale\" content=\"fr_FR\" \/>\n<meta property=\"og:type\" content=\"article\" \/>\n<meta property=\"og:title\" content=\"Inscriptions 2025 \/ 2026 - Epa - Escrime Pays d Aix\" \/>\n<meta property=\"og:description\" content=\"inscription pour la saison 2025\/2026 , horaires et tarifs pour pratiquer le fleuret ou l&#039;\u00e9p\u00e9e a l&#039;escrime pays d&#039;Aix\" \/>\n<meta property=\"og:url\" content=\"https:\/\/escrime-paysdaix.fr\/epaaix\/inscription-2025-2026-horaires-tarifs\/\" \/>\n<meta property=\"og:site_name\" content=\"Epa - Escrime Pays d Aix\" \/>\n<meta property=\"article:publisher\" content=\"https:\/\/www.facebook.com\/EscrimePaysDAix\" \/>\n<meta property=\"article:modified_time\" content=\"2025-07-03T16:16:32+00:00\" \/>\n<meta property=\"og:image\" content=\"https:\/\/escrime-paysdaix.fr\/epaaix\/wp-content\/uploads\/2025\/07\/WhatsApp-Image-2025-07-03-at-11.04.45-300x142.jpeg\" \/>\n<meta name=\"twitter:card\" content=\"summary_large_image\" \/>\n<meta name=\"twitter:site\" content=\"@Epa_Escrime\" \/>\n<meta name=\"twitter:label1\" content=\"Dur\u00e9e de lecture estim\u00e9e\" \/>\n\t<meta name=\"twitter:data1\" content=\"5 minutes\" \/>\n<script type=\"application\/ld+json\" class=\"yoast-schema-graph\">{\"@context\":\"https:\/\/schema.org\",\"@graph\":[{\"@type\":\"WebPage\",\"@id\":\"https:\/\/escrime-paysdaix.fr\/epaaix\/inscription-2025-2026-horaires-tarifs\/\",\"url\":\"https:\/\/escrime-paysdaix.fr\/epaaix\/inscription-2025-2026-horaires-tarifs\/\",\"name\":\"Inscriptions 2025 \/ 2026 - Epa - Escrime Pays d Aix\",\"isPartOf\":{\"@id\":\"https:\/\/escrime-paysdaix.fr\/epaaix\/#website\"},\"primaryImageOfPage\":{\"@id\":\"https:\/\/escrime-paysdaix.fr\/epaaix\/inscription-2025-2026-horaires-tarifs\/#primaryimage\"},\"image\":{\"@id\":\"https:\/\/escrime-paysdaix.fr\/epaaix\/inscription-2025-2026-horaires-tarifs\/#primaryimage\"},\"thumbnailUrl\":\"https:\/\/escrime-paysdaix.fr\/epaaix\/wp-content\/uploads\/2025\/07\/WhatsApp-Image-2025-07-03-at-11.04.45-300x142.jpeg\",\"datePublished\":\"2025-07-03T08:57:29+00:00\",\"dateModified\":\"2025-07-03T16:16:32+00:00\",\"description\":\"inscription pour la saison 2025\/2026 , horaires et tarifs pour pratiquer le fleuret ou l'\u00e9p\u00e9e a l'escrime pays d'Aix\",\"breadcrumb\":{\"@id\":\"https:\/\/escrime-paysdaix.fr\/epaaix\/inscription-2025-2026-horaires-tarifs\/#breadcrumb\"},\"inLanguage\":\"fr-FR\",\"potentialAction\":[{\"@type\":\"ReadAction\",\"target\":[\"https:\/\/escrime-paysdaix.fr\/epaaix\/inscription-2025-2026-horaires-tarifs\/\"]}]},{\"@type\":\"ImageObject\",\"inLanguage\":\"fr-FR\",\"@id\":\"https:\/\/escrime-paysdaix.fr\/epaaix\/inscription-2025-2026-horaires-tarifs\/#primaryimage\",\"url\":\"https:\/\/escrime-paysdaix.fr\/epaaix\/wp-content\/uploads\/2025\/07\/WhatsApp-Image-2025-07-03-at-11.04.45.jpeg\",\"contentUrl\":\"https:\/\/escrime-paysdaix.fr\/epaaix\/wp-content\/uploads\/2025\/07\/WhatsApp-Image-2025-07-03-at-11.04.45.jpeg\",\"width\":714,\"height\":338},{\"@type\":\"BreadcrumbList\",\"@id\":\"https:\/\/escrime-paysdaix.fr\/epaaix\/inscription-2025-2026-horaires-tarifs\/#breadcrumb\",\"itemListElement\":[{\"@type\":\"ListItem\",\"position\":1,\"name\":\"Accueil\",\"item\":\"https:\/\/escrime-paysdaix.fr\/epaaix\/\"},{\"@type\":\"ListItem\",\"position\":2,\"name\":\"Inscriptions 2025 \/ 2026\"}]},{\"@type\":\"WebSite\",\"@id\":\"https:\/\/escrime-paysdaix.fr\/epaaix\/#website\",\"url\":\"https:\/\/escrime-paysdaix.fr\/epaaix\/\",\"name\":\"Epa - Escrime Pays d Aix\",\"description\":\"Club d escrime \u00e0 Aix en Provence. Formation Loisir Comp\u00e9tition\",\"publisher\":{\"@id\":\"https:\/\/escrime-paysdaix.fr\/epaaix\/#organization\"},\"potentialAction\":[{\"@type\":\"SearchAction\",\"target\":{\"@type\":\"EntryPoint\",\"urlTemplate\":\"https:\/\/escrime-paysdaix.fr\/epaaix\/?s={search_term_string}\"},\"query-input\":{\"@type\":\"PropertyValueSpecification\",\"valueRequired\":true,\"valueName\":\"search_term_string\"}}],\"inLanguage\":\"fr-FR\"},{\"@type\":\"Organization\",\"@id\":\"https:\/\/escrime-paysdaix.fr\/epaaix\/#organization\",\"name\":\"Epa - Escrime Pays d Aix\",\"url\":\"https:\/\/escrime-paysdaix.fr\/epaaix\/\",\"logo\":{\"@type\":\"ImageObject\",\"inLanguage\":\"fr-FR\",\"@id\":\"https:\/\/escrime-paysdaix.fr\/epaaix\/#\/schema\/logo\/image\/\",\"url\":\"https:\/\/escrime-paysdaix.fr\/epaaix\/wp-content\/uploads\/2021\/03\/epa_logo.png\",\"contentUrl\":\"https:\/\/escrime-paysdaix.fr\/epaaix\/wp-content\/uploads\/2021\/03\/epa_logo.png\",\"width\":474,\"height\":596,\"caption\":\"Epa - Escrime Pays d Aix\"},\"image\":{\"@id\":\"https:\/\/escrime-paysdaix.fr\/epaaix\/#\/schema\/logo\/image\/\"},\"sameAs\":[\"https:\/\/www.facebook.com\/EscrimePaysDAix\",\"https:\/\/x.com\/Epa_Escrime\",\"https:\/\/www.instagram.com\/escrime_aix\",\"https:\/\/www.youtube.com\/channel\/UC0oH02jUultLPvDckstp_UQ\"]}]}<\/script>\n<!-- \/ Yoast SEO plugin. -->","yoast_head_json":{"title":"Inscriptions 2025 \/ 2026 - Epa - Escrime Pays d Aix","description":"inscription pour la saison 2025\/2026 , horaires et tarifs pour pratiquer le fleuret ou l'\u00e9p\u00e9e a l'escrime pays d'Aix","robots":{"index":"index","follow":"follow","max-snippet":"max-snippet:-1","max-image-preview":"max-image-preview:large","max-video-preview":"max-video-preview:-1"},"canonical":"https:\/\/escrime-paysdaix.fr\/epaaix\/inscription-2025-2026-horaires-tarifs\/","og_locale":"fr_FR","og_type":"article","og_title":"Inscriptions 2025 \/ 2026 - Epa - Escrime Pays d Aix","og_description":"inscription pour la saison 2025\/2026 , horaires et tarifs pour pratiquer le fleuret ou l'\u00e9p\u00e9e a l'escrime pays d'Aix","og_url":"https:\/\/escrime-paysdaix.fr\/epaaix\/inscription-2025-2026-horaires-tarifs\/","og_site_name":"Epa - Escrime Pays d Aix","article_publisher":"https:\/\/www.facebook.com\/EscrimePaysDAix","article_modified_time":"2025-07-03T16:16:32+00:00","og_image":[{"url":"https:\/\/escrime-paysdaix.fr\/epaaix\/wp-content\/uploads\/2025\/07\/WhatsApp-Image-2025-07-03-at-11.04.45-300x142.jpeg"}],"twitter_card":"summary_large_image","twitter_site":"@Epa_Escrime","twitter_misc":{"Dur\u00e9e de lecture estim\u00e9e":"5 minutes"},"schema":{"@context":"https:\/\/schema.org","@graph":[{"@type":"WebPage","@id":"https:\/\/escrime-paysdaix.fr\/epaaix\/inscription-2025-2026-horaires-tarifs\/","url":"https:\/\/escrime-paysdaix.fr\/epaaix\/inscription-2025-2026-horaires-tarifs\/","name":"Inscriptions 2025 \/ 2026 - Epa - Escrime Pays d Aix","isPartOf":{"@id":"https:\/\/escrime-paysdaix.fr\/epaaix\/#website"},"primaryImageOfPage":{"@id":"https:\/\/escrime-paysdaix.fr\/epaaix\/inscription-2025-2026-horaires-tarifs\/#primaryimage"},"image":{"@id":"https:\/\/escrime-paysdaix.fr\/epaaix\/inscription-2025-2026-horaires-tarifs\/#primaryimage"},"thumbnailUrl":"https:\/\/escrime-paysdaix.fr\/epaaix\/wp-content\/uploads\/2025\/07\/WhatsApp-Image-2025-07-03-at-11.04.45-300x142.jpeg","datePublished":"2025-07-03T08:57:29+00:00","dateModified":"2025-07-03T16:16:32+00:00","description":"inscription pour la saison 2025\/2026 , horaires et tarifs pour pratiquer le fleuret ou l'\u00e9p\u00e9e a l'escrime pays d'Aix","breadcrumb":{"@id":"https:\/\/escrime-paysdaix.fr\/epaaix\/inscription-2025-2026-horaires-tarifs\/#breadcrumb"},"inLanguage":"fr-FR","potentialAction":[{"@type":"ReadAction","target":["https:\/\/escrime-paysdaix.fr\/epaaix\/inscription-2025-2026-horaires-tarifs\/"]}]},{"@type":"ImageObject","inLanguage":"fr-FR","@id":"https:\/\/escrime-paysdaix.fr\/epaaix\/inscription-2025-2026-horaires-tarifs\/#primaryimage","url":"https:\/\/escrime-paysdaix.fr\/epaaix\/wp-content\/uploads\/2025\/07\/WhatsApp-Image-2025-07-03-at-11.04.45.jpeg","contentUrl":"https:\/\/escrime-paysdaix.fr\/epaaix\/wp-content\/uploads\/2025\/07\/WhatsApp-Image-2025-07-03-at-11.04.45.jpeg","width":714,"height":338},{"@type":"BreadcrumbList","@id":"https:\/\/escrime-paysdaix.fr\/epaaix\/inscription-2025-2026-horaires-tarifs\/#breadcrumb","itemListElement":[{"@type":"ListItem","position":1,"name":"Accueil","item":"https:\/\/escrime-paysdaix.fr\/epaaix\/"},{"@type":"ListItem","position":2,"name":"Inscriptions 2025 \/ 2026"}]},{"@type":"WebSite","@id":"https:\/\/escrime-paysdaix.fr\/epaaix\/#website","url":"https:\/\/escrime-paysdaix.fr\/epaaix\/","name":"Epa - Escrime Pays d Aix","description":"Club d escrime \u00e0 Aix en Provence. Formation Loisir Comp\u00e9tition","publisher":{"@id":"https:\/\/escrime-paysdaix.fr\/epaaix\/#organization"},"potentialAction":[{"@type":"SearchAction","target":{"@type":"EntryPoint","urlTemplate":"https:\/\/escrime-paysdaix.fr\/epaaix\/?s={search_term_string}"},"query-input":{"@type":"PropertyValueSpecification","valueRequired":true,"valueName":"search_term_string"}}],"inLanguage":"fr-FR"},{"@type":"Organization","@id":"https:\/\/escrime-paysdaix.fr\/epaaix\/#organization","name":"Epa - Escrime Pays d Aix","url":"https:\/\/escrime-paysdaix.fr\/epaaix\/","logo":{"@type":"ImageObject","inLanguage":"fr-FR","@id":"https:\/\/escrime-paysdaix.fr\/epaaix\/#\/schema\/logo\/image\/","url":"https:\/\/escrime-paysdaix.fr\/epaaix\/wp-content\/uploads\/2021\/03\/epa_logo.png","contentUrl":"https:\/\/escrime-paysdaix.fr\/epaaix\/wp-content\/uploads\/2021\/03\/epa_logo.png","width":474,"height":596,"caption":"Epa - Escrime Pays d Aix"},"image":{"@id":"https:\/\/escrime-paysdaix.fr\/epaaix\/#\/schema\/logo\/image\/"},"sameAs":["https:\/\/www.facebook.com\/EscrimePaysDAix","https:\/\/x.com\/Epa_Escrime","https:\/\/www.instagram.com\/escrime_aix","https:\/\/www.youtube.com\/channel\/UC0oH02jUultLPvDckstp_UQ"]}]}},"jetpack_sharing_enabled":true,"_links":{"self":[{"href":"https:\/\/escrime-paysdaix.fr\/epaaix\/wp-json\/wp\/v2\/pages\/11408","targetHints":{"allow":["GET"]}}],"collection":[{"href":"https:\/\/escrime-paysdaix.fr\/epaaix\/wp-json\/wp\/v2\/pages"}],"about":[{"href":"https:\/\/escrime-paysdaix.fr\/epaaix\/wp-json\/wp\/v2\/types\/page"}],"author":[{"embeddable":true,"href":"https:\/\/escrime-paysdaix.fr\/epaaix\/wp-json\/wp\/v2\/users\/7"}],"replies":[{"embeddable":true,"href":"https:\/\/escrime-paysdaix.fr\/epaaix\/wp-json\/wp\/v2\/comments?post=11408"}],"version-history":[{"count":32,"href":"https:\/\/escrime-paysdaix.fr\/epaaix\/wp-json\/wp\/v2\/pages\/11408\/revisions"}],"predecessor-version":[{"id":11476,"href":"https:\/\/escrime-paysdaix.fr\/epaaix\/wp-json\/wp\/v2\/pages\/11408\/revisions\/11476"}],"wp:attachment":[{"href":"https:\/\/escrime-paysdaix.fr\/epaaix\/wp-json\/wp\/v2\/media?parent=11408"}],"curies":[{"name":"wp","href":"https:\/\/api.w.org\/{rel}","templated":true}]}}