{"id":11162,"date":"2025-03-26T17:46:58","date_gmt":"2025-03-26T17:46:58","guid":{"rendered":"https:\/\/escrime-paysdaix.fr\/epaaix\/?page_id=11162"},"modified":"2025-05-03T08:32:16","modified_gmt":"2025-05-03T08:32:16","slug":"parcours-haut-niveau-fleuret","status":"publish","type":"page","link":"https:\/\/escrime-paysdaix.fr\/epaaix\/parcours-haut-niveau-fleuret\/","title":{"rendered":"Parcours haut niveau fleuret"},"content":{"rendered":"\t\t<div data-elementor-type=\"wp-page\" data-elementor-id=\"11162\" class=\"elementor elementor-11162\" data-elementor-settings=\"[]\">\n\t\t\t\t\t\t<div class=\"elementor-inner\">\n\t\t\t\t\t\t\t<div class=\"elementor-section-wrap\">\n\t\t\t\t\t\t\t<section class=\"elementor-section elementor-top-section elementor-element elementor-element-2b5fdc5 elementor-section-boxed elementor-section-height-default elementor-section-height-default\" data-id=\"2b5fdc5\" data-element_type=\"section\">\n\t\t\t\t\t\t<div class=\"elementor-container elementor-column-gap-default\">\n\t\t\t\t\t\t\t<div class=\"elementor-row\">\n\t\t\t\t\t<div class=\"elementor-column elementor-col-100 elementor-top-column elementor-element elementor-element-2238002\" data-id=\"2238002\" data-element_type=\"column\">\n\t\t\t<div class=\"elementor-column-wrap elementor-element-populated\">\n\t\t\t\t\t\t\t<div class=\"elementor-widget-wrap\">\n\t\t\t\t\t\t<div class=\"elementor-element elementor-element-db299fa elementor-widget elementor-widget-text-editor\" data-id=\"db299fa\" data-element_type=\"widget\" data-widget_type=\"text-editor.default\">\n\t\t\t\t<div class=\"elementor-widget-container\">\n\t\t\t\t\t\t\t\t<div class=\"elementor-text-editor elementor-clearfix\">\n\t\t\t\t\t<div class=\"gamma-doc\" data-aioptions=\"{\" data-background=\"{\" data-docflags=\"{\" data-customcode=\"{}\" data-settings=\"{\" data-generateinfo=\"{\" data-pm-slice=\"4 4 []\"><div id=\"nx780wdsvjnk6pd\" class=\"gamma-card\" data-id=\"nx780wdsvjnk6pd\" data-background=\"{\" data-container=\"{}\" data-cardmarginsettings=\"{}\"><div class=\"card-layout-item\"><h1>\u00a0<\/h1><p class=\"paragraph\">L&#8217;Escrime Pays d&#8217;Aix (EPA) se distingue comme un acteur majeur dans la formation des jeunes escrimeurs, proposant un dispositif complet et innovant pour accompagner les talents vers le plus haut niveau.<\/p><div id=\"\" class=\"card-layout-item\" data-pm-slice=\"2 2 [\"><h4>Le Parcours d&#8217;Excellence vers le Haut Niveau au Fleuret en France (PFF)<\/h4><div class=\"smart-layout\" data-options=\"{\"><div id=\"aNStM\" class=\"layout-item\" data-id=\"aNStM\" data-options=\"{}\" data-image=\"{\"><h4>Coll\u00e8ge (12-15 ans)<\/h4><p class=\"paragraph\">Le Centre de pr\u00e9formation F\u00e9d\u00e9ral (<strong>CPF<\/strong>) offre un entra\u00eenement intensif avec suivi scolaire et horaires adapt\u00e9s, il s appuie sur un dispositif de section sportive scolaire ou section sportive d&#8217;excellence ou des conventions pass\u00e9s avec des coll\u00e8ges.(6 \u00e0 12 coll\u00e9giens concern\u00e9s)<\/p><p class=\"paragraph\">Les \u00c9coles Sport Entreprendre (ESE) aident les \u00e9l\u00e8ves avec des am\u00e9nagements scolaires personnalis\u00e9s.<\/p><p>L&#8217;escrime Pays d&#8217;Aix est reconnue par la f\u00e9d\u00e9ration comme un CPF. Il permet de suivre 4 s\u00e9ances hebdomadaires avec une approche personnalis\u00e9e de l&#8217;entra\u00eenement.<\/p><\/div><div id=\"QvP2L\" class=\"layout-item\" data-id=\"QvP2L\" data-options=\"{}\" data-image=\"{\"><h4>Lyc\u00e9e (15-18 ans)<\/h4><p class=\"paragraph\">Le Centre F\u00e9d\u00e9ral de Formation (CFF) au CREPS propose une structure d&#8217;entra\u00eenement \u00e9lite. Les sections sport-\u00e9tudes et les P\u00f4les rel\u00e8ve pr\u00e9parent les meilleurs tireurs au niveau international.<\/p><\/div><div id=\"lJrxf\" class=\"layout-item\" data-id=\"lJrxf\" data-options=\"{}\" data-image=\"{\"><h4>Post-bac (18+ ans)<\/h4><p class=\"paragraph\">Le P\u00f4le France \u00e0 l&#8217;INSEP repr\u00e9sente l&#8217;excellence du fleuret fran\u00e7ais, avec pour objectif l&#8217;int\u00e9gration \u00e0 l&#8217;\u00e9quipe de France senior et la participation aux comp\u00e9titions majeures.<\/p><\/div><\/div><p class=\"paragraph\">Ce parcours progressif assure un d\u00e9veloppement technique et tactique adapt\u00e9 \u00e0 chaque \u00e2ge, un suivi m\u00e9dical optimis\u00e9 et un \u00e9quilibre entre formation acad\u00e9mique et progression sportive.\u00a0<\/p><\/div><\/div><\/div><div id=\"ahi54m9l6aqn8xo\" class=\"gamma-card\" data-id=\"ahi54m9l6aqn8xo\" data-background=\"{\" data-container=\"{}\" data-cardmarginsettings=\"{}\"><div class=\"card-layout-item\"><h2>Centre de Pr\u00e9formation F\u00e9d\u00e9ral (CPF) : Les Fondations de l&#8217;Excellence<\/h2><\/div><p>L&#8217;escrime pays d&#8217;aix a \u00e9t\u00e9 choisie comme centre de pr\u00e9formation f\u00e9d\u00e9ral il permet :<\/p><div class=\"card-layout-item\"><div class=\"smart-layout\" data-options=\"{\"><div id=\"8gYd3\" class=\"layout-item\" data-id=\"8gYd3\" data-options=\"{}\" data-image=\"{\"><h4>Entra\u00eenement intensif<\/h4><p class=\"paragraph\">4 s\u00e9ances hebdomadaires au sein d&#8217;installations professionnelles<\/p><\/div><div id=\"bHFGw\" class=\"layout-item\" data-id=\"bHFGw\" data-options=\"{}\" data-image=\"{\"><h4>Suivi personnalis\u00e9<\/h4><p class=\"paragraph\">Accompagnement m\u00e9dical et scolaire adapt\u00e9<\/p><\/div><div id=\"-GIKX\" class=\"layout-item\" data-id=\"-GIKX\" data-options=\"{}\" data-image=\"{\"><h4>Objectif strat\u00e9gique<\/h4><p class=\"paragraph\">Pr\u00e9parer les futurs talents aux P\u00f4les France Rel\u00e8ve et \u00e0 l&#8217;INSEP<\/p><\/div><\/div><p class=\"paragraph\">Le CPF repr\u00e9sente la premi\u00e8re \u00e9tape cruciale pour les jeunes escrimeurs \u00e2g\u00e9s de 11 \u00e0 15 ans. Cette structure, valid\u00e9e par la F\u00e9d\u00e9ration Fran\u00e7aise d&#8217;Escrime, offre un cadre propice aux jeunes fleuretistes de l&#8217;EPA.<\/p><p class=\"paragraph\"><b>Modalit\u00e9s d&#8217;Inscription :<\/b><\/p><ul><li>Inscription via le Portail du Suivi Quotidien du Sportif (PSQS)<\/li><li>Acc\u00e8s via les classes sport-\u00e9tudes du Coll\u00e8ge de l&#8217;Arc de Meyran et au dispositif ESE .<\/li><li>Acc\u00e8s via les coll\u00e8ges ayant pass\u00e9 une conventions: coll\u00e8ge priv\u00e9 de la Nativit\u00e9 et Sacr\u00e9-C\u0153ur.<\/li><li>Les jeunes coll\u00e9giens peuvent \u00e9galement poursuivre une formation de haut niveau \u00e0 l&#8221;EPA s&#8217;ils sont inscrit dans un autre coll\u00e8ge.( jusqu&#8217;\u00e0 5 entra\u00eenements par semaine en soir\u00e9e.)<\/li><\/ul><\/div><\/div><div id=\"utj97cvxvd85iks\" class=\"gamma-card\" data-id=\"utj97cvxvd85iks\" data-background=\"{\" data-container=\"{}\" data-cardmarginsettings=\"{}\"><div class=\"card-layout-item\"><h3>\u00c9cole Sport Entreprendre (ESE) : Flexibilit\u00e9 et Performance<\/h3><p class=\"paragraph\">L\u2019association Ecole Sport Entreprendre Territoire du Pays d\u2019Aix (E.S.E.) est une association loi 1901 agr\u00e9\u00e9e par l\u2019Education Nationale. Elle se donne pour mission d\u2019aider les jeunes sportifs engag\u00e9s dans la performance \u00e0 r\u00e9ussir leur scolarit\u00e9 tout en pr\u00e9servant leur \u00e9quilibre familial et social.<\/p><p class=\"paragraph\">Elle a des accord avec des coll\u00e8ges et des lyc\u00e9es publics\u00a0 qui permet d&#8217;accompagner les sportifs pendant le temps parascolaire.<\/p><p class=\"paragraph\">\u00a0<\/p><\/div><\/div><div id=\"4xn6junfjwu027v\" class=\"gamma-card\" data-id=\"4xn6junfjwu027v\" data-background=\"{\" data-container=\"{}\" data-cardmarginsettings=\"{}\"><div class=\"card-layout-item\"><h3>Centre de Formation F\u00e9d\u00e9ral (CFF) : La Voie du Haut Niveau<\/h3><div class=\"smart-layout\" data-options=\"{\"><div id=\"qDUMn\" class=\"layout-item\" data-id=\"qDUMn\" data-options=\"{}\" data-image=\"{\"><h4>S\u00e9lection<\/h4><p class=\"paragraph\">Accueille les lyc\u00e9ens engag\u00e9s dans une d\u00e9marche de haut niveau s\u00e9lectionn\u00e9s par les entraineurs f\u00e9d\u00e9raux au sein du CREPS d&#8217;Aix-en-Provence.<\/p><\/div><div id=\"oZAI-\" class=\"layout-item\" data-id=\"oZAI-\" data-options=\"{}\" data-image=\"{\"><h4>Formation<\/h4><p class=\"paragraph\">Propose un entra\u00eenement plus pointu<\/p><\/div><div id=\"0w6uc\" class=\"layout-item\" data-id=\"0w6uc\" data-options=\"{}\" data-image=\"{\"><h4>Comp\u00e9tition<\/h4><p class=\"paragraph\">Pr\u00e9pare aux comp\u00e9titions nationales et internationales<\/p><\/div><div id=\"RW_xN\" class=\"layout-item\" data-id=\"RW_xN\" data-options=\"{}\" data-image=\"{\"><h4>\u00c9volution<\/h4><p class=\"paragraph\">Constitue une passerelle vers les P\u00f4les France Rel\u00e8ve et l&#8217;INSEP<\/p><\/div><\/div><p class=\"paragraph\">Situ\u00e9 au CREPS, en partenariat avec le Lyc\u00e9e Zola et ses classes sport-\u00e9tude.<\/p><p class=\"paragraph\">\u00a0<\/p><\/div><\/div><div id=\"tohj4uop93xwkgg\" class=\"gamma-card\" data-id=\"tohj4uop93xwkgg\" data-background=\"{\" data-container=\"{\" data-cardmarginsettings=\"{}\"><div class=\"card-layout-item\"><h3>Sport-\u00c9tudes : Un Mod\u00e8le d&#8217;Accompagnement Unique<\/h3><p>Le dispositif sport-\u00e9tudes se caract\u00e9rise par un recrutement ouvert aux membres du CFF\/Creps mais aussi \u00e0 diff\u00e9rentes cat\u00e9gories de sportifs, offrant ainsi un accompagnement adapt\u00e9 \u00e0 chaque profil.<\/p><div class=\"smart-layout\" data-options=\"{}\"><div id=\"--AAS\" class=\"layout-item\" data-id=\"--AAS\" data-options=\"{}\" data-image=\"{\"><h4>Horaires am\u00e9nag\u00e9s<\/h4><p class=\"paragraph\">Des horaires am\u00e9nag\u00e9s pour favoriser l&#8217;entra\u00eenement intensif<\/p><\/div><div id=\"0-f1X\" class=\"layout-item\" data-id=\"0-f1X\" data-options=\"{}\" data-image=\"{\"><h4>Sportifs \u00e0 Haut Potentiel<\/h4><p>En plus des fleurettistes s\u00e9lectionn\u00e9s\u00a0 dans le cadre du CFF, certains sportifs peuvent \u00e9galement\u00a0 int\u00e9grer les classes sport \u00e9tude du Lyc\u00e9e ZOLA\u00a0 (en d\u00e9rogation de la carte scolaire:<\/p><ul><li>S&#8217;il sont sur la liste HPS &#8211; haut potentiel sportif (liste publi\u00e9e par le DT r\u00e9gional)<\/li><li>S&#8217;ils sont consid\u00e9r\u00e9s comme Sportifs de bon niveau sous r\u00e9serve de places disponibles.<\/li><\/ul><h3>P\u00f4les France Rel\u00e8ve : Le Seuil de l&#8217;\u00c9lite<\/h3><\/div><\/div><\/div><\/div><div id=\"tvcaosnl8219vfg\" class=\"gamma-card\" data-id=\"tvcaosnl8219vfg\" data-background=\"{\" data-container=\"{}\" data-cardmarginsettings=\"{}\"><p>Le P\u00f4le France Rel\u00e8ve s\u2019adresse aux fleurettistes qui ont entre 16 et 22 ans. La structure regroupe sur ces caract\u00e9ristiques 12 \u00e0 16 des meilleurs escrimeurs\/escrimeuses nationaux selectionn\u00e9s sur leur resultats sportifs.<\/p><p>L\u2019objectif sportif de la structure est de qualifier chaque ann\u00e9e des fleurettistes au championnats d\u2019Europe et du Monde des cat\u00e9gories Cadet et Junior.<\/p><p>Elle doit aussi participer au renouvellement de l\u2019effectif du P\u00f4le France de l\u2019INSEP et \u00e0 celui de l\u2019\u00e9quipe nationale senior.<br \/>Le responsable du P\u00f4le la planifie la saison sportive et assure le coaching des athl\u00e8tes pendant les comp\u00e9titions. Aid\u00e9 en cela par les ma\u00eetres d\u2019armes de son \u00e9quipe technique, il conduit les s\u00e9ances d\u2019entra\u00eenement. Celui-ci est modul\u00e9 en fonction des r\u00e9sultats scolaires des tireurs et des contraintes de leur calendrier sportif.<\/p><div class=\"card-layout-item\"><div class=\"columns\" data-colwidths=\"[50,50]\"><div class=\"column\"><h4>P\u00f4le F\u00e9minin<\/h4><p class=\"paragraph\">Situ\u00e9 au CREPS Aix-en-Provence<\/p><\/div><div class=\"column\"><h4>P\u00f4le Masculin<\/h4><p class=\"paragraph\">Situ\u00e9 au CREPS Ch\u00e2tenay-Malabry<\/p><\/div><\/div><p class=\"paragraph\">\u00a0<\/p><\/div><\/div><div id=\"dgb5czz5slfz4pu\" class=\"gamma-card\" data-id=\"dgb5czz5slfz4pu\" data-background=\"{\" data-container=\"{}\" data-cardmarginsettings=\"{}\"><div class=\"card-layout-item\"><h3>PSQS : La Tra\u00e7abilit\u00e9 de la Performance<\/h3><p>Dans le cadre d&#8217;un CFF ou d&#8217;un CPF, le sportif doit s&#8217;inscrire sur le Portail du Suivi du Sportif (PSQS)<\/p><div class=\"smart-layout\" data-options=\"{}\"><div id=\"9qF07\" class=\"layout-item\" data-id=\"9qF07\" data-options=\"{}\" data-image=\"{\"><h4>Suivi de performance<\/h4><p class=\"paragraph\">Analyse des r\u00e9sultats et progression<\/p><\/div><div id=\"Imdns\" class=\"layout-item\" data-id=\"Imdns\" data-options=\"{}\" data-image=\"{\"><h4>Suivi m\u00e9dical<\/h4><p class=\"paragraph\">Surveillance de la sant\u00e9 des athl\u00e8tes<\/p><\/div><div id=\"r1Bhz\" class=\"layout-item\" data-id=\"r1Bhz\" data-options=\"{}\" data-image=\"{\"><h4>Recensement<\/h4><p class=\"paragraph\">Recenser tous les sportifs list\u00e9s<\/p><\/div><\/div><p class=\"paragraph\">Le Portail du Suivi Quotidien du Sportif permet de garantir une gestion rigoureuse du parcours sportif, en centralisant toutes les informations essentielles au d\u00e9veloppement de l&#8217;athl\u00e8te.<\/p><\/div><\/div><div id=\"xszrz6w9ngxnfuo\" class=\"gamma-card\" data-id=\"xszrz6w9ngxnfuo\" data-background=\"{\" data-container=\"{}\" data-cardmarginsettings=\"{}\"><div class=\"card-layout-item\"><p class=\"paragraph\">\u00a0<\/p><\/div><\/div><\/div>\t\t\t\t\t<\/div>\n\t\t\t\t\t\t<\/div>\n\t\t\t\t<\/div>\n\t\t\t\t\t\t<\/div>\n\t\t\t\t\t<\/div>\n\t\t<\/div>\n\t\t\t\t\t\t\t\t<\/div>\n\t\t\t\t\t<\/div>\n\t\t<\/section>\n\t\t\t\t\t\t<\/div>\n\t\t\t\t\t\t<\/div>\n\t\t\t\t\t<\/div>\n\t\t","protected":false},"excerpt":{"rendered":"<p>\u00a0 L&#8217;Escrime Pays d&#8217;Aix (EPA) se distingue comme un acteur majeur dans la formation des jeunes escrimeurs, proposant un dispositif complet et innovant pour accompagner les talents vers le plus haut niveau. Le Parcours d&#8217;Excellence vers le Haut Niveau au Fleuret en France (PFF) Coll\u00e8ge (12-15 ans) Le Centre de pr\u00e9formation F\u00e9d\u00e9ral (CPF) offre un [&hellip;]<\/p>\n","protected":false},"author":7,"featured_media":10149,"parent":0,"menu_order":0,"comment_status":"closed","ping_status":"closed","template":"","meta":{"_eb_attr":"","footnotes":""},"class_list":["post-11162","page","type-page","status-publish","has-post-thumbnail","hentry"],"yoast_head":"<!-- This site is optimized with the Yoast SEO plugin v23.4 - https:\/\/yoast.com\/wordpress\/plugins\/seo\/ -->\n<title>Parcours haut niveau fleuret - Epa - Escrime Pays d Aix<\/title>\n<meta name=\"robots\" content=\"index, follow, max-snippet:-1, max-image-preview:large, max-video-preview:-1\" \/>\n<link rel=\"canonical\" href=\"https:\/\/escrime-paysdaix.fr\/epaaix\/parcours-haut-niveau-fleuret\/\" \/>\n<meta property=\"og:locale\" content=\"fr_FR\" \/>\n<meta property=\"og:type\" content=\"article\" \/>\n<meta property=\"og:title\" content=\"Parcours haut niveau fleuret - Epa - Escrime Pays d Aix\" \/>\n<meta property=\"og:description\" content=\"\u00a0 L&#8217;Escrime Pays d&#8217;Aix (EPA) se distingue comme un acteur majeur dans la formation des jeunes escrimeurs, proposant un dispositif complet et innovant pour accompagner les talents vers le plus haut niveau. Le Parcours d&#8217;Excellence vers le Haut Niveau au Fleuret en France (PFF) Coll\u00e8ge (12-15 ans) Le Centre de pr\u00e9formation F\u00e9d\u00e9ral (CPF) offre un [&hellip;]\" \/>\n<meta property=\"og:url\" content=\"https:\/\/escrime-paysdaix.fr\/epaaix\/parcours-haut-niveau-fleuret\/\" \/>\n<meta property=\"og:site_name\" content=\"Epa - Escrime Pays d Aix\" \/>\n<meta property=\"article:publisher\" content=\"https:\/\/www.facebook.com\/EscrimePaysDAix\" \/>\n<meta property=\"article:modified_time\" content=\"2025-05-03T08:32:16+00:00\" \/>\n<meta property=\"og:image\" content=\"https:\/\/escrime-paysdaix.fr\/epaaix\/wp-content\/uploads\/2024\/12\/info-compet-epa.jpg\" \/>\n\t<meta property=\"og:image:width\" content=\"1792\" \/>\n\t<meta property=\"og:image:height\" content=\"664\" \/>\n\t<meta property=\"og:image:type\" content=\"image\/jpeg\" \/>\n<meta name=\"twitter:card\" content=\"summary_large_image\" \/>\n<meta name=\"twitter:site\" content=\"@Epa_Escrime\" \/>\n<meta name=\"twitter:label1\" content=\"Dur\u00e9e de lecture estim\u00e9e\" \/>\n\t<meta name=\"twitter:data1\" content=\"5 minutes\" \/>\n<script type=\"application\/ld+json\" class=\"yoast-schema-graph\">{\"@context\":\"https:\/\/schema.org\",\"@graph\":[{\"@type\":\"WebPage\",\"@id\":\"https:\/\/escrime-paysdaix.fr\/epaaix\/parcours-haut-niveau-fleuret\/\",\"url\":\"https:\/\/escrime-paysdaix.fr\/epaaix\/parcours-haut-niveau-fleuret\/\",\"name\":\"Parcours haut niveau fleuret - Epa - Escrime Pays d Aix\",\"isPartOf\":{\"@id\":\"https:\/\/escrime-paysdaix.fr\/epaaix\/#website\"},\"primaryImageOfPage\":{\"@id\":\"https:\/\/escrime-paysdaix.fr\/epaaix\/parcours-haut-niveau-fleuret\/#primaryimage\"},\"image\":{\"@id\":\"https:\/\/escrime-paysdaix.fr\/epaaix\/parcours-haut-niveau-fleuret\/#primaryimage\"},\"thumbnailUrl\":\"https:\/\/escrime-paysdaix.fr\/epaaix\/wp-content\/uploads\/2024\/12\/info-compet-epa.jpg\",\"datePublished\":\"2025-03-26T17:46:58+00:00\",\"dateModified\":\"2025-05-03T08:32:16+00:00\",\"breadcrumb\":{\"@id\":\"https:\/\/escrime-paysdaix.fr\/epaaix\/parcours-haut-niveau-fleuret\/#breadcrumb\"},\"inLanguage\":\"fr-FR\",\"potentialAction\":[{\"@type\":\"ReadAction\",\"target\":[\"https:\/\/escrime-paysdaix.fr\/epaaix\/parcours-haut-niveau-fleuret\/\"]}]},{\"@type\":\"ImageObject\",\"inLanguage\":\"fr-FR\",\"@id\":\"https:\/\/escrime-paysdaix.fr\/epaaix\/parcours-haut-niveau-fleuret\/#primaryimage\",\"url\":\"https:\/\/escrime-paysdaix.fr\/epaaix\/wp-content\/uploads\/2024\/12\/info-compet-epa.jpg\",\"contentUrl\":\"https:\/\/escrime-paysdaix.fr\/epaaix\/wp-content\/uploads\/2024\/12\/info-compet-epa.jpg\",\"width\":1792,\"height\":664,\"caption\":\"informations competition escrime\"},{\"@type\":\"BreadcrumbList\",\"@id\":\"https:\/\/escrime-paysdaix.fr\/epaaix\/parcours-haut-niveau-fleuret\/#breadcrumb\",\"itemListElement\":[{\"@type\":\"ListItem\",\"position\":1,\"name\":\"Accueil\",\"item\":\"https:\/\/escrime-paysdaix.fr\/epaaix\/\"},{\"@type\":\"ListItem\",\"position\":2,\"name\":\"Parcours haut niveau fleuret\"}]},{\"@type\":\"WebSite\",\"@id\":\"https:\/\/escrime-paysdaix.fr\/epaaix\/#website\",\"url\":\"https:\/\/escrime-paysdaix.fr\/epaaix\/\",\"name\":\"Epa - Escrime Pays d Aix\",\"description\":\"Club d escrime \u00e0 Aix en Provence. Formation Loisir Comp\u00e9tition\",\"publisher\":{\"@id\":\"https:\/\/escrime-paysdaix.fr\/epaaix\/#organization\"},\"potentialAction\":[{\"@type\":\"SearchAction\",\"target\":{\"@type\":\"EntryPoint\",\"urlTemplate\":\"https:\/\/escrime-paysdaix.fr\/epaaix\/?s={search_term_string}\"},\"query-input\":{\"@type\":\"PropertyValueSpecification\",\"valueRequired\":true,\"valueName\":\"search_term_string\"}}],\"inLanguage\":\"fr-FR\"},{\"@type\":\"Organization\",\"@id\":\"https:\/\/escrime-paysdaix.fr\/epaaix\/#organization\",\"name\":\"Epa - Escrime Pays d Aix\",\"url\":\"https:\/\/escrime-paysdaix.fr\/epaaix\/\",\"logo\":{\"@type\":\"ImageObject\",\"inLanguage\":\"fr-FR\",\"@id\":\"https:\/\/escrime-paysdaix.fr\/epaaix\/#\/schema\/logo\/image\/\",\"url\":\"https:\/\/escrime-paysdaix.fr\/epaaix\/wp-content\/uploads\/2021\/03\/epa_logo.png\",\"contentUrl\":\"https:\/\/escrime-paysdaix.fr\/epaaix\/wp-content\/uploads\/2021\/03\/epa_logo.png\",\"width\":474,\"height\":596,\"caption\":\"Epa - Escrime Pays d Aix\"},\"image\":{\"@id\":\"https:\/\/escrime-paysdaix.fr\/epaaix\/#\/schema\/logo\/image\/\"},\"sameAs\":[\"https:\/\/www.facebook.com\/EscrimePaysDAix\",\"https:\/\/x.com\/Epa_Escrime\",\"https:\/\/www.instagram.com\/escrime_aix\",\"https:\/\/www.youtube.com\/channel\/UC0oH02jUultLPvDckstp_UQ\"]}]}<\/script>\n<!-- \/ Yoast SEO plugin. -->","yoast_head_json":{"title":"Parcours haut niveau fleuret - Epa - Escrime Pays d Aix","robots":{"index":"index","follow":"follow","max-snippet":"max-snippet:-1","max-image-preview":"max-image-preview:large","max-video-preview":"max-video-preview:-1"},"canonical":"https:\/\/escrime-paysdaix.fr\/epaaix\/parcours-haut-niveau-fleuret\/","og_locale":"fr_FR","og_type":"article","og_title":"Parcours haut niveau fleuret - Epa - Escrime Pays d Aix","og_description":"\u00a0 L&#8217;Escrime Pays d&#8217;Aix (EPA) se distingue comme un acteur majeur dans la formation des jeunes escrimeurs, proposant un dispositif complet et innovant pour accompagner les talents vers le plus haut niveau. Le Parcours d&#8217;Excellence vers le Haut Niveau au Fleuret en France (PFF) Coll\u00e8ge (12-15 ans) Le Centre de pr\u00e9formation F\u00e9d\u00e9ral (CPF) offre un [&hellip;]","og_url":"https:\/\/escrime-paysdaix.fr\/epaaix\/parcours-haut-niveau-fleuret\/","og_site_name":"Epa - Escrime Pays d Aix","article_publisher":"https:\/\/www.facebook.com\/EscrimePaysDAix","article_modified_time":"2025-05-03T08:32:16+00:00","og_image":[{"width":1792,"height":664,"url":"https:\/\/escrime-paysdaix.fr\/epaaix\/wp-content\/uploads\/2024\/12\/info-compet-epa.jpg","type":"image\/jpeg"}],"twitter_card":"summary_large_image","twitter_site":"@Epa_Escrime","twitter_misc":{"Dur\u00e9e de lecture estim\u00e9e":"5 minutes"},"schema":{"@context":"https:\/\/schema.org","@graph":[{"@type":"WebPage","@id":"https:\/\/escrime-paysdaix.fr\/epaaix\/parcours-haut-niveau-fleuret\/","url":"https:\/\/escrime-paysdaix.fr\/epaaix\/parcours-haut-niveau-fleuret\/","name":"Parcours haut niveau fleuret - Epa - Escrime Pays d Aix","isPartOf":{"@id":"https:\/\/escrime-paysdaix.fr\/epaaix\/#website"},"primaryImageOfPage":{"@id":"https:\/\/escrime-paysdaix.fr\/epaaix\/parcours-haut-niveau-fleuret\/#primaryimage"},"image":{"@id":"https:\/\/escrime-paysdaix.fr\/epaaix\/parcours-haut-niveau-fleuret\/#primaryimage"},"thumbnailUrl":"https:\/\/escrime-paysdaix.fr\/epaaix\/wp-content\/uploads\/2024\/12\/info-compet-epa.jpg","datePublished":"2025-03-26T17:46:58+00:00","dateModified":"2025-05-03T08:32:16+00:00","breadcrumb":{"@id":"https:\/\/escrime-paysdaix.fr\/epaaix\/parcours-haut-niveau-fleuret\/#breadcrumb"},"inLanguage":"fr-FR","potentialAction":[{"@type":"ReadAction","target":["https:\/\/escrime-paysdaix.fr\/epaaix\/parcours-haut-niveau-fleuret\/"]}]},{"@type":"ImageObject","inLanguage":"fr-FR","@id":"https:\/\/escrime-paysdaix.fr\/epaaix\/parcours-haut-niveau-fleuret\/#primaryimage","url":"https:\/\/escrime-paysdaix.fr\/epaaix\/wp-content\/uploads\/2024\/12\/info-compet-epa.jpg","contentUrl":"https:\/\/escrime-paysdaix.fr\/epaaix\/wp-content\/uploads\/2024\/12\/info-compet-epa.jpg","width":1792,"height":664,"caption":"informations competition escrime"},{"@type":"BreadcrumbList","@id":"https:\/\/escrime-paysdaix.fr\/epaaix\/parcours-haut-niveau-fleuret\/#breadcrumb","itemListElement":[{"@type":"ListItem","position":1,"name":"Accueil","item":"https:\/\/escrime-paysdaix.fr\/epaaix\/"},{"@type":"ListItem","position":2,"name":"Parcours haut niveau fleuret"}]},{"@type":"WebSite","@id":"https:\/\/escrime-paysdaix.fr\/epaaix\/#website","url":"https:\/\/escrime-paysdaix.fr\/epaaix\/","name":"Epa - Escrime Pays d Aix","description":"Club d escrime \u00e0 Aix en Provence. Formation Loisir Comp\u00e9tition","publisher":{"@id":"https:\/\/escrime-paysdaix.fr\/epaaix\/#organization"},"potentialAction":[{"@type":"SearchAction","target":{"@type":"EntryPoint","urlTemplate":"https:\/\/escrime-paysdaix.fr\/epaaix\/?s={search_term_string}"},"query-input":{"@type":"PropertyValueSpecification","valueRequired":true,"valueName":"search_term_string"}}],"inLanguage":"fr-FR"},{"@type":"Organization","@id":"https:\/\/escrime-paysdaix.fr\/epaaix\/#organization","name":"Epa - Escrime Pays d Aix","url":"https:\/\/escrime-paysdaix.fr\/epaaix\/","logo":{"@type":"ImageObject","inLanguage":"fr-FR","@id":"https:\/\/escrime-paysdaix.fr\/epaaix\/#\/schema\/logo\/image\/","url":"https:\/\/escrime-paysdaix.fr\/epaaix\/wp-content\/uploads\/2021\/03\/epa_logo.png","contentUrl":"https:\/\/escrime-paysdaix.fr\/epaaix\/wp-content\/uploads\/2021\/03\/epa_logo.png","width":474,"height":596,"caption":"Epa - Escrime Pays d Aix"},"image":{"@id":"https:\/\/escrime-paysdaix.fr\/epaaix\/#\/schema\/logo\/image\/"},"sameAs":["https:\/\/www.facebook.com\/EscrimePaysDAix","https:\/\/x.com\/Epa_Escrime","https:\/\/www.instagram.com\/escrime_aix","https:\/\/www.youtube.com\/channel\/UC0oH02jUultLPvDckstp_UQ"]}]}},"jetpack_sharing_enabled":true,"_links":{"self":[{"href":"https:\/\/escrime-paysdaix.fr\/epaaix\/wp-json\/wp\/v2\/pages\/11162","targetHints":{"allow":["GET"]}}],"collection":[{"href":"https:\/\/escrime-paysdaix.fr\/epaaix\/wp-json\/wp\/v2\/pages"}],"about":[{"href":"https:\/\/escrime-paysdaix.fr\/epaaix\/wp-json\/wp\/v2\/types\/page"}],"author":[{"embeddable":true,"href":"https:\/\/escrime-paysdaix.fr\/epaaix\/wp-json\/wp\/v2\/users\/7"}],"replies":[{"embeddable":true,"href":"https:\/\/escrime-paysdaix.fr\/epaaix\/wp-json\/wp\/v2\/comments?post=11162"}],"version-history":[{"count":1,"href":"https:\/\/escrime-paysdaix.fr\/epaaix\/wp-json\/wp\/v2\/pages\/11162\/revisions"}],"predecessor-version":[{"id":11258,"href":"https:\/\/escrime-paysdaix.fr\/epaaix\/wp-json\/wp\/v2\/pages\/11162\/revisions\/11258"}],"wp:featuredmedia":[{"embeddable":true,"href":"https:\/\/escrime-paysdaix.fr\/epaaix\/wp-json\/wp\/v2\/media\/10149"}],"wp:attachment":[{"href":"https:\/\/escrime-paysdaix.fr\/epaaix\/wp-json\/wp\/v2\/media?parent=11162"}],"curies":[{"name":"wp","href":"https:\/\/api.w.org\/{rel}","templated":true}]}}